{"id":16775,"date":"2024-02-16T12:39:33","date_gmt":"2024-02-16T10:39:33","guid":{"rendered":"https:\/\/shop.bushboats.com\/?post_type=product&#038;p=16775"},"modified":"2025-07-01T16:30:17","modified_gmt":"2025-07-01T13:30:17","slug":"endura-c2-50-w-battery-meter-36","status":"publish","type":"product","link":"https:\/\/shop.bushboats.com\/index.php\/produkts\/endura-c2-50-w-battery-meter-36\/","title":{"rendered":"ENDURA C2 50 W\/ BATTERY METER 36&#8243;"},"content":{"rendered":"<p>Endura ir le\u0123end\u0101rs sava darba veic\u0113js, kas ir izstr\u0101d\u0101ts, izp\u0113t\u012bts, izgatavots, lai kalpotu gadiem ilgi. Tas ir maksim\u0101ls formas un funkcijas apvienojums komplekt\u0101, kas ved j\u016bs uz \u016bdens dienu no dienas, gadu p\u0113c gada &#8211; k\u0101 neviens.<\/p>\n<p>Minn Kota Endura s\u0113rijas elektromotori ir viegli piekaramie motori ar triecieniztur\u012bgu kompoz\u012btmateri\u0101lu k\u0101ju, 5 \u0101trumiem un teleskopisku rokturi.<br \/>\nMotori ir viegli, \u0113rti p\u0101rvad\u0101jami un uzticami. Lai motors ilg\u0101k kalpotu p\u0101rsl\u0113dziet \u0101trumus l\u0113n\u0101m, ar p\u0101ris sekun\u017eu pauzi. Endura ir p\u0101rbaud\u012bti mode\u013ci\u00a0 gadu gait\u0101.<\/p>\n<p>Specifik\u0101cija<\/p>\n<table class=\"table\">\n<tbody>\n<tr>\n<th>VILCES (LBS \/ KG)<\/th>\n<td>50 lbs<\/td>\n<\/tr>\n<tr>\n<th>STIE\u0145A GARUMS (&#8221;)<\/th>\n<td>36<\/td>\n<\/tr>\n<tr>\n<th>UZL\u0100DES INDIKATORS<\/th>\n<td>j\u0101<\/td>\n<\/tr>\n<tr>\n<th>SPRIEGUMS, V (DC)<\/th>\n<td>12<\/td>\n<\/tr>\n<tr>\n<th>MOTORA STIPRIN\u0100JUMS<\/th>\n<td>Uz laivas tran\u010da<\/td>\n<\/tr>\n<\/tbody>\n<\/table>\n","protected":false},"excerpt":{"rendered":"<p>Endura ir le\u0123end\u0101rs sava darba veic\u0113js, kas ir izstr\u0101d\u0101ts, izp\u0113t\u012bts, izgatavots, lai kalpotu gadiem ilgi. Tas ir maksim\u0101ls formas un funkcijas apvienojums komplekt\u0101, kas ved j\u016bs uz \u016bdens dienu no dienas, gadu p\u0113c gada &#8211; k\u0101 neviens. Minn Kota Endura s\u0113rijas elektromotori ir viegli piekaramie motori ar triecieniztur\u012bgu kompoz\u012btmateri\u0101lu k\u0101ju, 5 \u0101trumiem un teleskopisku rokturi. [&hellip;]<\/p>\n","protected":false},"featured_media":16776,"comment_status":"open","ping_status":"closed","template":"","meta":[],"product_brand":[],"product_cat":[707,719,710],"product_tag":[],"class_list":{"0":"post-16775","1":"product","2":"type-product","3":"status-publish","4":"has-post-thumbnail","6":"product_cat-elektromotori","7":"product_cat-endura-c2-2024","8":"product_cat-minn-kota-2024","10":"first","11":"instock","12":"taxable","13":"shipping-taxable","14":"purchasable","15":"product-type-simple"},"jetpack_sharing_enabled":true,"_links":{"self":[{"href":"https:\/\/shop.bushboats.com\/index.php\/wp-json\/wp\/v2\/product\/16775","targetHints":{"allow":["GET"]}}],"collection":[{"href":"https:\/\/shop.bushboats.com\/index.php\/wp-json\/wp\/v2\/product"}],"about":[{"href":"https:\/\/shop.bushboats.com\/index.php\/wp-json\/wp\/v2\/types\/product"}],"replies":[{"embeddable":true,"href":"https:\/\/shop.bushboats.com\/index.php\/wp-json\/wp\/v2\/comments?post=16775"}],"wp:featuredmedia":[{"embeddable":true,"href":"https:\/\/shop.bushboats.com\/index.php\/wp-json\/wp\/v2\/media\/16776"}],"wp:attachment":[{"href":"https:\/\/shop.bushboats.com\/index.php\/wp-json\/wp\/v2\/media?parent=16775"}],"wp:term":[{"taxonomy":"product_brand","embeddable":true,"href":"https:\/\/shop.bushboats.com\/index.php\/wp-json\/wp\/v2\/product_brand?post=16775"},{"taxonomy":"product_cat","embeddable":true,"href":"https:\/\/shop.bushboats.com\/index.php\/wp-json\/wp\/v2\/product_cat?post=16775"},{"taxonomy":"product_tag","embeddable":true,"href":"https:\/\/shop.bushboats.com\/index.php\/wp-json\/wp\/v2\/product_tag?post=16775"}],"curies":[{"name":"wp","href":"https:\/\/api.w.org\/{rel}","templated":true}]}}