{"id":16900,"date":"2024-03-11T14:42:57","date_gmt":"2024-03-11T12:42:57","guid":{"rendered":"https:\/\/shop.bushboats.com\/?post_type=product&#038;p=16900"},"modified":"2026-01-09T19:10:56","modified_gmt":"2026-01-09T17:10:56","slug":"platforma-eholotam-vai-citam-aprikojumam-100100-mm","status":"publish","type":"product","link":"https:\/\/shop.bushboats.com\/index.php\/produkts\/platforma-eholotam-vai-citam-aprikojumam-100100-mm\/","title":{"rendered":"Platforma eholotam vai citam apr\u012bkojumam (100*100 mm)"},"content":{"rendered":"<p>Mot\u0101\u017eas platforma priek\u0161 eholotes vai priek\u0161 navig\u0101cijas iek\u0101rt\u0101m (Humminbird, Garmin, Lowrance un cit\u0101m) k\u0101 ar\u012b priek\u0161 GoPro kamer\u0101m, video re\u0123istratoriem un cit\u0101m elektronik\u0101m. Komplekt\u0113jams ar Af221.<\/p>\n<p>&nbsp;<\/p>\n<p>Platforma eholotam vai citam apr\u012bkojumam (100*100 mm)<\/p>\n","protected":false},"excerpt":{"rendered":"<p>Mot\u0101\u017eas platforma priek\u0161 eholotes vai priek\u0161 navig\u0101cijas iek\u0101rt\u0101m (Humminbird, Garmin, Lowrance un cit\u0101m) k\u0101 ar\u012b priek\u0161 GoPro kamer\u0101m, video re\u0123istratoriem un cit\u0101m elektronik\u0101m. Komplekt\u0113jams ar Af221. &nbsp; Platforma eholotam vai citam apr\u012bkojumam (100*100 mm)<\/p>\n","protected":false},"featured_media":16907,"comment_status":"open","ping_status":"closed","template":"","meta":[],"product_brand":[],"product_cat":[864,76,54,682],"product_tag":[],"class_list":{"0":"post-16900","1":"product","2":"type-product","3":"status-publish","4":"has-post-thumbnail","6":"product_cat-borika-aksesuari-fasten","7":"product_cat-electrical-equipment-lv","8":"product_cat-accessories","9":"product_cat-turetaji-makskerem-eholotiem-sensoriem","11":"first","12":"instock","13":"taxable","14":"shipping-taxable","15":"purchasable","16":"product-type-simple"},"jetpack_sharing_enabled":true,"_links":{"self":[{"href":"https:\/\/shop.bushboats.com\/index.php\/wp-json\/wp\/v2\/product\/16900","targetHints":{"allow":["GET"]}}],"collection":[{"href":"https:\/\/shop.bushboats.com\/index.php\/wp-json\/wp\/v2\/product"}],"about":[{"href":"https:\/\/shop.bushboats.com\/index.php\/wp-json\/wp\/v2\/types\/product"}],"replies":[{"embeddable":true,"href":"https:\/\/shop.bushboats.com\/index.php\/wp-json\/wp\/v2\/comments?post=16900"}],"wp:featuredmedia":[{"embeddable":true,"href":"https:\/\/shop.bushboats.com\/index.php\/wp-json\/wp\/v2\/media\/16907"}],"wp:attachment":[{"href":"https:\/\/shop.bushboats.com\/index.php\/wp-json\/wp\/v2\/media?parent=16900"}],"wp:term":[{"taxonomy":"product_brand","embeddable":true,"href":"https:\/\/shop.bushboats.com\/index.php\/wp-json\/wp\/v2\/product_brand?post=16900"},{"taxonomy":"product_cat","embeddable":true,"href":"https:\/\/shop.bushboats.com\/index.php\/wp-json\/wp\/v2\/product_cat?post=16900"},{"taxonomy":"product_tag","embeddable":true,"href":"https:\/\/shop.bushboats.com\/index.php\/wp-json\/wp\/v2\/product_tag?post=16900"}],"curies":[{"name":"wp","href":"https:\/\/api.w.org\/{rel}","templated":true}]}}