{"id":17054,"date":"2024-03-25T19:51:34","date_gmt":"2024-03-25T17:51:34","guid":{"rendered":"https:\/\/shop.bushboats.com\/?post_type=product&#038;p=17054"},"modified":"2025-07-23T17:03:09","modified_gmt":"2025-07-23T14:03:09","slug":"atras-atbrivosanas-kronsteins-mka-16-minnkota","status":"publish","type":"product","link":"https:\/\/shop.bushboats.com\/index.php\/produkts\/atras-atbrivosanas-kronsteins-mka-16-minnkota\/","title":{"rendered":"\u0100tr\u0101s atbr\u012bvo\u0161anas kron\u0161teins \/ MKA-16 \/ MinnKota"},"content":{"rendered":"<p>\u0100trai un vienk\u0101r\u0161ai elektriski vad\u0101m\u0101, priek\u0161gala stiprin\u0101juma velc\u0113\u0161anas motora no\u0146em\u0161anai. Ekstrud\u0113ta alum\u012bnija konstrukcija ar s\u0101nu skr\u016bvi nodro\u0161ina klusu un dro\u0161u blo\u0137\u0113\u0161anas sist\u0113mu. \u0160is kron\u0161teins ir tie\u0161s MKA-16-02 aizst\u0101j\u0113js.<\/p>\n<ul>\n<li>\u013bauj \u0101tri no\u0146emt velc\u0113\u0161anas motoru no laivas kl\u0101ja un atkal piestiprin\u0101t pie t\u0101<\/li>\n<li>S\u0101nu skr\u016bves konstrukcija piestiprina velc\u0113\u0161anas motoru pie aug\u0161\u0113j\u0101 kron\u0161teina un iesl\u012bd uz kl\u0101ja piestiprin\u0101t\u0101 apak\u0161\u0113j\u0101 kron\u0161teina, kas nostiprin\u0101ta ar savilk\u0161anas skr\u016bvi<\/li>\n<li>Cieta, anod\u0113ta alum\u012bnija konstrukcija<\/li>\n<li>Ietver mont\u0101\u017eas aparat\u016bru<\/li>\n<li>Papildu dro\u0161\u012bbai kron\u0161teinus var nostiprin\u0101t ar piekaramo sl\u0113dzeni (nav iek\u013cauts komplekt\u0101).<\/li>\n<li>Savietojams ar Ulterra, Terrova, PowerDrive, PowerDrive V2, PowerDrive Pontoon un Deckhand 40<\/li>\n<\/ul>\n","protected":false},"excerpt":{"rendered":"<p>\u0100trai un vienk\u0101r\u0161ai elektriski vad\u0101m\u0101, priek\u0161gala stiprin\u0101juma velc\u0113\u0161anas motora no\u0146em\u0161anai. Ekstrud\u0113ta alum\u012bnija konstrukcija ar s\u0101nu skr\u016bvi nodro\u0161ina klusu un dro\u0161u blo\u0137\u0113\u0161anas sist\u0113mu. \u0160is kron\u0161teins ir tie\u0161s MKA-16-02 aizst\u0101j\u0113js. \u013bauj \u0101tri no\u0146emt velc\u0113\u0161anas motoru no laivas kl\u0101ja un atkal piestiprin\u0101t pie t\u0101 S\u0101nu skr\u016bves konstrukcija piestiprina velc\u0113\u0161anas motoru pie aug\u0161\u0113j\u0101 kron\u0161teina un iesl\u012bd uz kl\u0101ja piestiprin\u0101t\u0101 [&hellip;]<\/p>\n","protected":false},"featured_media":17055,"comment_status":"open","ping_status":"closed","template":"","meta":[],"product_brand":[],"product_cat":[707,725],"product_tag":[],"class_list":{"0":"post-17054","1":"product","2":"type-product","3":"status-publish","4":"has-post-thumbnail","6":"product_cat-elektromotori","7":"product_cat-minnkota-piederumi","9":"first","10":"instock","11":"taxable","12":"shipping-taxable","13":"purchasable","14":"product-type-simple"},"jetpack_sharing_enabled":true,"_links":{"self":[{"href":"https:\/\/shop.bushboats.com\/index.php\/wp-json\/wp\/v2\/product\/17054","targetHints":{"allow":["GET"]}}],"collection":[{"href":"https:\/\/shop.bushboats.com\/index.php\/wp-json\/wp\/v2\/product"}],"about":[{"href":"https:\/\/shop.bushboats.com\/index.php\/wp-json\/wp\/v2\/types\/product"}],"replies":[{"embeddable":true,"href":"https:\/\/shop.bushboats.com\/index.php\/wp-json\/wp\/v2\/comments?post=17054"}],"wp:featuredmedia":[{"embeddable":true,"href":"https:\/\/shop.bushboats.com\/index.php\/wp-json\/wp\/v2\/media\/17055"}],"wp:attachment":[{"href":"https:\/\/shop.bushboats.com\/index.php\/wp-json\/wp\/v2\/media?parent=17054"}],"wp:term":[{"taxonomy":"product_brand","embeddable":true,"href":"https:\/\/shop.bushboats.com\/index.php\/wp-json\/wp\/v2\/product_brand?post=17054"},{"taxonomy":"product_cat","embeddable":true,"href":"https:\/\/shop.bushboats.com\/index.php\/wp-json\/wp\/v2\/product_cat?post=17054"},{"taxonomy":"product_tag","embeddable":true,"href":"https:\/\/shop.bushboats.com\/index.php\/wp-json\/wp\/v2\/product_tag?post=17054"}],"curies":[{"name":"wp","href":"https:\/\/api.w.org\/{rel}","templated":true}]}}