{"id":17133,"date":"2024-03-25T20:49:45","date_gmt":"2024-03-25T18:49:45","guid":{"rendered":"https:\/\/shop.bushboats.com\/?post_type=product&#038;p=17133"},"modified":"2025-06-12T09:34:57","modified_gmt":"2025-06-12T06:34:57","slug":"ipilot-pults-minn-kota","status":"publish","type":"product","link":"https:\/\/shop.bushboats.com\/index.php\/produkts\/ipilot-pults-minn-kota\/","title":{"rendered":"IPILOT PULTS MINN KOTA"},"content":{"rendered":"<p>i-Pilot GPS sist\u0113mu var savienot p\u0101r\u012b ar vair\u0101k\u0101m bezvadu t\u0101lvad\u012bbas pult\u012bm. Pievienojiet iestat\u012bjumam papildu t\u0101lvad\u012bbas pultis, lai palielin\u0101tu elast\u012bbu. Kompaktajai un \u016bdensiztur\u012bgajai t\u0101lvad\u012bbas pultij ir liel\u0101ks LCD ekr\u0101ns, ergonomiskas pogas un viegli pieejams akumulatora nodal\u012bjums. Nodro\u0161ina t\u016bl\u012bt\u0113ju atgriezenisko saiti par akt\u012bvaj\u0101m funkcij\u0101m, \u0101trumu, atbalsta iesl\u0113g\u0161anas\/izsl\u0113g\u0161anas statusu, akumulatora jaudu un GPS sign\u0101la stiprumu. Vada autom\u0101tisko novieto\u0161anu\/izvieto\u0161anu un jaudas apgrie\u0161anu ar Ulterra mode\u013ciem.<\/p>\n<p>i-Pilot var apg\u016bt vair\u0101kas t\u0101lvad\u012bbas pultis, lai j\u016bs var\u0113tu izmantot savu standarta i-Pilot un Micro Remote kop\u0101.<\/p>\n<p>Savietojams tikai ar Bluetooth iesp\u0113jot\u0101m i-Pilot sist\u0113m\u0101m. \u0160\u012b t\u0101lvad\u012bbas pults darbosies tikai ar i-Pilot sist\u0113m\u0101m, kas apr\u012bkotas ar Bluetooth. Tas NAV sader\u012bgs ar sist\u0113m\u0101m, kur\u0101m nav Bluetooth ikonas uz velc\u0113\u0161anas motora galvas.<\/p>\n<p>\u016adensdro\u0161s<\/p>\n<p>T\u0101lvad\u012bbas pults darbina tr\u012bs main\u0101mas Alkaline AAA baterijas.<\/p>\n<p>Siksna nav iek\u013cauta komplekt\u0101.<\/p>\n","protected":false},"excerpt":{"rendered":"<p>i-Pilot GPS sist\u0113mu var savienot p\u0101r\u012b ar vair\u0101k\u0101m bezvadu t\u0101lvad\u012bbas pult\u012bm. Pievienojiet iestat\u012bjumam papildu t\u0101lvad\u012bbas pultis, lai palielin\u0101tu elast\u012bbu. Kompaktajai un \u016bdensiztur\u012bgajai t\u0101lvad\u012bbas pultij ir liel\u0101ks LCD ekr\u0101ns, ergonomiskas pogas un viegli pieejams akumulatora nodal\u012bjums. Nodro\u0161ina t\u016bl\u012bt\u0113ju atgriezenisko saiti par akt\u012bvaj\u0101m funkcij\u0101m, \u0101trumu, atbalsta iesl\u0113g\u0161anas\/izsl\u0113g\u0161anas statusu, akumulatora jaudu un GPS sign\u0101la stiprumu. Vada autom\u0101tisko novieto\u0161anu\/izvieto\u0161anu [&hellip;]<\/p>\n","protected":false},"featured_media":17134,"comment_status":"open","ping_status":"closed","template":"","meta":[],"product_brand":[],"product_cat":[707,725],"product_tag":[],"class_list":{"0":"post-17133","1":"product","2":"type-product","3":"status-publish","4":"has-post-thumbnail","6":"product_cat-elektromotori","7":"product_cat-minnkota-piederumi","9":"first","10":"outofstock","11":"taxable","12":"shipping-taxable","13":"purchasable","14":"product-type-simple"},"jetpack_sharing_enabled":true,"_links":{"self":[{"href":"https:\/\/shop.bushboats.com\/index.php\/wp-json\/wp\/v2\/product\/17133","targetHints":{"allow":["GET"]}}],"collection":[{"href":"https:\/\/shop.bushboats.com\/index.php\/wp-json\/wp\/v2\/product"}],"about":[{"href":"https:\/\/shop.bushboats.com\/index.php\/wp-json\/wp\/v2\/types\/product"}],"replies":[{"embeddable":true,"href":"https:\/\/shop.bushboats.com\/index.php\/wp-json\/wp\/v2\/comments?post=17133"}],"wp:featuredmedia":[{"embeddable":true,"href":"https:\/\/shop.bushboats.com\/index.php\/wp-json\/wp\/v2\/media\/17134"}],"wp:attachment":[{"href":"https:\/\/shop.bushboats.com\/index.php\/wp-json\/wp\/v2\/media?parent=17133"}],"wp:term":[{"taxonomy":"product_brand","embeddable":true,"href":"https:\/\/shop.bushboats.com\/index.php\/wp-json\/wp\/v2\/product_brand?post=17133"},{"taxonomy":"product_cat","embeddable":true,"href":"https:\/\/shop.bushboats.com\/index.php\/wp-json\/wp\/v2\/product_cat?post=17133"},{"taxonomy":"product_tag","embeddable":true,"href":"https:\/\/shop.bushboats.com\/index.php\/wp-json\/wp\/v2\/product_tag?post=17133"}],"curies":[{"name":"wp","href":"https:\/\/api.w.org\/{rel}","templated":true}]}}