{"id":17142,"date":"2024-03-25T20:53:51","date_gmt":"2024-03-25T18:53:51","guid":{"rendered":"https:\/\/shop.bushboats.com\/?post_type=product&#038;p=17142"},"modified":"2024-03-25T20:53:52","modified_gmt":"2024-03-25T18:53:52","slug":"pults-i-pilot-minn-kota","status":"publish","type":"product","link":"https:\/\/shop.bushboats.com\/index.php\/produkts\/pults-i-pilot-minn-kota\/","title":{"rendered":"PULTS I-PILOT MINN KOTA"},"content":{"rendered":"<p>i-Pilot un i-Pilot Link nodro\u0161ina piln\u012bgu velc\u0113\u0161anas motora vad\u012bbu. Bet, ja v\u0113laties vienk\u0101r\u0161otu, kompaktu vad\u012bbu, pa\u0146emiet jauno \u016bdensiztur\u012bgo Bluetooth Micro Remote piederumu, lai \u0101tri p\u0101rvald\u012btu Spot-Lock, \u0101trumu, st\u016br\u0113\u0161anu un uzlaboto autopilota funkciju. i-Pilot un i-Pilot Link sist\u0113mas var apg\u016bt vair\u0101kas t\u0101lvad\u012bbas pultis, lai palielin\u0101tu elast\u012bbu.<\/p>\n<p>i-Pilot un i-Pilot Link var apg\u016bt vair\u0101kas t\u0101lvad\u012bbas pultis, lai j\u016bs var\u0113tu izmantot savu standarta i-Pilot vai i-Pilot Link t\u0101lvad\u012bbas pulti un Micro Remote kop\u0101.<\/p>\n<p>Savietojams tikai ar Bluetooth iesp\u0113jot\u0101m i-Pilot un i-Pilot Link sist\u0113m\u0101m.<\/p>\n<p>\u016adensdro\u0161s<\/p>\n<p>T\u0101lvad\u012bbas pults tiek darbin\u0101ta ar vienu main\u0101mu CR2450 mon\u0113tu elementu litija bateriju.<\/p>\n<p>Ietver kakla siksnu.<\/p>\n","protected":false},"excerpt":{"rendered":"<p>i-Pilot un i-Pilot Link nodro\u0161ina piln\u012bgu velc\u0113\u0161anas motora vad\u012bbu. Bet, ja v\u0113laties vienk\u0101r\u0161otu, kompaktu vad\u012bbu, pa\u0146emiet jauno \u016bdensiztur\u012bgo Bluetooth Micro Remote piederumu, lai \u0101tri p\u0101rvald\u012btu Spot-Lock, \u0101trumu, st\u016br\u0113\u0161anu un uzlaboto autopilota funkciju. i-Pilot un i-Pilot Link sist\u0113mas var apg\u016bt vair\u0101kas t\u0101lvad\u012bbas pultis, lai palielin\u0101tu elast\u012bbu. i-Pilot un i-Pilot Link var apg\u016bt vair\u0101kas t\u0101lvad\u012bbas pultis, lai [&hellip;]<\/p>\n","protected":false},"featured_media":17143,"comment_status":"open","ping_status":"closed","template":"","meta":[],"product_brand":[],"product_cat":[707,725],"product_tag":[],"class_list":{"0":"post-17142","1":"product","2":"type-product","3":"status-publish","4":"has-post-thumbnail","6":"product_cat-elektromotori","7":"product_cat-minnkota-piederumi","9":"first","10":"instock","11":"taxable","12":"shipping-taxable","13":"purchasable","14":"product-type-simple"},"jetpack_sharing_enabled":true,"_links":{"self":[{"href":"https:\/\/shop.bushboats.com\/index.php\/wp-json\/wp\/v2\/product\/17142","targetHints":{"allow":["GET"]}}],"collection":[{"href":"https:\/\/shop.bushboats.com\/index.php\/wp-json\/wp\/v2\/product"}],"about":[{"href":"https:\/\/shop.bushboats.com\/index.php\/wp-json\/wp\/v2\/types\/product"}],"replies":[{"embeddable":true,"href":"https:\/\/shop.bushboats.com\/index.php\/wp-json\/wp\/v2\/comments?post=17142"}],"wp:featuredmedia":[{"embeddable":true,"href":"https:\/\/shop.bushboats.com\/index.php\/wp-json\/wp\/v2\/media\/17143"}],"wp:attachment":[{"href":"https:\/\/shop.bushboats.com\/index.php\/wp-json\/wp\/v2\/media?parent=17142"}],"wp:term":[{"taxonomy":"product_brand","embeddable":true,"href":"https:\/\/shop.bushboats.com\/index.php\/wp-json\/wp\/v2\/product_brand?post=17142"},{"taxonomy":"product_cat","embeddable":true,"href":"https:\/\/shop.bushboats.com\/index.php\/wp-json\/wp\/v2\/product_cat?post=17142"},{"taxonomy":"product_tag","embeddable":true,"href":"https:\/\/shop.bushboats.com\/index.php\/wp-json\/wp\/v2\/product_tag?post=17142"}],"curies":[{"name":"wp","href":"https:\/\/api.w.org\/{rel}","templated":true}]}}