{"id":17222,"date":"2024-03-25T22:13:33","date_gmt":"2024-03-25T20:13:33","guid":{"rendered":"https:\/\/shop.bushboats.com\/?post_type=product&#038;p=17222"},"modified":"2024-03-25T23:07:33","modified_gmt":"2024-03-25T21:07:33","slug":"elektromotors-minn-kota-terrova-90-115lb-60-msi","status":"publish","type":"product","link":"https:\/\/shop.bushboats.com\/index.php\/produkts\/elektromotors-minn-kota-terrova-90-115lb-60-msi\/","title":{"rendered":"Elektromotors Minn Kota Terrova 90\/115lb 60&#8243; MSI"},"content":{"rendered":"<p>Elektromotors Minn Kota Terrova 90\/115lb 60&#8243; MSI &#8211; 2024. gada jaunums no Minn Kota! \u0160is darba zirgs ir viens no uzticam\u0101kajiem un sp\u0113j\u012bg\u0101kajiem motoriem uz \u016bdens. Jaun\u0101s QUEST s\u0113rijas motors!<\/p>\n<p>Tagad visiem zin\u0101mais, jaud\u012bgais sald\u016bdens elektromotors Terrova ar ieb\u016bv\u0113tu GPS k\u013cuvis v\u0113l lab\u0101ks! 24V\/36V, 90\/115lb, 60&#8243; (152 cm) gara, trieciendro\u0161a k\u0101ja, komplekt\u0101cij\u0101 iek\u013cauta bezvadu pults k\u0101 ar\u012b ped\u0101lis motora vad\u012b\u0161anai ar k\u0101ju. \u0160o motoru ieteicams izmantot l\u012bdz 5 m gar\u0101m laiv\u0101m.<\/p>\n<p>Deta\u013cas:<\/p>\n<p>Konkr\u0113tajam modelim ieb\u016bv\u0113ts MSI &#8211; MEGA Side Imaging s\u0101nskatu dev\u0113js &#8211; l\u012bdz ar to nav nepiecie\u0161ams atsevi\u0161\u0137s dev\u0113js, jo motoru var savienot pa taisno ar sader\u012bgo Humminbird eholoti.<\/p>\n<p>\u0160o motoru iesp\u0113jams savienot ar j\u016bsu sader\u012bgo Humminbird eholoti un izmantot da\u017e\u0101das vad\u012bbas funkcijas ar\u012b pa taisno no eholotes! Kontrol\u0113jiet no eholotes gan motora virz\u012bbu, gan \u0101trumu, gan ar\u012b Spot-Lock funkciju!<\/p>\n<p>Jaunaj\u0101 QUEST motoru s\u0113rij\u0101 ietilpst Ultrex, Terrova, Ulterra un RT Instinct motori, kas izg\u0101ju\u0161i piln\u012bgu p\u0101rdizain\u0113\u0161anu. Liel\u0101ki un sp\u0113c\u012bg\u0101ki stiprin\u0101jumi, oglek\u013ca \u0161\u0137iedras k\u0101jas, jauni propelleri, atjaunin\u0101ta, uzlabota GPS sist\u0113ma, jauna akumulatora uzraudz\u012bbas sist\u0113ma &#8211; p\u0101ris no galvenaj\u0101m QUEST s\u0113rijas iez\u012bm\u0113m, kas padara QUEST s\u0113rijas motorus par sp\u0113c\u012bg\u0101kajiem, iztur\u012bg\u0101kajiem un advanc\u0113t\u0101kajiem motoriem tirg\u016b l\u012bdz \u0161im.<\/p>\n<p>Jaunie motori ir funkcij\u0101m bag\u0101ti. Advanc\u0113ta GPS sist\u0113ma \u013caus pozicion\u0113t un vad\u012bt laivu lab\u0101k k\u0101 jebkad iepriek\u0161. Spot-Lock ar Jog funkciju sniedz iesp\u0113ju nost\u0101ties tie\u0161i jebkur\u0101 v\u0113lamaj\u0101 viet\u0101. Izmantojot iek\u013cauto virziena sensoru var izmantot Jog, lai p\u0101rvietotos piecas p\u0113das jebkur\u0101 virzien\u0101. Spot-Lock var aktiviz\u0113t no bezvadu t\u0101lvad\u012bbas pults vai sader\u012bg\u0101s Humminbird eholotes. AutoPilot \u013cauj autom\u0101tiski virz\u012bt laivu jebkur\u0101 virzien\u0101, iestatot motora galvu, kur v\u0113laties p\u0101rvietoties. Motors pats notur\u0113s laivu \u0161aj\u0101 virzien\u0101, \u0146emot v\u0113r\u0101 ar\u012b v\u0113ju, vi\u013c\u0146us un straumi. Digital Maximizer nodro\u0161ina l\u012bdz 5 reiz\u0113m ilg\u0101ku darb\u012bbas laiku ar vienu akumulatora uzl\u0101di. Jaun\u0101 MKP-40 dzenskr\u016bve uzlabotai motora darb\u012bbai.<\/p>\n<p>S\u012bk\u0101ku inform\u0101ciju par \u0161o motoru, t\u0101 uzst\u0101d\u012b\u0161anu un lieto\u0161anas \u012bpatn\u012bb\u0101m var uzzin\u0101t kontakt\u0113joties ar eholotes.eu person\u0101lu, mums ir pieredze darb\u0101 ar Minn Kota motoriem un visas nepiecie\u0161am\u0101s papildus lietas \u0161\u012b motora uzst\u0101d\u012b\u0161anai ir pieejamas veikal\u0101 uz vietas. Pied\u0101v\u0101jam komplekt\u0113t \u0161o motoru ar visiem nepiecie\u0161amiem aksesu\u0101riem &#8211; mont\u0101\u017eas plati, dro\u0161in\u0101t\u0101jiem, rozet\u0113m, l\u0101d\u0113t\u0101ju\/iem, akumulatoriem un cit\u0101m modern\u0101m laivu sast\u0101vda\u013c\u0101m.<\/p>\n<p>Konkr\u0113tajam modelim ir 60&#8243; (152 cm) gara k\u0101ja un 24V\/36V baro\u0161anas sist\u0113ma. L\u016bdzam parliecin\u0101ties par motora atbilst\u012bbu pirms pas\u016bt\u0101t \u0161o motoru.<\/p>\n<p>Par Minn Kota QUEST s\u0113rijas motoriem:<\/p>\n","protected":false},"excerpt":{"rendered":"<h3 class=\"tabs__title fw-500\">PRODUKTU ATRIB\u016aTI<\/h3>\n<table class=\"tabs__table\">\n<tbody>\n<tr>\n<td>Kr\u0101sa<\/td>\n<td class=\"text-dark fw-500\">Melna<\/td>\n<\/tr>\n<tr>\n<td>Ra\u017eot\u0101js<\/td>\n<td class=\"text-dark fw-500\">Minn Kota<\/td>\n<\/tr>\n<tr>\n<td>Dev\u0113js<\/td>\n<td class=\"text-dark fw-500\">Ieb\u016bv\u0113ts MEGA Side Imaging<\/td>\n<\/tr>\n<tr>\n<td>GPS funkcija<\/td>\n<td class=\"text-dark fw-500\">Ar GPS, Ar kompasu<\/td>\n<\/tr>\n<tr>\n<td>K\u0101jas garums<\/td>\n<td class=\"text-dark fw-500\">60&#8243; un gar\u0101ka<\/td>\n<\/tr>\n<tr>\n<td>\u016adens tips<\/td>\n<td class=\"text-dark fw-500\">Sald\u016bdens<\/td>\n<\/tr>\n<tr>\n<td>Savienojums ar eholoti<\/td>\n<td class=\"text-dark fw-500\">Ar Humminbird<\/td>\n<\/tr>\n<tr>\n<td>Volt\u0101\u017ea<\/td>\n<td class=\"text-dark fw-500\">24 V, 36 V<\/td>\n<\/tr>\n<tr>\n<td>Griezes moments\/jauda LB<\/td>\n<td class=\"text-dark fw-500\">90 Lb, 115 Lb<\/td>\n<\/tr>\n<tr>\n<td>S\u0113rija<\/td>\n<td class=\"text-dark fw-500\">QUEST<\/td>\n<\/tr>\n<tr>\n<td>Sader\u012bba ar viedt\u0101lruni<\/td>\n<td class=\"text-dark fw-500\">iPhone\u00ae, Android\u2122<\/td>\n<\/tr>\n<\/tbody>\n<\/table>\n","protected":false},"featured_media":17223,"comment_status":"open","ping_status":"closed","template":"","meta":[],"product_brand":[],"product_cat":[707,740],"product_tag":[],"class_list":{"0":"post-17222","1":"product","2":"type-product","3":"status-publish","4":"has-post-thumbnail","6":"product_cat-elektromotori","7":"product_cat-terrova-quest","9":"first","10":"instock","11":"taxable","12":"shipping-taxable","13":"purchasable","14":"product-type-simple"},"jetpack_sharing_enabled":true,"_links":{"self":[{"href":"https:\/\/shop.bushboats.com\/index.php\/wp-json\/wp\/v2\/product\/17222","targetHints":{"allow":["GET"]}}],"collection":[{"href":"https:\/\/shop.bushboats.com\/index.php\/wp-json\/wp\/v2\/product"}],"about":[{"href":"https:\/\/shop.bushboats.com\/index.php\/wp-json\/wp\/v2\/types\/product"}],"replies":[{"embeddable":true,"href":"https:\/\/shop.bushboats.com\/index.php\/wp-json\/wp\/v2\/comments?post=17222"}],"wp:featuredmedia":[{"embeddable":true,"href":"https:\/\/shop.bushboats.com\/index.php\/wp-json\/wp\/v2\/media\/17223"}],"wp:attachment":[{"href":"https:\/\/shop.bushboats.com\/index.php\/wp-json\/wp\/v2\/media?parent=17222"}],"wp:term":[{"taxonomy":"product_brand","embeddable":true,"href":"https:\/\/shop.bushboats.com\/index.php\/wp-json\/wp\/v2\/product_brand?post=17222"},{"taxonomy":"product_cat","embeddable":true,"href":"https:\/\/shop.bushboats.com\/index.php\/wp-json\/wp\/v2\/product_cat?post=17222"},{"taxonomy":"product_tag","embeddable":true,"href":"https:\/\/shop.bushboats.com\/index.php\/wp-json\/wp\/v2\/product_tag?post=17222"}],"curies":[{"name":"wp","href":"https:\/\/api.w.org\/{rel}","templated":true}]}}