{"id":17388,"date":"2024-03-25T23:42:23","date_gmt":"2024-03-25T21:42:23","guid":{"rendered":"https:\/\/shop.bushboats.com\/?post_type=product&#038;p=17388"},"modified":"2024-03-25T23:42:24","modified_gmt":"2024-03-25T21:42:24","slug":"minn-kota-ulterra-90-115-msi-wr-quest-24v-36v-72","status":"publish","type":"product","link":"https:\/\/shop.bushboats.com\/index.php\/produkts\/minn-kota-ulterra-90-115-msi-wr-quest-24v-36v-72\/","title":{"rendered":"MINN KOTA ULTERRA 90\/115\/MSI\/WR QUEST 24V\/36V 72&#8243;"},"content":{"rendered":"<p><strong><em>P\u0101rskats<\/em><\/strong><\/p>\n<p>Ulterra Auto Stow\/Deploy un Power Trim sist\u0113mas jau gadiem pal\u012bdz mak\u0161\u0137erniekiem izbaud\u012bt laiku uz \u016bdens. Tagad \u0161is \u0113rti lietojamais dzin\u0113js ir piln\u012bb\u0101 p\u0101rdom\u0101ts, lai iztur\u0113tu v\u0113l liel\u0101kas slodzes. Jaun\u0101s QUEST s\u0113rijas, divu spriegumu 24\/36V\u00a0bezsuku trollinga motori tika izstr\u0101d\u0101ti mak\u0161\u0137erniekiem, kuri no sava apr\u012bkojuma prasa vislab\u0101ko \u2013 pat vissmag\u0101kajos apst\u0101k\u013cos. Ulterra var pacelt, nolaist un trimm\u0113t, izmantojot t\u0101lvad\u012bbas pulti vai k\u0101jas ped\u0101li, nepieskaroties motoram. Ar programm\u0113jamu k\u0101jas ped\u0101li, moderniz\u0113tu motoru un stiprin\u0101jumu, uzlabot\u0101m GPS funkcij\u0101m un ekonomisku re\u017e\u012bmu, lai pagarin\u0101tu akumulatora darb\u012bbas laiku, Ulterra Quest ir lab\u0101k\u0101 izv\u0113le. Viss, kas jums j\u0101dara, ir izv\u0113l\u0113ties, k\u0101 konfigur\u0113t sav\u0101 dzin\u0113j\u0101 Humminbird Dual Spectrum CHIRP vai MEGA Side Imaging lab\u0101kai att\u0113lveido\u0161anai.<\/p>\n<p><em><strong>Funkcijkas<\/strong><\/em><\/p>\n<ul>\n<li>QUEST s\u0113rija: \u0161ie 24\/36 divu spriegumu bezsuku motori ir piln\u012bb\u0101 p\u0101rveidoti no pa\u0161iem pamatiem, uzlabojot stiprin\u0101jumus, dzenskr\u016bves, papildu pacel\u0161anas\/nolaisanas sist\u0113mas, piedzi\u0146as motorus un programmat\u016bru, izmantojot pasaul\u0113 lab\u0101kos velc\u0113\u0161anas motorus un p\u0101rveidojot tos, lai Minn Kota p\u0101rsp\u0113tu visus citus uz \u012blgiem gadiem.<\/li>\n<li>Autom\u0101tiska pacel\u0161ana un nolai\u0161ana: paceliet savu Ulterra uz bortu vai nolaidiet to \u016bden\u012b, vienk\u0101r\u0161i nospie\u017eot pogu uz bezvadu t\u0101lvad\u012bbas pults, k\u0101jas ped\u0101\u013ca, One-Boat Network lietotnes vai Humminbird eholot\u0113.<\/li>\n<li>Power Trim: p\u0101rvietojiet Ulterra uz aug\u0161u vai uz leju, nospie\u017eot vienu pogu\u00a0\u2014 ar k\u0101jas ped\u0101li, bezvadu t\u0101lvad\u012bbas pulti, One-Boat Network lietotni vai Humminbird eholotes pal\u012bdz\u012bbu. Piel\u0101gojieties main\u012bgajiem mak\u0161\u0137er\u0113\u0161anas apst\u0101k\u013ciem, nepieskaroties velc\u0113\u0161anas motoram.<\/li>\n<li>Uzlabot\u0101 GPS velc\u0113\u0161anas sist\u0113ma: Visuzticam\u0101k\u0101 mak\u0161\u0137er\u0113\u0161anas navig\u0101cijas sist\u0113ma. Ulterra izmanto GPS, lai kontrol\u0113tu j\u016bsu velc\u0113\u0161anas motoru, un tai ir nep\u0101rsp\u0113jamas funkcijas, kas pal\u012bdz no\u0137ert zivis. Iestatiet Spot-Locks, ierakstiet trajektorijas, kontrol\u0113jiet \u0101trumu, st\u016br\u0113\u0161anu un daudz ko citu. Minn Kota nodro\u0161ina autom\u0101tisku laivas pozicion\u0113\u0161anu un st\u016br\u0113\u0161anu, un j\u016bs varat redzet komandas no Ulterra bezvadu t\u0101lvad\u012bbas pults viegli nolas\u0101m\u0101 LCD ekr\u0101na.<\/li>\n<li>Spot-Lock ar Jog: Spot-Lock notur j\u016bs viet\u0101 ar nepieredz\u0113tu GPS precizit\u0101ti. Spot-Lock sniedz jums iesp\u0113ju palikt tie\u0161i virs jebkuras produkt\u012bvas mak\u0161\u0137er\u0113\u0161anas vietas, nepieskaroties velc\u0113\u0161anas motoram. Izmantojot komplekt\u0101 iek\u013cauto virziena sensoru, varat izmantot Jog, lai p\u0101rvietotu Spot-Lock atra\u0161an\u0101s vietu piecas p\u0113das jebkur\u0101 virzien\u0101.<\/li>\n<li>Drifta re\u017e\u012bms nodro\u0161ina tie\u0161u navig\u0101ciju, lai sniegt izcilu laivas vad\u012bbu jebkur\u0101 virzien\u0101 un jebkur\u0101 \u0101trum\u0101, bez nepiecie\u0161am\u012bbas izmantot peldo\u0161o enkuru, pal\u012bgmotoru vai rokas vad\u012bbu \u00a0\u2014 pat vissp\u0113c\u012bg\u0101kaj\u0101 v\u0113j\u0101 un straum\u0113.<\/li>\n<li>Ieb\u016bv\u0113ta MEGA Side Imaging: ar sensoru, kas ieb\u016bv\u0113ts tie\u0161i dzin\u0113j\u0101, j\u016bs ieg\u016bstat krist\u0101ldzidru Humminbird\u00ae MEGA s\u0101nu att\u0113lveido\u0161anu un t\u012bru, aizsarg\u0101tu izskatu.<\/li>\n<li>Programm\u0113jams elektriskais vadu ped\u0101lis: novietojiet un piel\u0101gojiet Ulterra ped\u0101li nospie\u017eot k\u0101jas sl\u0113dzes, k\u0101 ar\u012b lietot\u0101ja programm\u0113jamu pogu, lai rokas stiepiena att\u0101lum\u0101 b\u016btu visbie\u017e\u0101k izmantot\u0101s funkcijas, tostarp mar\u0161ruta punkta atz\u012bm\u0113\u0161ana, autopilota iesl\u0113g\u0161ana vai pacelt un nolaist Minn Kota motoru sekl\u0101 \u016bden\u012b. Iek\u013cauts 18 p\u0113du gar\u0161 kabelis.<\/li>\n<li>Digital Maximizer\u2122: nodro\u0161ina l\u012bdz pat 5x ilg\u0101ku akumulatora darb\u012bbas laiku ar vienu uzl\u0101di. \u0160ie main\u012bga \u0101truma velc\u0113\u0161anas motori \u013cauj iestat\u012bt prec\u012bzus \u0101trumus un nodro\u0161in\u0101t tie\u0161i tik nepiecie\u0161amo jaudu, pal\u012bdzot saglab\u0101t akumulatoru visai mak\u0161\u0137er\u0113\u0161anas dienai.<\/li>\n<li>Neizn\u012bcin\u0101ma kompoz\u012btmateri\u0101la v\u0101rpsta &#8211; garant\u0113ta m\u016b\u017ea garum\u0101. J\u016bsu Minn Kota velc\u0113\u0161anas motora pamat\u0101 ir iztur\u012bga kompoz\u012btmateri\u0101la v\u0101rpsta. \u0160is ir Minn Kota ekskluz\u012bvs, un m\u0113s to garant\u0113jam uz m\u016b\u017eu.<\/li>\n<li>Mobilo lietot\u0146u sader\u012bba: vadiet Ulterra\u00a0tie\u0161i no savas Apple\u00ae vai Android\u2122 ier\u012bces, izmantojot lietotni One-Boat Network. J\u016bs sa\u0146emat \u0101tru \u0101truma, st\u016bre\u0161anas fiks\u0101cijas un autopilota kontroli, k\u0101 ar\u012b iesp\u0113ju atjaunin\u0101t programmat\u016bru.<\/li>\n<li>Komplekt\u0101 ietilpst: Ulterra 90\/115 lbs,\u00a060&#8243; velc\u0113\u0161anas motors ar ieb\u016bv\u0113tu MEGA Side Imaging\u00a0son\u0101ru, bezvadu t\u0101lvad\u012bbas pults, vadu p\u0113das ped\u0101lis, MKP-40 dzenskr\u016bve, 30&#8242; Ethernet kabelis, Humminbird HELIX kabe\u013ci Ethernet un ieb\u016bv\u0113tais son\u0101rs, k\u0101 ar\u012b uzst\u0101d\u012b\u0161anas apr\u012bkojums.<\/li>\n<\/ul>\n","protected":false},"excerpt":{"rendered":"<p>P\u0101rskats Ulterra Auto Stow\/Deploy un Power Trim sist\u0113mas jau gadiem pal\u012bdz mak\u0161\u0137erniekiem izbaud\u012bt laiku uz \u016bdens. Tagad \u0161is \u0113rti lietojamais dzin\u0113js ir piln\u012bb\u0101 p\u0101rdom\u0101ts, lai iztur\u0113tu v\u0113l liel\u0101kas slodzes. Jaun\u0101s QUEST s\u0113rijas, divu spriegumu 24\/36V\u00a0bezsuku trollinga motori tika izstr\u0101d\u0101ti mak\u0161\u0137erniekiem, kuri no sava apr\u012bkojuma prasa vislab\u0101ko \u2013 pat vissmag\u0101kajos apst\u0101k\u013cos. Ulterra var pacelt, nolaist un [&hellip;]<\/p>\n","protected":false},"featured_media":17398,"comment_status":"open","ping_status":"closed","template":"","meta":[],"product_brand":[],"product_cat":[707,743],"product_tag":[],"class_list":{"0":"post-17388","1":"product","2":"type-product","3":"status-publish","4":"has-post-thumbnail","6":"product_cat-elektromotori","7":"product_cat-ulterra-quest","9":"first","10":"outofstock","11":"taxable","12":"shipping-taxable","13":"purchasable","14":"product-type-simple"},"jetpack_sharing_enabled":true,"_links":{"self":[{"href":"https:\/\/shop.bushboats.com\/index.php\/wp-json\/wp\/v2\/product\/17388","targetHints":{"allow":["GET"]}}],"collection":[{"href":"https:\/\/shop.bushboats.com\/index.php\/wp-json\/wp\/v2\/product"}],"about":[{"href":"https:\/\/shop.bushboats.com\/index.php\/wp-json\/wp\/v2\/types\/product"}],"replies":[{"embeddable":true,"href":"https:\/\/shop.bushboats.com\/index.php\/wp-json\/wp\/v2\/comments?post=17388"}],"wp:featuredmedia":[{"embeddable":true,"href":"https:\/\/shop.bushboats.com\/index.php\/wp-json\/wp\/v2\/media\/17398"}],"wp:attachment":[{"href":"https:\/\/shop.bushboats.com\/index.php\/wp-json\/wp\/v2\/media?parent=17388"}],"wp:term":[{"taxonomy":"product_brand","embeddable":true,"href":"https:\/\/shop.bushboats.com\/index.php\/wp-json\/wp\/v2\/product_brand?post=17388"},{"taxonomy":"product_cat","embeddable":true,"href":"https:\/\/shop.bushboats.com\/index.php\/wp-json\/wp\/v2\/product_cat?post=17388"},{"taxonomy":"product_tag","embeddable":true,"href":"https:\/\/shop.bushboats.com\/index.php\/wp-json\/wp\/v2\/product_tag?post=17388"}],"curies":[{"name":"wp","href":"https:\/\/api.w.org\/{rel}","templated":true}]}}