{"id":17416,"date":"2024-03-25T23:54:27","date_gmt":"2024-03-25T21:54:27","guid":{"rendered":"https:\/\/shop.bushboats.com\/?post_type=product&#038;p=17416"},"modified":"2024-03-25T23:54:28","modified_gmt":"2024-03-25T21:54:28","slug":"minn-kota-rt_powerdrive-70-lbs-mr-54-24v","status":"publish","type":"product","link":"https:\/\/shop.bushboats.com\/index.php\/produkts\/minn-kota-rt_powerdrive-70-lbs-mr-54-24v\/","title":{"rendered":"MINN KOTA RT_POWERDRIVE 70 LBS MR 54&#8243; 24V"},"content":{"rendered":"<p><strong><em>P\u0101rskats<\/em><\/strong><\/p>\n<p>Riptide PowerDrive serija jau gadiem ilgi ir pa\u013c\u0101vu\u0161ies s\u0101ls\u016bdens mak\u0161\u0137ernieki, kuri v\u0113las uzticamu veiktsp\u0113ju ar inteli\u0123ent\u0101m laivas vad\u012bbas funkcij\u0101m. Un ar iztur\u012bgu, gludu piegulumu un uzticamu jaunin\u0101jumu arsen\u0101lu nav gr\u016bti saprast, k\u0101p\u0113c. Neviens nep\u0101rsp\u0113s Riptide. Izv\u0113lieties vienk\u0101r\u0161u un intuit\u012bvu mikro t\u0101lvad\u012bbas pulti vai \u012bpa\u0161i nolas\u0101mo LCD ekr\u0101nu m\u016bsu pilnv\u0113rt\u012bgajai uzlabotajai t\u0101lvad\u012bbas pultij ar GPS navig\u0101ciju un dodieties \u016bden\u012b ar p\u0101rliec\u012bbu, k\u0101da ir tikai produktiem ar Minn Kota pre\u010du z\u012bmi.<\/p>\n<p><em><strong>Funkcijas<\/strong><\/em><\/p>\n<ul>\n<li>Riptide PowerDrive &#8211; motors s\u0101ls \u016bdenim<\/li>\n<li>Izv\u0113r\u0161anas pal\u012bgsvira: viegli nolai\u017e un pace\u013c motoru no \u016bdens. Vienk\u0101r\u0161i nospiediet sviru, lai nolaist velc\u0113\u0161anas motoru, un, kad ir pien\u0101cis laiks p\u0101rvietoties ar galveno dzin\u0113ju, tas viegli un dro\u0161i var nofiks\u0113t brauk\u0161anas poz\u012bcij\u0101.<\/li>\n<li>Uzlabot\u0101 GPS velc\u0113\u0161anas sist\u0113ma: Visuzticam\u0101k\u0101 mak\u0161\u0137er\u0113\u0161anas navig\u0101cijas sist\u0113ma. Powerdrive izmanto GPS, lai kontrol\u0113tu velc\u0113\u0161anas motoru, un tam ir nep\u0101rsp\u0113jamas funkcijas, kas pal\u012bdz no\u0137ert zivis. Atz\u012bm\u0113jiet punktus Spot-Locks, kontrol\u0113jiet \u0101trumu, st\u016br\u0113\u0161anu un daudz ko citu. Minn Kota nodro\u0161ina autom\u0101tisku laivas pozicion\u0113\u0161anu un st\u016br\u0113\u0161anu, un j\u016bs to varat vad\u012bt no vienk\u0101r\u0161as un intuit\u012bvas Powerdrive mikro t\u0101lvad\u012bbas pults.<\/li>\n<li>Akumulatora uzl\u0101des m\u0113r\u012bt\u0101js, nospie\u017eot vienu pogu: nospiediet pogu, lai ieg\u016btu t\u016bl\u012bt\u0113ju uzl\u0101des l\u012bme\u0146a r\u0101d\u012bjumu.<\/li>\n<li>Uzlabota aizsardz\u012bba pret koroziju: Riptide\u00ae apak\u0161\u0113jie dzin\u0113ja korpusi tiek apstr\u0101d\u0101ti ar smil\u0161u str\u016bklu un p\u0113c tam p\u0101rkl\u0101ti ar alum\u012bniju, lai nov\u0113rstu oksid\u0113\u0161anos un r\u016bsu. P\u0113c tam p\u0113d\u0113jais pulverkr\u0101sas sl\u0101nis nodro\u0161ina maksim\u0101lu aizsardz\u012bbu.<\/li>\n<li>Digital Maximizer\u2122: nodro\u0161ina l\u012bdz pat 5x ilg\u0101ku akumulatora darb\u012bbas laiku ar vienu uzl\u0101di. \u0160ie main\u012bga \u0101truma velc\u0113\u0161anas motori \u013cauj iestat\u012bt prec\u012bzus \u0101trumus un nodro\u0161in\u0101t tie\u0161i tik nepiecie\u0161amo jaudu, pal\u012bdzot saglab\u0101t akumulatoru visai mak\u0161\u0137er\u0113\u0161anas dienai.<\/li>\n<li>Str\u0101vas dzenskr\u016bve: nodro\u0161ina papildu jaudu jebkuram mak\u0161\u0137er\u0113\u0161anas scen\u0101rijam un lieliski darbojas atkl\u0101t\u0101 \u016bden\u012b.<\/li>\n<li>Neizn\u012bcin\u0101ma kompoz\u012btmateri\u0101la v\u0101rpsta &#8211; garant\u0113ta m\u016b\u017ea garum\u0101. J\u016bsu Minn Kota velc\u0113\u0161anas motora pamat\u0101 ir iztur\u012bga kompoz\u012btmateri\u0101la v\u0101rpsta. \u0160is ir ekskluz\u012bvs Minn Kota, un m\u0113s nodro\u0161in\u0101m m\u016b\u017ea garantiju.<\/li>\n<li>V\u0113sa un klusa jauda: Minn Kota nolai\u017eam\u0101s ier\u012bces aparat\u016bra darbojas optim\u0101l\u0101 l\u012bmen\u012b, pagarinot velc\u0113\u0161anas motora kalpo\u0161anas laiku un saglab\u0101 klusumu.<\/li>\n<li>Komplekt\u0101 ietilpst: vienas laivas Riptide PowerDrive\u00a070\u00a0lbs 54&#8243; 24 V motors paredz\u0113ts One-Boat Network t\u012bkla , mikro t\u0101lvad\u012bbas pults, piesl\u0113g\u0161anas vadu komplekts, MKP-37 dzenskr\u016bve un mont\u0101\u017eas apr\u012bkojums.<\/li>\n<\/ul>\n","protected":false},"excerpt":{"rendered":"<p>P\u0101rskats Riptide PowerDrive serija jau gadiem ilgi ir pa\u013c\u0101vu\u0161ies s\u0101ls\u016bdens mak\u0161\u0137ernieki, kuri v\u0113las uzticamu veiktsp\u0113ju ar inteli\u0123ent\u0101m laivas vad\u012bbas funkcij\u0101m. Un ar iztur\u012bgu, gludu piegulumu un uzticamu jaunin\u0101jumu arsen\u0101lu nav gr\u016bti saprast, k\u0101p\u0113c. Neviens nep\u0101rsp\u0113s Riptide. Izv\u0113lieties vienk\u0101r\u0161u un intuit\u012bvu mikro t\u0101lvad\u012bbas pulti vai \u012bpa\u0161i nolas\u0101mo LCD ekr\u0101nu m\u016bsu pilnv\u0113rt\u012bgajai uzlabotajai t\u0101lvad\u012bbas pultij ar GPS [&hellip;]<\/p>\n","protected":false},"featured_media":17420,"comment_status":"open","ping_status":"closed","template":"","meta":[],"product_brand":[],"product_cat":[707,746],"product_tag":[],"class_list":{"0":"post-17416","1":"product","2":"type-product","3":"status-publish","4":"has-post-thumbnail","6":"product_cat-elektromotori","7":"product_cat-riptide-powerdrive","9":"first","10":"instock","11":"taxable","12":"shipping-taxable","13":"purchasable","14":"product-type-simple"},"jetpack_sharing_enabled":true,"_links":{"self":[{"href":"https:\/\/shop.bushboats.com\/index.php\/wp-json\/wp\/v2\/product\/17416","targetHints":{"allow":["GET"]}}],"collection":[{"href":"https:\/\/shop.bushboats.com\/index.php\/wp-json\/wp\/v2\/product"}],"about":[{"href":"https:\/\/shop.bushboats.com\/index.php\/wp-json\/wp\/v2\/types\/product"}],"replies":[{"embeddable":true,"href":"https:\/\/shop.bushboats.com\/index.php\/wp-json\/wp\/v2\/comments?post=17416"}],"wp:featuredmedia":[{"embeddable":true,"href":"https:\/\/shop.bushboats.com\/index.php\/wp-json\/wp\/v2\/media\/17420"}],"wp:attachment":[{"href":"https:\/\/shop.bushboats.com\/index.php\/wp-json\/wp\/v2\/media?parent=17416"}],"wp:term":[{"taxonomy":"product_brand","embeddable":true,"href":"https:\/\/shop.bushboats.com\/index.php\/wp-json\/wp\/v2\/product_brand?post=17416"},{"taxonomy":"product_cat","embeddable":true,"href":"https:\/\/shop.bushboats.com\/index.php\/wp-json\/wp\/v2\/product_cat?post=17416"},{"taxonomy":"product_tag","embeddable":true,"href":"https:\/\/shop.bushboats.com\/index.php\/wp-json\/wp\/v2\/product_tag?post=17416"}],"curies":[{"name":"wp","href":"https:\/\/api.w.org\/{rel}","templated":true}]}}