{"id":17483,"date":"2024-03-26T00:19:56","date_gmt":"2024-03-25T22:19:56","guid":{"rendered":"https:\/\/shop.bushboats.com\/?post_type=product&#038;p=17483"},"modified":"2024-03-26T00:19:56","modified_gmt":"2024-03-25T22:19:56","slug":"minn-kota-rt-instinct-90-115-wr-blk-quest-24v-36v-72","status":"publish","type":"product","link":"https:\/\/shop.bushboats.com\/index.php\/produkts\/minn-kota-rt-instinct-90-115-wr-blk-quest-24v-36v-72\/","title":{"rendered":"MINN KOTA RT INSTINCT 90\/115\/WR BLK QUEST 24V\/36V 72&#8243;"},"content":{"rendered":"<p><strong><em>P\u0101rskats<\/em><\/strong><\/p>\n<p>Liels \u016bdens, lielas laivas \u2013 tur par\u0101d\u0101s Instinkts. Dzin\u0113js, kas izveidots ne tikai, lai tiktu gal\u0101 ar sare\u017e\u0123\u012btiem apst\u0101k\u013ciem, bet ar\u012b lai tajos dz\u012bvot un att\u012bst\u012btos. Ar l\u012bdz pat 100\u00a0collu pieejamo v\u0101rpstas garumu un uzticam\u0101ko autom\u0101tisk\u0101s pacel\u0161anas un nolai\u0161anas sist\u0113mu, kas jebkad ir izveidota, Instinct ir gatavs doties tur, kur citi velc\u0113\u0161anas motori nevar. Jaun\u0101 QUEST s\u0113rija ar 24\/36V divu sprieguma bezsuku velc\u0113\u0161anas motoriem tika izstr\u0101d\u0101ta mak\u0161\u0137erniekiem, kuri no sava apr\u012bkojuma prasa vislab\u0101ko pat vissmag\u0101kajos apst\u0101k\u013cos. Ar sp\u0113c\u012bg\u0101ku motoru un stiprin\u0101jumu, uzlabot\u0101m GPS funkcij\u0101m nek\u0101 jebkad agr\u0101k un pat Eco re\u017e\u012bmu, kas paildzina akumulatora darb\u012bbas laiku, Instinct ir gatavs st\u0101ties pret\u012b jebkuriem vides apst\u0101k\u013ciem. Kur ir augsti vi\u013c\u0146i, tur ar\u012b ir augst\u0101s likmes.<\/p>\n<p><strong><em>Funkcijas<\/em><\/strong><\/p>\n<ul>\n<li>Motors RT INSTINCT s\u0101ls\u016bdenim<\/li>\n<li>QUEST s\u0113rija: \u0161ie 24\/36 V divu sprieguma bezsuku motori ir piln\u012bb\u0101 p\u0101rveidoti no pa\u0161a s\u0101kuma: ar jauniem stiprin\u0101jumiem, dzenskr\u016bv\u0113m, pacel\u0161anas\/nolai\u0161anas sist\u0113m\u0101m, piedzi\u0146as motoriem un programmat\u016bru, \u0146emot v\u0113r\u0101 pasaul\u0113 lab\u0101kos velc\u0113\u0161anas motorus un p\u0101rveidotus, lai tie b\u016btu lab\u0101kie uz ilgiem gadiem.<\/li>\n<li>Autom\u0101tiska pacel\u0161ana un nolai\u0161ana: pace\u013ciet vai nolaidiet Instinct, vienk\u0101r\u0161i nospie\u017eot pogu uz bezvadu t\u0101lvad\u012bbas pults, k\u0101jas ped\u0101\u013ca, One-Boat Network lietotnes vai Humminbird eholote.<\/li>\n<li>Power Trim: p\u0101rvietojiet Instinct uz aug\u0161u vai uz leju, nospie\u017eot vienu pogu\u00a0\u2014 uz k\u0101jas ped\u0101\u013ca, bezvadu t\u0101lvad\u012bbas pults, One-Boat Network lietotnes vai Humminbird eholot\u0113. Piel\u0101gojieties main\u012bgajiem mak\u0161\u0137er\u0113\u0161anas apst\u0101k\u013ciem, nepieskaroties velc\u0113\u0161anas motoram.<\/li>\n<li>Uzlabota aizsardz\u012bba pret koroziju: Riptide\u00ae apak\u0161\u0113jie dzin\u0113ja korpusi tiek apstr\u0101d\u0101ti ar smil\u0161u str\u016bklu un p\u0113c tam p\u0101rkl\u0101ti ar alum\u012bniju, lai nov\u0113rstu oksid\u0113\u0161anos un r\u016bsu. Visbeidzot, lai nodro\u0161in\u0101tu maksim\u0101lu aizsardz\u012bbu, tiek uzkl\u0101ts pulverkr\u0101sas sl\u0101nis.<\/li>\n<li>Uzlabot\u0101 GPS velc\u0113\u0161anas sist\u0113ma: Visuzticam\u0101k\u0101 mak\u0161\u0137er\u0113\u0161anas navig\u0101cijas sist\u0113ma. Instinct izmanto GPS, lai kontrol\u0113tu j\u016bsu velc\u0113\u0161anas motoru ar nep\u0101rsp\u0113jam\u0101m funkcij\u0101m, kas pal\u012bdz no\u0137ert zivis. Instal\u0113jiet Spot-Lock, ierakstiet trajektorijas, kontrol\u0113jiet \u0101trumu un kontroli un daudz ko citu. Minn Kota nodro\u0161ina autom\u0101tisku laivas pozicion\u0113\u0161anu un st\u016br\u0113\u0161anu, un j\u016bs varat sa\u0146emt komandas no Instinct bezvadu t\u0101lvad\u012bbas pults viegli nolas\u0101m\u0101 LCD ekr\u0101na.<\/li>\n<li>One-Boat Network: Minn Kota motoru standartapr\u012bkojum\u0101 ir viss nepiecie\u0161amais, lai izveidotu savienojumu ar noteiktiem Humminbird zivju mekl\u0113t\u0101jiem. Savienojiet un vadiet savu velc\u0113\u0161anas motoru, sekl\u0101 \u016bdens enkuru un zivju mekl\u0113t\u0101ju, izmantojot lietotni One-Boat Network sav\u0101 Apple\u00ae vai Android\u2122 ier\u012bc\u0113.<\/li>\n<li>Spot-Lock ar Jog: Spot-Lock notur j\u016bs viet\u0101 ar nepieredz\u0113tu GPS precizit\u0101ti. Spot-Lock sniedz jums iesp\u0113ju palikt tie\u0161i jebkur\u0101 produkt\u012bv\u0101 mak\u0161\u0137er\u0113\u0161anas viet\u0101, nepieskaroties velc\u0113\u0161anas motoram. Izmantojot ieb\u016bv\u0113to virziena sensoru, varat izmantot Jog, lai p\u0101rvietotu Spot-Lock atra\u0161an\u0101s vietu piecas p\u0113das jebkur\u0101 virzien\u0101.<\/li>\n<li>Drifta re\u017e\u012bms: \u0161\u012b jaun\u0101 funkcija autom\u0101tiski nodro\u0161in\u0101 \u0101truma un kursa kontroli vienlaikus, kas noz\u012bm\u0113, ka mak\u0161\u0137erniekiem vairs nav j\u0101pa\u013caujas uz peldo\u0161iem enkuriem, kicker motoriem vai rokas vad\u012bbas ier\u012bc\u0113m, lai kontrol\u0113tu \u0101trumu uz \u016bdens \u2013 pat vissp\u0113c\u012bg\u0101kaj\u0101 v\u0113j\u0101 un straum\u0113.<\/li>\n<li>Akumulatora uzraudz\u012bba re\u0101llaik\u0101: p\u0101rbaudiet akumulatora uzl\u0101des l\u012bmeni dzin\u0113ja lieto\u0161anas laik\u0101, re\u0101llaika &#8220;pirms izl\u0101d\u0113\u0161an\u0101s&#8221; monitors ar pazi\u0146ojumu, kad akumulatora jauda samazin\u0101s l\u012bdz 20%, lai mudin\u0101tu lietot\u0101jus p\u0101rsl\u0113gties uz ekonomisku re\u017e\u012bmu, kas var samazin\u0101t pat\u0113ri\u0146u, lai pagarinat akumulatora darb\u012bbas laiks.<\/li>\n<li>Digital Maximizer\u2122: nodro\u0161ina l\u012bdz pat 5x ilg\u0101ku akumulatora darb\u012bbas laiku ar vienu uzl\u0101di. \u0160ie main\u012bga \u0101truma velc\u0113\u0161anas motori \u013cauj iestat\u012bt prec\u012bzus \u0101trumus un nodro\u0161in\u0101t tie\u0161i tik nepiecie\u0161amo jaudu, pal\u012bdzot ietaup\u012bt akumulatoru visai mak\u0161\u0137er\u0113\u0161anas dienai.<\/li>\n<li>Neizn\u012bcin\u0101ma oglek\u013ca \u0161\u0137iedras v\u0101rpsta &#8211; garant\u0113ta m\u016b\u017ea garum\u0101. J\u016bsu Minn Kota velc\u0113\u0161anas motora pamat\u0101 ir neizn\u012bcin\u0101ma kompoz\u012btmateri\u0101la v\u0101rpsta, kas tagad ir padar\u012bta v\u0113l sp\u0113c\u012bg\u0101ka ar oglek\u013ca \u0161\u0137iedru. \u0160is ir Minn Kota ekskluz\u012bvs, un m\u0113s to garant\u0113jam uz m\u016b\u017eu.<\/li>\n<li>Komplekt\u0101 ietilpst: Instinct 90\/115 lbs, 72&#8243; velc\u0113\u0161anas motors, bezvadu t\u0101lvad\u012bbas pults, dzenskr\u016bve MKP-40, 30 p\u0113du Ethernet kabelis, Humminbird HELIX savienojuma kabelis un mont\u0101\u017eas aprikojums.<\/li>\n<\/ul>\n","protected":false},"excerpt":{"rendered":"<p>P\u0101rskats Liels \u016bdens, lielas laivas \u2013 tur par\u0101d\u0101s Instinkts. Dzin\u0113js, kas izveidots ne tikai, lai tiktu gal\u0101 ar sare\u017e\u0123\u012btiem apst\u0101k\u013ciem, bet ar\u012b lai tajos dz\u012bvot un att\u012bst\u012btos. Ar l\u012bdz pat 100\u00a0collu pieejamo v\u0101rpstas garumu un uzticam\u0101ko autom\u0101tisk\u0101s pacel\u0161anas un nolai\u0161anas sist\u0113mu, kas jebkad ir izveidota, Instinct ir gatavs doties tur, kur citi velc\u0113\u0161anas motori nevar. [&hellip;]<\/p>\n","protected":false},"featured_media":17496,"comment_status":"open","ping_status":"closed","template":"","meta":[],"product_brand":[],"product_cat":[707,749],"product_tag":[],"class_list":{"0":"post-17483","1":"product","2":"type-product","3":"status-publish","4":"has-post-thumbnail","6":"product_cat-elektromotori","7":"product_cat-riptide-instinct","9":"first","10":"outofstock","11":"taxable","12":"shipping-taxable","13":"purchasable","14":"product-type-simple"},"jetpack_sharing_enabled":true,"_links":{"self":[{"href":"https:\/\/shop.bushboats.com\/index.php\/wp-json\/wp\/v2\/product\/17483","targetHints":{"allow":["GET"]}}],"collection":[{"href":"https:\/\/shop.bushboats.com\/index.php\/wp-json\/wp\/v2\/product"}],"about":[{"href":"https:\/\/shop.bushboats.com\/index.php\/wp-json\/wp\/v2\/types\/product"}],"replies":[{"embeddable":true,"href":"https:\/\/shop.bushboats.com\/index.php\/wp-json\/wp\/v2\/comments?post=17483"}],"wp:featuredmedia":[{"embeddable":true,"href":"https:\/\/shop.bushboats.com\/index.php\/wp-json\/wp\/v2\/media\/17496"}],"wp:attachment":[{"href":"https:\/\/shop.bushboats.com\/index.php\/wp-json\/wp\/v2\/media?parent=17483"}],"wp:term":[{"taxonomy":"product_brand","embeddable":true,"href":"https:\/\/shop.bushboats.com\/index.php\/wp-json\/wp\/v2\/product_brand?post=17483"},{"taxonomy":"product_cat","embeddable":true,"href":"https:\/\/shop.bushboats.com\/index.php\/wp-json\/wp\/v2\/product_cat?post=17483"},{"taxonomy":"product_tag","embeddable":true,"href":"https:\/\/shop.bushboats.com\/index.php\/wp-json\/wp\/v2\/product_tag?post=17483"}],"curies":[{"name":"wp","href":"https:\/\/api.w.org\/{rel}","templated":true}]}}