{"id":17556,"date":"2024-03-26T00:34:20","date_gmt":"2024-03-25T22:34:20","guid":{"rendered":"https:\/\/shop.bushboats.com\/?post_type=product&#038;p=17556"},"modified":"2024-08-09T23:25:39","modified_gmt":"2024-08-09T20:25:39","slug":"minn-kota-rt-instinct-90-115-wr-blk-quest-24v-36v-100","status":"publish","type":"product","link":"https:\/\/shop.bushboats.com\/index.php\/produkts\/minn-kota-rt-instinct-90-115-wr-blk-quest-24v-36v-100\/","title":{"rendered":"MINN KOTA RT INSTINCT 90\/115\/WR BLK QUEST 24V\/36V 100&#8243;"},"content":{"rendered":"<p><em><strong>P\u0101rskats<\/strong><\/em><\/p>\n<p>Kur ir liels \u016bdens un lielas laivas \u2013 tur par\u0101d\u0101s Instinkts. Dzin\u0113js, kas paredz\u0113ts ne tikai tam, lai tiktu gal\u0101 ar elementiem, bet ar\u012b dz\u012bvotu tajos. Ar l\u012bdz pat 100 collu v\u0101rpstas garumu un uzticam\u0101ko autom\u0101tisk\u0101s nolai\u0161anas un pacel\u0161anas sist\u0113m\u0101m, kas jebkad ir uzb\u016bv\u0113ta, Instinct ir gatavs doties tur, kur citi velc\u0113\u0161anas motori neizdodas. Jaun\u0101 QUEST s\u0113rija ar diviem 24\/36 V bezsuku velko\u0161anas motoriem tika izstr\u0101d\u0101ta mak\u0161\u0137erniekiem, kuri no sava apr\u012bkojuma pieprasa lab\u0101ko \u2014 pat vissmag\u0101kajos apst\u0101k\u013cos. Ar pastiprin\u0101tu motoru un stiprin\u0101jumu, modern\u0101k\u0101m GPS funkcij\u0101m nek\u0101 jebkad agr\u0101k un pat Eco re\u017e\u012bmu, lai pagarin\u0101tu akumulatora darb\u012bbas laiku, Instinct ir gatavs st\u0101ties pret\u012b jebkuriem elementiem, kur ir augsti vi\u013c\u0146i, un l\u012bdz ar to ar\u012b likmes.<\/p>\n<p><em><strong>Funkcijas<\/strong><\/em><\/p>\n<ul>\n<li>Motors RT INSTINCT s\u0101ls\u016bdenim.<\/li>\n<li>QUEST s\u0113rija: \u0161ie 24\/36 V divu sprieguma bezsuku motori ir piln\u012bb\u0101 p\u0101rveidoti no pa\u0161iem pamatiem, uzlabojot stiprin\u0101jumus, dzenskr\u016bves, papildu pacel\u0161anas sist\u0113mas, piedzi\u0146as motorus un programmat\u016bru, izmantojot pasaul\u0113 lab\u0101kos velc\u0113\u0161anas motorus un p\u0101rveidojot tos, lai gadiem ilgi p\u0101rsp\u0113tu p\u0101r\u0113jos. n\u0101kamajiem gadiem.<\/li>\n<li>Autom\u0101tiska pacel\u0161ana un nolai\u0161ana: pace\u013c vai \u0146oali\u017e\u00a0<strong>Instinct<\/strong>, vienk\u0101r\u0161i nospie\u017eot pogu uz bezvadu t\u0101lvad\u012bbas pults\u00a0vai k\u0101jas ped\u0101\u013ca, One-Boat Network lietotnes vai Humminbird eholot\u0113.<\/li>\n<li>Power Trim: izmantojiet Instinct apgrie\u0161anu uz aug\u0161u vai uz leju, nospie\u017eot vienu pogu\u00a0\u2014 uz k\u0101jas ped\u0101\u013ca, bezvadu t\u0101lvad\u012bbas pults, One-Boat Network lietotnes vai Humminbird zivju mekl\u0113t\u0101ja. Piel\u0101gojieties main\u012bgajiem mak\u0161\u0137er\u0113\u0161anas apst\u0101k\u013ciem, nepieskaroties velc\u0113\u0161anas motoram.<\/li>\n<li>Uzlabot\u0101 GPS velc\u0113\u0161anas sist\u0113ma: Visuzticam\u0101k\u0101 mak\u0161\u0137er\u0113\u0161anas navig\u0101cijas sist\u0113ma. Instinct izmanto GPS, lai kontrol\u0113tu j\u016bsu velc\u0113\u0161anas motoru ar nep\u0101rsp\u0113jam\u0101m funkcij\u0101m, kas pal\u012bdz no\u0137ert zivis. Iestatiet Spot-Locks, ierakstiet trajektorijas, kontrol\u0113jiet \u0101trumu, st\u016br\u0113\u0161anu un daudz ko citu. Minn Kota nodro\u0161ina autom\u0101tisku laivas pozicion\u0113\u0161anu un st\u016br\u0113\u0161anu, un j\u016bs varat sa\u0146emt komandas no Instinct bezvadu t\u0101lvad\u012bbas pults viegli nolas\u0101m\u0101 LCD ekr\u0101na.<\/li>\n<li>Minn Kota motori, kas ir da\u013ca no vienas laivas t\u012bkla, ir iek\u013cauti standarta komplekt\u0101cij\u0101 ar visu, kas nepiecie\u0161ams, lai izveidotu savienojumu ar noteiktiem Humminbird zivju mekl\u0113t\u0101jiem, nodro\u0161inot piek\u013cuvi uzlabot\u0101m navig\u0101cijas funkcij\u0101m bez papildu adapteriem vai sare\u017e\u0123\u012bt\u0101m iestat\u012b\u0161anas proced\u016br\u0101m.<\/li>\n<li>Spot-Lock ar Jog: Spot-Lock notur j\u016bs viet\u0101 ar nepieredz\u0113tu GPS precizit\u0101ti. Spot-Lock sniedz jums iesp\u0113ju palikt tie\u0161i virs produkt\u012bv\u0101m mak\u0161\u0137er\u0113\u0161anas viet\u0101m, nepieskaroties velc\u0113\u0161anas motoram. Izmantojot ieb\u016bv\u0113to virziena sensoru, varat izmantot Jog, lai p\u0101rvietotu Spot-Lock atra\u0161an\u0101s vietu piecas p\u0113das jebkur\u0101 virzien\u0101.<\/li>\n<li>Drifta re\u017e\u012bms nodro\u0161ina tie\u0161u navig\u0101ciju, lai nodro\u0161in\u0101tu izcilu laivas vad\u012bbu jebkur\u0101 virzien\u0101 un jebkur\u0101 \u0101trum\u0101, bez nepiecie\u0161am\u012bbas izmantot papildu kicker motorus vai manu\u0101las vad\u012bbas ier\u012bces \u2014 pat vissp\u0113c\u012bg\u0101kaj\u0101 v\u0113j\u0101 un straum\u0113.<\/li>\n<li>Re\u0101llaika akumulatora uzraudz\u012bba: p\u0101rbaudiet akumulatora uzl\u0101des l\u012bmeni, kam\u0113r lietojat dzin\u0113ju, re\u0101llaika &#8220;pirms izl\u0101d\u0113\u0161an\u0101s&#8221; monitors ar pazi\u0146ojumu, kad akumulatora jauda samazin\u0101s l\u012bdz 20%, lai mudin\u0101tu lietot\u0101jus p\u0101rsl\u0113gties uz &#8220;Eco Mode&#8221;, kas var samazin\u0101t str\u0101vas pat\u0113ri\u0146u, lai pagarin\u0101tu akumulatoru. dz\u012bvi.<\/li>\n<li>Digital Maximizer\u2122: nodro\u0161ina l\u012bdz pat 5x ilg\u0101ku akumulatora darb\u012bbas laiku ar vienu uzl\u0101di. \u0160ie main\u012bga \u0101truma velc\u0113\u0161anas motori \u013cauj iestat\u012bt prec\u012bzus \u0101trumus un nodro\u0161in\u0101t tie\u0161i tik nepiecie\u0161amo jaudu, pal\u012bdzot ietaup\u012bt akumulatoru visai mak\u0161\u0137er\u0113\u0161anas dienai.<\/li>\n<li>Neizn\u012bcin\u0101ma kompoz\u012btmateri\u0101la v\u0101rpsta &#8211; garant\u0113ta m\u016b\u017ea garum\u0101. J\u016bsu Minn Kota velc\u0113\u0161anas motora pamat\u0101 ir iztur\u012bga kompoz\u012btmateri\u0101la v\u0101rpsta. \u0160is ir Minn Kota ekskluz\u012bvs, un m\u0113s to garant\u0113jam uz m\u016b\u017eu.<\/li>\n<li>Savietojams ar mobilaj\u0101m aplik\u0101cij\u0101m. Vadiet savu motoru tie\u0161i no savas Apple\u00ae vai Android\u2122 ier\u012bces, izmantojot One-Boat Network lietotni. J\u016bs sa\u0146emat \u0101tru \u0101truma, st\u016bres, fiks\u0101cijas un autopilota kontroli, k\u0101 ar\u012b iesp\u0113ju atjaunin\u0101t programmat\u016bru.<\/li>\n<li>Komplekt\u0101 ietilpst: Instinct 90\/115\u00a0lbs 100\u00a0collu gar\u0161 velc\u0113\u0161anas motors, bezvadu t\u0101lvad\u012bbas pults, savienojumu vadi, MKP-40 dzenskr\u016bve, 30\u00a0p\u0113du Ethernet kabelis, Humminbird HELIX adaptera kabelis un mont\u0101\u017eas ieric\u0113s.<\/li>\n<\/ul>\n","protected":false},"excerpt":{"rendered":"<p>P\u0101rskats Kur ir liels \u016bdens un lielas laivas \u2013 tur par\u0101d\u0101s Instinkts. Dzin\u0113js, kas paredz\u0113ts ne tikai tam, lai tiktu gal\u0101 ar elementiem, bet ar\u012b dz\u012bvotu tajos. Ar l\u012bdz pat 100 collu v\u0101rpstas garumu un uzticam\u0101ko autom\u0101tisk\u0101s nolai\u0161anas un pacel\u0161anas sist\u0113m\u0101m, kas jebkad ir uzb\u016bv\u0113ta, Instinct ir gatavs doties tur, kur citi velc\u0113\u0161anas motori neizdodas. [&hellip;]<\/p>\n","protected":false},"featured_media":17569,"comment_status":"open","ping_status":"closed","template":"","meta":[],"product_brand":[],"product_cat":[707,749],"product_tag":[],"class_list":{"0":"post-17556","1":"product","2":"type-product","3":"status-publish","4":"has-post-thumbnail","6":"product_cat-elektromotori","7":"product_cat-riptide-instinct","9":"first","10":"instock","11":"taxable","12":"shipping-taxable","13":"purchasable","14":"product-type-simple"},"jetpack_sharing_enabled":true,"_links":{"self":[{"href":"https:\/\/shop.bushboats.com\/index.php\/wp-json\/wp\/v2\/product\/17556","targetHints":{"allow":["GET"]}}],"collection":[{"href":"https:\/\/shop.bushboats.com\/index.php\/wp-json\/wp\/v2\/product"}],"about":[{"href":"https:\/\/shop.bushboats.com\/index.php\/wp-json\/wp\/v2\/types\/product"}],"replies":[{"embeddable":true,"href":"https:\/\/shop.bushboats.com\/index.php\/wp-json\/wp\/v2\/comments?post=17556"}],"wp:featuredmedia":[{"embeddable":true,"href":"https:\/\/shop.bushboats.com\/index.php\/wp-json\/wp\/v2\/media\/17569"}],"wp:attachment":[{"href":"https:\/\/shop.bushboats.com\/index.php\/wp-json\/wp\/v2\/media?parent=17556"}],"wp:term":[{"taxonomy":"product_brand","embeddable":true,"href":"https:\/\/shop.bushboats.com\/index.php\/wp-json\/wp\/v2\/product_brand?post=17556"},{"taxonomy":"product_cat","embeddable":true,"href":"https:\/\/shop.bushboats.com\/index.php\/wp-json\/wp\/v2\/product_cat?post=17556"},{"taxonomy":"product_tag","embeddable":true,"href":"https:\/\/shop.bushboats.com\/index.php\/wp-json\/wp\/v2\/product_tag?post=17556"}],"curies":[{"name":"wp","href":"https:\/\/api.w.org\/{rel}","templated":true}]}}