{"id":17661,"date":"2024-03-26T08:24:11","date_gmt":"2024-03-26T06:24:11","guid":{"rendered":"https:\/\/shop.bushboats.com\/?post_type=product&#038;p=17661"},"modified":"2024-03-26T08:24:11","modified_gmt":"2024-03-26T06:24:11","slug":"humminbird-apex-19-msi-charplotter","status":"publish","type":"product","link":"https:\/\/shop.bushboats.com\/index.php\/produkts\/humminbird-apex-19-msi-charplotter\/","title":{"rendered":"Humminbird APEX 19 MSI+ Charplotter"},"content":{"rendered":"<p>Pilnas iz\u0161\u0137irtsp\u0113jas displejs ar Cross Touch\u00ae uz Humminbird APEX 19 MEGA SI + ska\u0146as sign\u0101la sniedz satrieco\u0161as deta\u013cas ar 1920H x 1080V pikse\u013ciem. Fishfinder nodro\u0161ina neticamas deta\u013cas son\u0101ra att\u0113los un kart\u0113s, lai j\u016bs nekad nepalaistu gar\u0101m nevienu lietu. Son\u0101ra vad\u012bba, izmantojot sk\u0101rienekr\u0101nu vai tastat\u016bru. Intuit\u012bva lietot\u0101ja saskarne un s\u0101njoslas izv\u0113lnes, kas nodro\u0161ina piel\u0101gojamas opcijas un skatu kombin\u0101cijas, lai padar\u012btu mak\u0161\u0137er\u0113\u0161anu p\u0113c iesp\u0113jas \u0113rt\u0101ku. Jaunais divkodolu procesors \u013cauj \u0101tri un viegli izpild\u012bt jebkuru uzdevumu, pateicoties \u012bpa\u0161i rea\u0123\u0113jo\u0161ai saskarnei un paaugstin\u0101tai apstr\u0101des jaudai. Nozares vado\u0161ais Humminbird APEX 19 MEGA SI + hidrolokators ir apr\u012bkots ar MEGA Side Imaging +, MEGA Down Imaging + un Dual Spectrum CHIRP sken\u0113\u0161anas tehnolo\u0123ij\u0101m, lai ieg\u016btu detaliz\u0113t\u0101ku priek\u0161statu par dibena strukt\u016bru un ziv\u012bm. MEGA Imaging + nodro\u0161ina skatu l\u012bdz 250 p\u0113d\u0101m (60 m) ab\u0101s laivas pus\u0113s, savuk\u0101rt Dual Spectrum CHIRP nodro\u0161ina izcilu 2D skatu ar izcilu m\u0113r\u0137a atdal\u012b\u0161anu un krauk\u0161\u0137\u012bgiem zivju displejiem.<\/p>\n<p>Divkan\u0101lu CHIRP son\u0101rs ar diviem hidrolokatora piesl\u0113gviet\u0101m nodro\u0161ina savienojam\u012bbu ar visiem Humminbird p\u0101rveidot\u0101jiem, k\u0101 ar\u012b \u012bpa\u0161u portu 2D CHIRP p\u0101rveidot\u0101jiem l\u012bdz 2 kW. Ieb\u016bv\u0113tais sensora ID \u013cauj \u0101tri un viegli uzst\u0101d\u012bt Airmar\u00ae sensorus. Ieb\u016bv\u0113t\u0101 navig\u0101cijas sist\u0113ma apvienojum\u0101 ar augst\u0101k\u0101s klases Navionics kart\u0113m \u013cauj ieg\u016bt nor\u0101des, saglab\u0101t iecien\u012bt\u0101k\u0101s mak\u0161\u0137er\u0113\u0161anas vietas, g\u016bt priek\u0161statu par zem\u016bdens reljefu un apk\u0101rt\u0113j\u0101m apskates viet\u0101m, lai j\u016bs var\u0113tu piln\u012bgi dro\u0161i zvejot un p\u0101rvietoties pa nepaz\u012bstamu reljefu, k\u0101 ar\u012b apskat\u012bt bojas, b\u012bstam\u0101s vietas. , jahtu piest\u0101tnes, kont\u016bru l\u012bnijas, dzi\u013cuma mar\u0137ierus un daudz, daudz ko citu. Ieb\u016bv\u0113t\u0101 programmat\u016bra AutoChart Live \u013cauj re\u0101llaik\u0101 izveidot mak\u0161\u0137er\u0113\u0161anas kartes ar piek\u013cuvi patent\u0113t\u0101m Humminbird\u00ae LakeMaster\u00ae funkcij\u0101m. Karte par\u0101da dzi\u013cuma kont\u016bras (kont\u016bras), grunts ciet\u012bbu un ve\u0123et\u0101ciju laivas mar\u0161rut\u0101. Standarta komplekt\u0101cij\u0101 ietilpst asto\u0146u (8) stundu ieb\u016bv\u0113ts ierakst\u012b\u0161anas laiks. Lai saglab\u0101tu izveidoto karti, nepiecie\u0161ams ieg\u0101d\u0101ties AutoChart Zero Line SD.<\/p>\n<p><img data-recalc-dims=\"1\" decoding=\"async\" src=\"https:\/\/i0.wp.com\/www.humminbird.ru\/images\/Apex_v1.jpg?w=1290&#038;ssl=1\" \/><\/p>\n<p>Divas Ethernet porti \u013cauj jums izveidot jaud\u012bgu, profesion\u0101las klases mak\u0161\u0137er\u0113\u0161anas sist\u0113mu ar \u0113rtu t\u012bkla savienojam\u012bbu bez \u0101r\u0113ja t\u012bkla centrmezgla nepiecie\u0161am\u012bbas. T\u012bklo\u0161ana \u013cauj savienot vair\u0101kus vad\u012bbas displejus un Ethernet piederumus, piem\u0113ram, Minn Kota i-Pilot Link un Humminbird CHIRP Radar. Pievienojiet un skatiet papildu kameras un video avotus, izmantojot APEX neatkar\u012bgos HDMI ieejas un HDMI izejas portus, un izvadiet uz papildu displejiem, lai ieg\u016btu pla\u0161\u0101kas apskates un redi\u0123\u0113\u0161anas iesp\u0113jas. Bezvadu t\u012bkls Bluetooth kontrol\u0113 sader\u012bgus Talon un Raptor enkurus un Cannon Optimum padzi\u013cin\u0101jumus tie\u0161i no j\u016bsu Humminbird ekr\u0101na. Papildu funkcijas ietver bezvadu programmat\u016bras atjaunin\u0101jumus no lietotnes Humminbird FishSmart un viedt\u0101lru\u0146u pazi\u0146ojumu par\u0101d\u012b\u0161anu ier\u012bc\u0113 Humminbird. Ieb\u016bv\u0113tais NMEA 2000 t\u012bkls \u013caus ieg\u016bt v\u0113l vair\u0101k inform\u0101cijas: s\u0101kot ar laivas raksturlielumiem un beidzot ar laika un \u016bdens apst\u0101k\u013ciem &#8211; tas viss ir iesp\u0113jams, izmantojot NMEA 2000 t\u012bklu. Turkl\u0101t APEX ir sader\u012bgs ar CZone\u00ae Contact 6, Contact 6 Plus un digit\u0101laj\u0101m komut\u0101cijas ier\u012bc\u0113m.<\/p>\n<p>Ekr\u0101na izm\u0113rs:\u00a0<strong>18,5 &#8220;<\/strong><br \/>\nEkr\u0101na iz\u0161\u0137irtsp\u0113ja (H x W), pikse\u013ci:\u00a0<strong>1080 x 1920<\/strong><br \/>\nEkr\u0101na tips:\u00a0<strong>sk\u0101rienekr\u0101ns<\/strong><br \/>\nKr\u0101sas \/ pel\u0113kto\u0146i:\u00a0<strong>16 biti<\/strong><br \/>\nStandarta son\u0101rs:<strong>\u00a0dubult\u0101 spektra CHIRP, MEGA DI +, MEGA SI +<\/strong><br \/>\nSon\u0101ra p\u0101rkl\u0101jums:<strong>\u00a020 \u00b0, 42 \u00b0, 60 \u00b0, 2 x 86, 2 x 55<\/strong><br \/>\nSon\u0101ra frekvence, kHz:\u00a0<strong>50\/83\/200\/455\/800\/1200<\/strong><br \/>\nPapildu hidrolokators:\u00a0<strong>Airmar CHIRP SM3000<\/strong><br \/>\nM\u0113r\u0137u nodal\u012b\u0161ana, sk .:<strong>\u00a06.5<\/strong><br \/>\nRadi\u0101cijas jauda, \u200b\u200bW:\u00a0<strong>1000 (8000)<\/strong><br \/>\nMaksim\u0101lais dzi\u013cums, m:\u00a0<strong>400<\/strong><br \/>\nTemperat\u016bra:\u00a0<strong>J\u0101<\/strong><br \/>\n\u0100trums:\u00a0<strong>GPS<\/strong><br \/>\nStandarta sensors:\u00a0<strong>XM 14 HW MSI T.<\/strong><br \/>\nStandarta dev\u0113ja stiprin\u0101jums:\u00a0<strong>Transom<\/strong><br \/>\nAtmi\u0146as kartes tips:<strong>\u00a0Dual Micro SD<\/strong><br \/>\nKartogr\u0101fija:\u00a0<strong>Navionics +, AutoChart Live<\/strong><br \/>\nSaskarnes:\u00a0<strong>Ethernet, NMEA 2000, HDMI<\/strong><br \/>\nPat\u0113ri\u0146a str\u0101va, mA (bez apgaismojuma):\u00a0<strong>4500<\/strong><br \/>\n\u016adensiztur\u012bgs:<strong>\u00a0IPX7<\/strong><br \/>\ni-Pilot saite:<strong>\u00a0j\u0101<\/strong><br \/>\nIzm\u0113ri (P x A x D), mm:<strong>\u00a0515 x 296 x 13<\/strong><br \/>\nBaro\u0161anas avots, V (DC):<strong>\u00a010,8 &#8211; 20<\/strong><\/p>\n","protected":false},"excerpt":{"rendered":"<p>Pilnas iz\u0161\u0137irtsp\u0113jas displejs ar Cross Touch\u00ae uz Humminbird APEX 19 MEGA SI + ska\u0146as sign\u0101la sniedz satrieco\u0161as deta\u013cas ar 1920H x 1080V pikse\u013ciem. Fishfinder nodro\u0161ina neticamas deta\u013cas son\u0101ra att\u0113los un kart\u0113s, lai j\u016bs nekad nepalaistu gar\u0101m nevienu lietu. Son\u0101ra vad\u012bba, izmantojot sk\u0101rienekr\u0101nu vai tastat\u016bru. Intuit\u012bva lietot\u0101ja saskarne un s\u0101njoslas izv\u0113lnes, kas nodro\u0161ina piel\u0101gojamas opcijas un [&hellip;]<\/p>\n","protected":false},"featured_media":17665,"comment_status":"open","ping_status":"closed","template":"","meta":[],"product_brand":[],"product_cat":[762,76,233],"product_tag":[],"class_list":{"0":"post-17661","1":"product","2":"type-product","3":"status-publish","4":"has-post-thumbnail","6":"product_cat-apex-series","7":"product_cat-electrical-equipment-lv","8":"product_cat-eholotes","10":"first","11":"outofstock","12":"taxable","13":"shipping-taxable","14":"purchasable","15":"product-type-simple"},"jetpack_sharing_enabled":true,"_links":{"self":[{"href":"https:\/\/shop.bushboats.com\/index.php\/wp-json\/wp\/v2\/product\/17661","targetHints":{"allow":["GET"]}}],"collection":[{"href":"https:\/\/shop.bushboats.com\/index.php\/wp-json\/wp\/v2\/product"}],"about":[{"href":"https:\/\/shop.bushboats.com\/index.php\/wp-json\/wp\/v2\/types\/product"}],"replies":[{"embeddable":true,"href":"https:\/\/shop.bushboats.com\/index.php\/wp-json\/wp\/v2\/comments?post=17661"}],"wp:featuredmedia":[{"embeddable":true,"href":"https:\/\/shop.bushboats.com\/index.php\/wp-json\/wp\/v2\/media\/17665"}],"wp:attachment":[{"href":"https:\/\/shop.bushboats.com\/index.php\/wp-json\/wp\/v2\/media?parent=17661"}],"wp:term":[{"taxonomy":"product_brand","embeddable":true,"href":"https:\/\/shop.bushboats.com\/index.php\/wp-json\/wp\/v2\/product_brand?post=17661"},{"taxonomy":"product_cat","embeddable":true,"href":"https:\/\/shop.bushboats.com\/index.php\/wp-json\/wp\/v2\/product_cat?post=17661"},{"taxonomy":"product_tag","embeddable":true,"href":"https:\/\/shop.bushboats.com\/index.php\/wp-json\/wp\/v2\/product_tag?post=17661"}],"curies":[{"name":"wp","href":"https:\/\/api.w.org\/{rel}","templated":true}]}}