{"id":17791,"date":"2024-03-26T10:21:05","date_gmt":"2024-03-26T08:21:05","guid":{"rendered":"https:\/\/shop.bushboats.com\/?post_type=product&#038;p=17791"},"modified":"2024-03-26T10:22:31","modified_gmt":"2024-03-26T08:22:31","slug":"suzuki-df-6al","status":"publish","type":"product","link":"https:\/\/shop.bushboats.com\/index.php\/produkts\/suzuki-df-6al\/","title":{"rendered":"SUZUKI DF 6AL"},"content":{"rendered":"<div class=\"parameter\">\n<div class=\"parameter__name\">Degvielas tvertne, L\u00a0 \u00a0 \u00a0 \u00a0 \u00a0 \u00a0 \u00a0 \u00a0 \u00a0 \u00a0 \u00a0 \u00a0 \u00a0 \u00a01,0<\/div>\n<\/div>\n<div class=\"parameter\">\n<div class=\"parameter__name\">Vad\u012bba\u00a0 \u00a0 \u00a0 \u00a0 \u00a0 \u00a0 \u00a0 \u00a0 \u00a0 \u00a0 \u00a0 \u00a0 \u00a0 \u00a0 \u00a0 \u00a0 \u00a0 \u00a0 \u00a0 \u00a0 \u00a0 \u00a0 \u00a0 \u00a0 \u00a0 Rokas<\/div>\n<\/div>\n<div class=\"parameter\">\n<div class=\"parameter__name\">P\u0101rnesumskaitlis\u00a0 \u00a0 \u00a0 \u00a0 \u00a0 \u00a0 \u00a0 \u00a0 \u00a0 \u00a0 \u00a0 \u00a0 \u00a0 \u00a0 \u00a0 \u00a01.92:1<\/div>\n<\/div>\n<div class=\"parameter\">\n<div class=\"parameter__name\">Maksim\u0101la jauda, ZS\/KW\u00a0 \u00a0 \u00a0 \u00a0 \u00a0 \u00a0 \u00a0 \u00a06\/4.4<\/div>\n<\/div>\n<div class=\"parameter\">\n<div class=\"parameter__name\">Palai\u0161anas sist\u0113ma\u00a0 \u00a0 \u00a0 \u00a0 \u00a0 \u00a0 \u00a0 \u00a0 \u00a0 \u00a0 \u00a0 \u00a0 \u00a0 \u00a0 Rokas\/Manu\u0101la<\/div>\n<\/div>\n<div class=\"parameter\">\n<div class=\"parameter__name\">Dzin\u0113ja svars, kg\u00a0 \u00a0 \u00a0 \u00a0 \u00a0 \u00a0 \u00a0 \u00a0 \u00a0 \u00a0 \u00a0 \u00a0 \u00a0 \u00a0 \u00a0 \u00a025<\/div>\n<\/div>\n<div class=\"parameter\">\n<div class=\"parameter__name\">Cilindra tilpums, cm3\u00a0 \u00a0 \u00a0 \u00a0 \u00a0 \u00a0 \u00a0 \u00a0 \u00a0 \u00a0 \u00a0 138<\/div>\n<\/div>\n<div class=\"parameter\">\n<div class=\"parameter__name\">Degvielas sist\u0113ma\u00a0 \u00a0 \u00a0 \u00a0 \u00a0 \u00a0 \u00a0 \u00a0 \u00a0 \u00a0 \u00a0 \u00a0 \u00a0 \u00a0 \u00a0Karburators<\/div>\n<\/div>\n<div class=\"parameter\">\n<div class=\"parameter__name\">Cilindru skaits\u00a0 \u00a0 \u00a0 \u00a0 \u00a0 \u00a0 \u00a0 \u00a0 \u00a0 \u00a0 \u00a0 \u00a0 \u00a0 \u00a0 \u00a0 \u00a0 \u00a0 1 cilindrs<\/div>\n<\/div>\n<div class=\"parameter\">\n<div class=\"parameter__name\">Reduktora garums, mm\u00a0 \u00a0 \u00a0 \u00a0 \u00a0 \u00a0 \u00a0 \u00a0 \u00a0 508 mm<\/div>\n<\/div>\n<div class=\"parameter\">\n<div class=\"parameter__name\">Maks.apgriezieni, RPM\u00a0 \u00a0 \u00a0 \u00a0 \u00a0 \u00a0 \u00a0 \u00a0 \u00a0 \u00a04750-5750<\/div>\n<\/div>\n<div><\/div>\n<div>\n<p>SUZUKI no 2016. gada uzs\u0101k piln\u012bgi jauno, portat\u012bvo DF6A laivu dzin\u0113ju tirdzniec\u012bbu, jaunie dzin\u0113ji ir\u00a0viegl\u0101ki, tikai 23.5 kg un pirmo reizi tika atr\u0101d\u012bti\u00a0D\u00fcsseldorf laivu izst\u0101des laik\u0101. Bez viegl\u0101 svara, jaunie piekaramie dzin\u0113ji b\u016bs \u0113rt\u0101ki lieto\u0161an\u0101, saglab\u0101jot savu nevainojamo kvalit\u0101ti un lieto\u0161anas ilgm\u016b\u017e\u012bbu.<\/p>\n<p>Ar tehniskajiem jaunin\u0101jumiem un da\u017eiem vienk\u0101r\u0161iem, bet efekt\u012bviem risin\u0101jumiem, ergonomisku dizainu, \u0161ie jaunie mode\u013ci ir neticami \u0113rti lieto\u0161an\u0101. Kombin\u0101cij\u0101 ar vieglo svaru un diviem \u0113rtiem \u00a0rokturiem ne\u0161anai, var\u0113siet bez probl\u0113m\u0101m to p\u0101rvietot un uzlikt, no\u0146emt no savas laivas.<\/p>\n<p>Suzuki pilnveidojis ar\u012b dzin\u0113ja gu\u013cus uzglab\u0101\u0161anu, jaun\u0101 3 &#8211; poz\u012bciju dzin\u0113ja glab\u0101\u0161ana, \u013cauj dzin\u0113ju novietot gu\u013cus uz jebkura no abiem dzin\u0113ja s\u0101niem vai dzin\u0113ja priek\u0161\u0113j\u0101s da\u013cas. Uzlabot\u0101 degvielas un e\u013c\u013co\u0161anas sist\u0113ma \u013cauj \u013coti \u0113rti uzglab\u0101t dzin\u0113ju uz vienu no trim pus\u0113m, bez ba\u017e\u0101m par degvielas vai e\u013c\u013cas nopl\u016bd\u0113m.<\/p>\n<p>Jaun\u0101 piespiedu e\u013c\u013co\u0161anas sist\u0113ma ir unik\u0101la, jo t\u0101s kan\u0101li tie\u0161i apg\u0101d\u0101 ar e\u013c\u013cu\u00a0aug\u0161\u0113jo un apak\u0161\u0113jo klo\u0137v\u0101rpstas gult\u0146us. Plus visa e\u013c\u013co\u0161anas sist\u0113ma ir papildin\u0101ta ar e\u013c\u013cas filtru, kas ir pirmais jaunais apr\u012bkojums \u0161aj\u0101 klas\u0113. Tas iev\u0113rojami uzlabo t\u012bras motore\u013c\u013cas nok\u013c\u016b\u0161anu uz visiem kust\u012bgajiem mezgliem dzin\u0113j\u0101, un pagarina dzin\u0113ja darba m\u016b\u017eu.<\/p>\n<p>Degvielas b\u0101ka jaunajiem dzin\u0113jiem konstru\u0113ta t\u0101, lai degviela uz pa\u0161teces principa nok\u013c\u016btu karburator\u0101, tas noz\u012bm\u0113, ka nav nepiecie\u0161ama degvielas uzpump\u0113\u0161ana pirms iedarbiniet dzin\u0113ju p\u0113c glab\u0101\u0161anas vai p\u0101rve\u0161anas.<br \/>\nAr\u012b rokas starteris ir k\u013cuvis viegl\u0101k darbin\u0101ms. Dzin\u0113ja pacel\u0161anas meh\u0101nisms uzlabots, lai dzin\u0113ja lieto\u0161ana b\u016btu v\u0113l pat\u012bkam\u0101ka.<\/p>\n<p>Vienm\u0113r\u012bga un klusa darb\u012bba. To nodro\u0161ina Suzuki in\u017eenieru ieviest\u0101 \u201cOFFSET\u201d klo\u0137v\u0101rpstu, k\u0101 tas ir lielajos dzin\u0113jos, kas padara vienm\u0113r\u012bg\u0101ku virzu\u013ca kust\u012bbu, t\u0101d\u0113j\u0101di uzlabojot darb\u012bbas efektivit\u0101ti un samazina vibr\u0101ciju. Klo\u0137v\u0101rpsta atrodas mazliet nob\u012bd\u012bta no dzin\u0113ja cilindra centra, k\u0101 rezult\u0101t\u0101 tiek\u00a0samazin\u0101ts virzu\u013ca spiediens uz cilindra sieni\u0146u un kust\u012bbas pretest\u012bba, palielinot dzin\u0113ja darb\u012bbas efektivit\u0101ti. Suzuki ir ar\u012b uzlabojis vad\u012bbas rokturi, lai v\u0113l vair\u0101k mazin\u0101tu vibr\u0101ciju, ko sa\u0146em j\u016bsu roka lieto\u0161anas laik\u0101.<\/p>\n<p>Lai ar\u012b mazi ir \u0161ie jaunie laivu dzin\u0113ji, to iztur\u012bba ir liela, it sevi\u0161\u0137i pret apk\u0101rt\u0113j\u0101s vides iedarb\u012bbu un s\u0101ls\u016bdeni, dzin\u0113ja alum\u012bnija da\u013cas ir p\u0101rkl\u0101tas ar Suzuki antikorozijas p\u0101rkl\u0101jumu vair\u0101kos sl\u0101\u0146os. Tas nodro\u0161in\u0101s jauno laivas dzin\u0113ju ilgsto\u0161i lielisku izskatu kop\u0101 ar jaun\u0101 dizaina s\u0101na uzl\u012bm\u0113m un Nebular melno kr\u0101su.<\/p>\n<\/div>\n","protected":false},"excerpt":{"rendered":"<p>Degvielas tvertne, L\u00a0 \u00a0 \u00a0 \u00a0 \u00a0 \u00a0 \u00a0 \u00a0 \u00a0 \u00a0 \u00a0 \u00a0 \u00a0 \u00a01,0 Vad\u012bba\u00a0 \u00a0 \u00a0 \u00a0 \u00a0 \u00a0 \u00a0 \u00a0 \u00a0 \u00a0 \u00a0 \u00a0 \u00a0 \u00a0 \u00a0 \u00a0 \u00a0 \u00a0 \u00a0 \u00a0 \u00a0 \u00a0 \u00a0 \u00a0 \u00a0 Rokas P\u0101rnesumskaitlis\u00a0 \u00a0 \u00a0 \u00a0 \u00a0 \u00a0 \u00a0 \u00a0 \u00a0 \u00a0 \u00a0 \u00a0 \u00a0 [&hellip;]<\/p>\n","protected":false},"featured_media":17801,"comment_status":"open","ping_status":"closed","template":"","meta":[],"product_brand":[],"product_cat":[279],"product_tag":[],"class_list":{"0":"post-17791","1":"product","2":"type-product","3":"status-publish","4":"has-post-thumbnail","6":"product_cat-suzuki-laivu-dzineji","8":"first","9":"instock","10":"taxable","11":"shipping-taxable","12":"purchasable","13":"product-type-simple"},"jetpack_sharing_enabled":true,"_links":{"self":[{"href":"https:\/\/shop.bushboats.com\/index.php\/wp-json\/wp\/v2\/product\/17791","targetHints":{"allow":["GET"]}}],"collection":[{"href":"https:\/\/shop.bushboats.com\/index.php\/wp-json\/wp\/v2\/product"}],"about":[{"href":"https:\/\/shop.bushboats.com\/index.php\/wp-json\/wp\/v2\/types\/product"}],"replies":[{"embeddable":true,"href":"https:\/\/shop.bushboats.com\/index.php\/wp-json\/wp\/v2\/comments?post=17791"}],"wp:featuredmedia":[{"embeddable":true,"href":"https:\/\/shop.bushboats.com\/index.php\/wp-json\/wp\/v2\/media\/17801"}],"wp:attachment":[{"href":"https:\/\/shop.bushboats.com\/index.php\/wp-json\/wp\/v2\/media?parent=17791"}],"wp:term":[{"taxonomy":"product_brand","embeddable":true,"href":"https:\/\/shop.bushboats.com\/index.php\/wp-json\/wp\/v2\/product_brand?post=17791"},{"taxonomy":"product_cat","embeddable":true,"href":"https:\/\/shop.bushboats.com\/index.php\/wp-json\/wp\/v2\/product_cat?post=17791"},{"taxonomy":"product_tag","embeddable":true,"href":"https:\/\/shop.bushboats.com\/index.php\/wp-json\/wp\/v2\/product_tag?post=17791"}],"curies":[{"name":"wp","href":"https:\/\/api.w.org\/{rel}","templated":true}]}}