{"id":17817,"date":"2024-03-26T11:06:19","date_gmt":"2024-03-26T09:06:19","guid":{"rendered":"https:\/\/shop.bushboats.com\/?post_type=product&#038;p=17817"},"modified":"2024-03-26T11:06:19","modified_gmt":"2024-03-26T09:06:19","slug":"suzuki-df-9-9bs","status":"publish","type":"product","link":"https:\/\/shop.bushboats.com\/index.php\/produkts\/suzuki-df-9-9bs\/","title":{"rendered":"SUZUKI DF 9.9BS"},"content":{"rendered":"<div class=\"parameters\">\n<div class=\"parameter\">\n<div class=\"parameter__name\">Maks.apgriezieni, RPM\u00a0 \u00a0 \u00a0 \u00a0 \u00a0 \u00a0 \u00a0 \u00a0 \u00a0 \u00a0 \u00a0 4700-5700<\/div>\n<\/div>\n<div class=\"parameter\">\n<div class=\"parameter__name\">Degvielas tvertne, L\u00a0 \u00a0 \u00a0 \u00a0 \u00a0 \u00a0 \u00a0 \u00a0 \u00a0 \u00a0 \u00a0 \u00a0 \u00a0 \u00a0 12 L<\/div>\n<\/div>\n<div class=\"parameter\">\n<div class=\"parameter__name\">Vad\u012bba\u00a0 \u00a0 \u00a0 \u00a0 \u00a0 \u00a0 \u00a0 \u00a0 \u00a0 \u00a0 \u00a0 \u00a0 \u00a0 \u00a0 \u00a0 \u00a0 \u00a0 \u00a0 \u00a0 \u00a0 \u00a0 \u00a0 \u00a0 \u00a0 \u00a0 \u00a0Rokas<\/div>\n<\/div>\n<div class=\"parameter\">\n<div class=\"parameter__name\">P\u0101rnesumskaitlis\u00a0 \u00a0 \u00a0 \u00a0 \u00a0 \u00a0 \u00a0 \u00a0 \u00a0 \u00a0 \u00a0 \u00a0 \u00a0 \u00a0 \u00a0 \u00a0 \u00a02.08:01<\/div>\n<\/div>\n<div class=\"parameter\">\n<div class=\"parameter__name\">Maksim\u0101la jauda, ZS\/KW\u00a0 \u00a0 \u00a0 \u00a0 \u00a0 \u00a0 \u00a0 \u00a0 \u00a09.9 \/ 7.3<\/div>\n<\/div>\n<div class=\"parameter\">\n<div class=\"parameter__name\">Palai\u0161anas sist\u0113ma\u00a0 \u00a0 \u00a0 \u00a0 \u00a0 \u00a0 \u00a0 \u00a0 \u00a0 \u00a0 \u00a0 \u00a0 \u00a0 \u00a0 \u00a0 Rokas\/Manu\u0101la<\/div>\n<\/div>\n<div class=\"parameter\">\n<div class=\"parameter__name\">Dzin\u0113ja svars, kg\u00a0 \u00a0 \u00a0 \u00a0 \u00a0 \u00a0 \u00a0 \u00a0 \u00a0 \u00a0 \u00a0 \u00a0 \u00a0 \u00a0 \u00a0 \u00a0 \u00a044<\/div>\n<\/div>\n<div class=\"parameter\">\n<div class=\"parameter__name\">Cilindra tilpums, cm3\u00a0 \u00a0 \u00a0 \u00a0 \u00a0 \u00a0 \u00a0 \u00a0 \u00a0 \u00a0 \u00a0 \u00a0 327<\/div>\n<\/div>\n<div class=\"parameter\">\n<div class=\"parameter__name\">Degvielas sist\u0113ma\u00a0 \u00a0 \u00a0 \u00a0 \u00a0 \u00a0 \u00a0 \u00a0 \u00a0 \u00a0 \u00a0 \u00a0 \u00a0 \u00a0 \u00a0 \u00a0Elektrisk\u0101 iesmidzin\u0101\u0161ana<\/div>\n<\/div>\n<div class=\"parameter\">\n<div class=\"parameter__name\">Cilindru skaits\u00a0 \u00a0 \u00a0 \u00a0 \u00a0 \u00a0 \u00a0 \u00a0 \u00a0 \u00a0 \u00a0 \u00a0 \u00a0 \u00a0 \u00a0 \u00a0 \u00a0 \u00a0 2 cilindri<\/div>\n<\/div>\n<div class=\"parameter\">\n<div class=\"parameter__name\">Reduktora garums, mm\u00a0 \u00a0 \u00a0 \u00a0 \u00a0 \u00a0 \u00a0 \u00a0 \u00a0 \u00a0 15&#8243; \/ 381 mm<\/div>\n<\/div>\n<\/div>\n<div class=\"product-info\">\n<p>Suzuki\u00a0 DF9.9B ir paredz\u0113ts vid\u0113jas klases peldl\u012bdzek\u013ciem: piep\u016b\u0161amaj\u0101m laiv\u0101m, neliel\u0101m\u00a0\u00a0cietkorpusa laiv\u0101m, jaht\u0101m, peldo\u0161\u0101m b\u0101z\u0113m, plostiem un zvejas laiv\u0101m. \u0160ie dzin\u0113ji apr\u012bkoti ar t\u0101d\u0101m modern\u0101m \u010detrtaktu dzin\u0113ju funkcij\u0101m, elektronisko degvielas iesmidzi (EFI), Lean Burn vad\u012bbas bloku k\u0101 ar\u012b 4 aizsardz\u012bbas sist\u0113m\u0101m:<\/p>\n<p>Zema e\u013c\u013cas spiediena br\u012bdin\u0101juma sist\u0113ma,<br \/>\nPaaugstin\u0101tas dzin\u0113ja teperat\u016bras br\u012bdin\u0101juma sist\u0113ma,<br \/>\nPaaugstin\u0101tu apgriezienu br\u012bdin\u0101juma sist\u0113ma, &#8221;<br \/>\njeb max. apgriezienu ierobe\u017eot\u0101js,<br \/>\nDzin\u0113ja diagnostikas sist\u0113ma.<\/p>\n<p>327\u00a0cm<sup>3<\/sup>\u00a0dzin\u0113ja cilindru tilpums\u00a0nodro\u0161ina \u013coti labu griezes momentu un pa\u0101trin\u0101jumu. Abiem mode\u013ciem ir pieejama gan elektrisk\u0101, gan manu\u0101l\u0101 rokas start\u0113\u0161ana, k\u0101 ar\u012b divu veidu vad\u012b\u0161anas iesp\u0113jas, izmantojot st\u016bres rokturi vai distances vad\u012bbu.<\/p>\n<p>\u0160ie \u010detrtaktu dzin\u0113ji ir \u012bpa\u0161i klusi pateicoties tr\u012bspak\u0101pju trok\u0161\u0146u sl\u0101p\u0113\u0161anas kamerai un centr\u0101lajai izpl\u016bdes sist\u0113mai.<\/p>\n<\/div>\n","protected":false},"excerpt":{"rendered":"<p>Maks.apgriezieni, RPM\u00a0 \u00a0 \u00a0 \u00a0 \u00a0 \u00a0 \u00a0 \u00a0 \u00a0 \u00a0 \u00a0 4700-5700 Degvielas tvertne, L\u00a0 \u00a0 \u00a0 \u00a0 \u00a0 \u00a0 \u00a0 \u00a0 \u00a0 \u00a0 \u00a0 \u00a0 \u00a0 \u00a0 12 L Vad\u012bba\u00a0 \u00a0 \u00a0 \u00a0 \u00a0 \u00a0 \u00a0 \u00a0 \u00a0 \u00a0 \u00a0 \u00a0 \u00a0 \u00a0 \u00a0 \u00a0 \u00a0 \u00a0 \u00a0 \u00a0 \u00a0 \u00a0 \u00a0 \u00a0 [&hellip;]<\/p>\n","protected":false},"featured_media":17818,"comment_status":"open","ping_status":"closed","template":"","meta":[],"product_brand":[],"product_cat":[279],"product_tag":[],"class_list":{"0":"post-17817","1":"product","2":"type-product","3":"status-publish","4":"has-post-thumbnail","6":"product_cat-suzuki-laivu-dzineji","8":"first","9":"instock","10":"taxable","11":"shipping-taxable","12":"purchasable","13":"product-type-simple"},"jetpack_sharing_enabled":true,"_links":{"self":[{"href":"https:\/\/shop.bushboats.com\/index.php\/wp-json\/wp\/v2\/product\/17817","targetHints":{"allow":["GET"]}}],"collection":[{"href":"https:\/\/shop.bushboats.com\/index.php\/wp-json\/wp\/v2\/product"}],"about":[{"href":"https:\/\/shop.bushboats.com\/index.php\/wp-json\/wp\/v2\/types\/product"}],"replies":[{"embeddable":true,"href":"https:\/\/shop.bushboats.com\/index.php\/wp-json\/wp\/v2\/comments?post=17817"}],"wp:featuredmedia":[{"embeddable":true,"href":"https:\/\/shop.bushboats.com\/index.php\/wp-json\/wp\/v2\/media\/17818"}],"wp:attachment":[{"href":"https:\/\/shop.bushboats.com\/index.php\/wp-json\/wp\/v2\/media?parent=17817"}],"wp:term":[{"taxonomy":"product_brand","embeddable":true,"href":"https:\/\/shop.bushboats.com\/index.php\/wp-json\/wp\/v2\/product_brand?post=17817"},{"taxonomy":"product_cat","embeddable":true,"href":"https:\/\/shop.bushboats.com\/index.php\/wp-json\/wp\/v2\/product_cat?post=17817"},{"taxonomy":"product_tag","embeddable":true,"href":"https:\/\/shop.bushboats.com\/index.php\/wp-json\/wp\/v2\/product_tag?post=17817"}],"curies":[{"name":"wp","href":"https:\/\/api.w.org\/{rel}","templated":true}]}}