{"id":17946,"date":"2024-03-26T13:10:47","date_gmt":"2024-03-26T11:10:47","guid":{"rendered":"https:\/\/shop.bushboats.com\/?post_type=product&#038;p=17946"},"modified":"2024-03-26T13:10:47","modified_gmt":"2024-03-26T11:10:47","slug":"suzuki-df-40ats-efi","status":"publish","type":"product","link":"https:\/\/shop.bushboats.com\/index.php\/produkts\/suzuki-df-40ats-efi\/","title":{"rendered":"SUZUKI DF 40ATS EFI"},"content":{"rendered":"<div class=\"parameters\">\n<div class=\"parameter\">\n<div class=\"parameter__name\">Degvielas tvertne, L\u00a0 \u00a0 \u00a0 \u00a0 \u00a0 \u00a0 \u00a0 25 L<\/div>\n<\/div>\n<div class=\"parameter\">\n<div class=\"parameter__name\">Vad\u012bba\u00a0 \u00a0 \u00a0 \u00a0 \u00a0 \u00a0 \u00a0 \u00a0 \u00a0 \u00a0 \u00a0 \u00a0 \u00a0 \u00a0 \u00a0 \u00a0 \u00a0 \u00a0 \u00a0T\u0101lvad\u012bba<\/div>\n<\/div>\n<div class=\"parameter\">\n<div class=\"parameter__name\">P\u0101rnesumskaitlis\u00a0 \u00a0 \u00a0 \u00a0 \u00a0 \u00a0 \u00a0 \u00a0 \u00a0 2.27:1<\/div>\n<\/div>\n<div class=\"parameter\">\n<div class=\"parameter__name\">Maksim\u0101la jauda, ZS\/KW\u00a0 40\/30<\/div>\n<\/div>\n<div class=\"parameter\">\n<div class=\"parameter__name\">Palai\u0161anas sist\u0113ma\u00a0 \u00a0 \u00a0 \u00a0 \u00a0 \u00a0 \u00a0 \u00a0Start\u0113\u0161ana Elektrisk\u0101<\/div>\n<\/div>\n<div class=\"parameter\">\n<div class=\"parameter__name\">Dzin\u0113ja svars, kg\u00a0 \u00a0 \u00a0 \u00a0 \u00a0 \u00a0 \u00a0 \u00a0 \u00a0 102<\/div>\n<\/div>\n<div class=\"parameter\">\n<div class=\"parameter__name\">Cilindra tilpums, cm3\u00a0 \u00a0 \u00a0 \u00a0 \u00a0941<\/div>\n<\/div>\n<div class=\"parameter\">\n<div class=\"parameter__name\">Degvielas sist\u0113ma\u00a0 \u00a0 \u00a0 \u00a0 \u00a0 \u00a0 \u00a0 \u00a0 Elektrisk\u0101 iesmidzin\u0101\u0161ana<\/div>\n<\/div>\n<div class=\"parameter\">\n<div class=\"parameter__name\">Cilindru skaits\u00a0 \u00a0 \u00a0 \u00a0 \u00a0 \u00a0 \u00a0 \u00a0 \u00a0 \u00a0 \u00a0 3 cilindri<\/div>\n<\/div>\n<div class=\"parameter\">\n<div class=\"parameter__name\">Reduktora garums, mm\u00a0 \u00a0 \u00a0 15&#8243; \/ 381 mm<\/div>\n<\/div>\n<div class=\"parameter\">\n<div class=\"parameter__name\">Maks.apgriezieni, RPM\u00a0 \u00a0 \u00a05000-6000<\/div>\n<\/div>\n<\/div>\n<div class=\"product-info\">\n<p>APRAKSTS<\/p>\n<p>DF40A ir viegls dzin\u0113js ar 941cc. cm, 12 v\u0101rsti un divas aug\u0161\u0113j\u0101s sadales v\u0101rpstas, ar sec\u012bgu daudzpunktu elektronisko degvielas iesmidzin\u0101\u0161anu un gaisa iepl\u016bdes sist\u0113mu, kas optimiz\u0113ta maksim\u0101lai efektivit\u0101tei. T\u0101 pamat\u0101 ir augstas veiktsp\u0113jas Suzuki automobi\u013cu dzin\u0113ji. E\u013c\u013cas s\u016bk\u0146a \u012bpa\u0161ais dizains veicina efekt\u012bv\u0101ku e\u013c\u013cas p\u0101reju, lab\u0101ku kust\u012bgo da\u013cu e\u013c\u013co\u0161anu, net\u0113r\u0113jot ener\u0123iju. Meh\u0101nisko zudumu samazin\u0101\u0161ana nodro\u0161ina augst\u0101ku degvielas pat\u0113ri\u0146a efektivit\u0101ti. 2012. gada vasaras olimpisko sp\u0113\u013cu laik\u0101 London\u0101 DF40 motors tiks izmantots k\u0101 viens no bur\u0101\u0161anas regates motoru mode\u013ciem, un tas v\u0113lreiz apliecina \u0161\u012b dzin\u0113ja uzticam\u012bbu un efektivit\u0101ti.<br \/>\nMOTORA PAKETE<\/p>\n<p>Lieto\u0161anas instrukcija, instrumenti, skr\u016bve, mont\u0101\u017eas skr\u016bves, 25 litru tvertne, degvielas \u0161\u013c\u016btene ar spuldzi, bl\u012bv\u0113juma uzmava, stienis, t\u0101lvad\u012bbas pults.<br \/>\nPIEZ\u012aME<\/p>\n<p>* Ra\u017eot\u0101js patur ties\u012bbas veikt izmai\u0146as preces dizaina \u012bpa\u0161\u012bb\u0101s, t\u0101 iepakojum\u0101 un dizain\u0101.<br \/>\nL\u016bdzu, pirms pirkuma veik\u0161anas p\u0101rbaudiet interes\u0113jo\u0161\u0101s preces \u012bpa\u0161\u012bbas, tostarp inform\u0101ciju par \u0161\u012bs preces pieejam\u012bbu.<br \/>\nTRANSOMA AUGSTUMS<\/p>\n<p>S &#8211; 381 mm<br \/>\nL &#8211; 508 mm<br \/>\nX &#8211; 635 mm<br \/>\nXX &#8211; 762 mm<\/p>\n<\/div>\n","protected":false},"excerpt":{"rendered":"<p>Degvielas tvertne, L\u00a0 \u00a0 \u00a0 \u00a0 \u00a0 \u00a0 \u00a0 25 L Vad\u012bba\u00a0 \u00a0 \u00a0 \u00a0 \u00a0 \u00a0 \u00a0 \u00a0 \u00a0 \u00a0 \u00a0 \u00a0 \u00a0 \u00a0 \u00a0 \u00a0 \u00a0 \u00a0 \u00a0T\u0101lvad\u012bba P\u0101rnesumskaitlis\u00a0 \u00a0 \u00a0 \u00a0 \u00a0 \u00a0 \u00a0 \u00a0 \u00a0 2.27:1 Maksim\u0101la jauda, ZS\/KW\u00a0 40\/30 Palai\u0161anas sist\u0113ma\u00a0 \u00a0 \u00a0 \u00a0 \u00a0 \u00a0 \u00a0 \u00a0Start\u0113\u0161ana Elektrisk\u0101 Dzin\u0113ja [&hellip;]<\/p>\n","protected":false},"featured_media":17959,"comment_status":"open","ping_status":"closed","template":"","meta":[],"product_brand":[],"product_cat":[279],"product_tag":[],"class_list":{"0":"post-17946","1":"product","2":"type-product","3":"status-publish","4":"has-post-thumbnail","6":"product_cat-suzuki-laivu-dzineji","8":"first","9":"instock","10":"taxable","11":"shipping-taxable","12":"purchasable","13":"product-type-simple"},"jetpack_sharing_enabled":true,"_links":{"self":[{"href":"https:\/\/shop.bushboats.com\/index.php\/wp-json\/wp\/v2\/product\/17946","targetHints":{"allow":["GET"]}}],"collection":[{"href":"https:\/\/shop.bushboats.com\/index.php\/wp-json\/wp\/v2\/product"}],"about":[{"href":"https:\/\/shop.bushboats.com\/index.php\/wp-json\/wp\/v2\/types\/product"}],"replies":[{"embeddable":true,"href":"https:\/\/shop.bushboats.com\/index.php\/wp-json\/wp\/v2\/comments?post=17946"}],"wp:featuredmedia":[{"embeddable":true,"href":"https:\/\/shop.bushboats.com\/index.php\/wp-json\/wp\/v2\/media\/17959"}],"wp:attachment":[{"href":"https:\/\/shop.bushboats.com\/index.php\/wp-json\/wp\/v2\/media?parent=17946"}],"wp:term":[{"taxonomy":"product_brand","embeddable":true,"href":"https:\/\/shop.bushboats.com\/index.php\/wp-json\/wp\/v2\/product_brand?post=17946"},{"taxonomy":"product_cat","embeddable":true,"href":"https:\/\/shop.bushboats.com\/index.php\/wp-json\/wp\/v2\/product_cat?post=17946"},{"taxonomy":"product_tag","embeddable":true,"href":"https:\/\/shop.bushboats.com\/index.php\/wp-json\/wp\/v2\/product_tag?post=17946"}],"curies":[{"name":"wp","href":"https:\/\/api.w.org\/{rel}","templated":true}]}}