{"id":17984,"date":"2024-03-26T13:24:21","date_gmt":"2024-03-26T11:24:21","guid":{"rendered":"https:\/\/shop.bushboats.com\/?post_type=product&#038;p=17984"},"modified":"2024-03-26T13:24:21","modified_gmt":"2024-03-26T11:24:21","slug":"suzuki-df-50atl-ef","status":"publish","type":"product","link":"https:\/\/shop.bushboats.com\/index.php\/produkts\/suzuki-df-50atl-ef\/","title":{"rendered":"SUZUKI DF 50ATL EF"},"content":{"rendered":"<div class=\"parameters\">\n<div class=\"parameter\">\n<div class=\"parameter__name\">Maks.apgriezieni, RPM\u00a0 \u00a0 \u00a0 \u00a0 \u00a0 \u00a0 \u00a0 \u00a0 \u00a0 \u00a0 \u00a0 \u00a0 \u00a0 \u00a0 \u00a05300-6300<\/div>\n<\/div>\n<div class=\"parameter\">\n<div class=\"parameter__name\">Degvielas tvertne, L\u00a0 \u00a0 \u00a0 \u00a0 \u00a0 \u00a0 \u00a0 \u00a0 \u00a0 \u00a0 \u00a0 \u00a0 \u00a0 \u00a0 \u00a0 \u00a0 \u00a0 \u00a0 25 L<\/div>\n<\/div>\n<div class=\"parameter\">\n<div class=\"parameter__name\">Vad\u012bba\u00a0 \u00a0 \u00a0 \u00a0 \u00a0 \u00a0 \u00a0 \u00a0 \u00a0 \u00a0 \u00a0 \u00a0 \u00a0 \u00a0 \u00a0 \u00a0 \u00a0 \u00a0 \u00a0 \u00a0 \u00a0 \u00a0 \u00a0 \u00a0 \u00a0 \u00a0 \u00a0 \u00a0 \u00a0 T\u0101lvad\u012bba<\/div>\n<\/div>\n<div class=\"parameter\">\n<div class=\"parameter__name\">P\u0101rnesumskaitlis\u00a0 \u00a0 \u00a0 \u00a0 \u00a0 \u00a0 \u00a0 \u00a0 \u00a0 \u00a0 \u00a0 \u00a0 \u00a0 \u00a0 \u00a0 \u00a0 \u00a0 \u00a0 \u00a0 \u00a0 2.27:1<\/div>\n<\/div>\n<div class=\"parameter\">\n<div class=\"parameter__name\">Maksim\u0101la jauda, ZS\/KW\u00a0 \u00a0 \u00a0 \u00a0 \u00a0 \u00a0 \u00a0 \u00a0 \u00a0 \u00a0 \u00a0 \u00a0 50\/36.78<\/div>\n<\/div>\n<div class=\"parameter\">\n<div class=\"parameter__name\">Palai\u0161anas sist\u0113ma\u00a0 \u00a0 \u00a0 \u00a0 \u00a0 \u00a0 \u00a0 \u00a0 \u00a0 \u00a0 \u00a0 \u00a0 \u00a0 \u00a0 \u00a0 \u00a0 \u00a0 \u00a0 \u00a0Start\u0113\u0161ana Elektrisk\u0101<\/div>\n<\/div>\n<div class=\"parameter\">\n<div class=\"parameter__name\">Dzin\u0113ja svars, kg\u00a0 \u00a0 \u00a0 \u00a0 \u00a0 \u00a0 \u00a0 \u00a0 \u00a0 \u00a0 \u00a0 \u00a0 \u00a0 \u00a0 \u00a0 \u00a0 \u00a0 \u00a0 \u00a0 \u00a0 104<\/div>\n<\/div>\n<div class=\"parameter\">\n<div class=\"parameter__name\">Cilindra tilpums, cm3\u00a0 \u00a0 \u00a0 \u00a0 \u00a0 \u00a0 \u00a0 \u00a0 \u00a0 \u00a0 \u00a0 \u00a0 \u00a0 \u00a0 \u00a0 \u00a0941<\/div>\n<\/div>\n<div class=\"parameter\">\n<div class=\"parameter__name\">Degvielas sist\u0113ma\u00a0 \u00a0 \u00a0 \u00a0 \u00a0 \u00a0 \u00a0 \u00a0 \u00a0 \u00a0 \u00a0 \u00a0 \u00a0 \u00a0 \u00a0 \u00a0 \u00a0 \u00a0 \u00a0 Elektrisk\u0101 iesmidzin\u0101\u0161ana<\/div>\n<\/div>\n<div class=\"parameter\">\n<div class=\"parameter__name\">Cilindru skaits\u00a0 \u00a0 \u00a0 \u00a0 \u00a0 \u00a0 \u00a0 \u00a0 \u00a0 \u00a0 \u00a0 \u00a0 \u00a0 \u00a0 \u00a0 \u00a0 \u00a0 \u00a0 \u00a0 \u00a0 \u00a0 \u00a0 3 cilindri<\/div>\n<\/div>\n<div class=\"parameter\">\n<div class=\"parameter__name\">Reduktora garums, mm\u00a0 \u00a0 \u00a0 \u00a0 \u00a0 \u00a0 \u00a0 \u00a0 \u00a0 \u00a0 \u00a0 \u00a0 \u00a0 \u00a0 508 mm<\/div>\n<\/div>\n<\/div>\n<div class=\"product-info\">\n<p>\u012apa\u0161a vad\u012bbas tehnolo\u0123ija \u013cauj DF50 dzin\u0113jam darboties ar \u013coti liesu gaisa\/degvielas mais\u012bjumu, piel\u0101gojot degvielas pat\u0113ri\u0146u atbilsto\u0161i ekspluat\u0101cijas apst\u0101k\u013ciem. Apr\u012bkots ar MPS EFI daudzpunktu sec\u012bgo degvielas iesmidzin\u0101\u0161anu, dzin\u0113ja pa\u0161diagnostikas sist\u0113mu, piln\u012bb\u0101 tranzistoriz\u0113tu aizdedzes sist\u0113mu. E\u013c\u013cas s\u016bk\u0146a \u012bpa\u0161ais dizains veicina efekt\u012bv\u0101ku e\u013c\u013cas p\u0101reju, lab\u0101ku kust\u012bgo da\u013cu e\u013c\u013co\u0161anu, net\u0113r\u0113jot ener\u0123iju. Meh\u0101nisko zudumu samazin\u0101\u0161ana nodro\u0161ina lab\u0101ku degvielas ekonomiju un samazina emisijas. DF50 izmantot\u0101s uzlabot\u0101s degvielas ekonomijas tehnolo\u0123ijas rada visus apst\u0101k\u013cus maksim\u0101lai efektivit\u0101tei, uzticam\u012bbai un videi draudz\u012bgumam.<\/p>\n<\/div>\n","protected":false},"excerpt":{"rendered":"<p>Maks.apgriezieni, RPM\u00a0 \u00a0 \u00a0 \u00a0 \u00a0 \u00a0 \u00a0 \u00a0 \u00a0 \u00a0 \u00a0 \u00a0 \u00a0 \u00a0 \u00a05300-6300 Degvielas tvertne, L\u00a0 \u00a0 \u00a0 \u00a0 \u00a0 \u00a0 \u00a0 \u00a0 \u00a0 \u00a0 \u00a0 \u00a0 \u00a0 \u00a0 \u00a0 \u00a0 \u00a0 \u00a0 25 L Vad\u012bba\u00a0 \u00a0 \u00a0 \u00a0 \u00a0 \u00a0 \u00a0 \u00a0 \u00a0 \u00a0 \u00a0 \u00a0 \u00a0 \u00a0 \u00a0 \u00a0 \u00a0 [&hellip;]<\/p>\n","protected":false},"featured_media":17991,"comment_status":"open","ping_status":"closed","template":"","meta":[],"product_brand":[],"product_cat":[279],"product_tag":[],"class_list":{"0":"post-17984","1":"product","2":"type-product","3":"status-publish","4":"has-post-thumbnail","6":"product_cat-suzuki-laivu-dzineji","8":"first","9":"instock","10":"taxable","11":"shipping-taxable","12":"purchasable","13":"product-type-simple"},"jetpack_sharing_enabled":true,"_links":{"self":[{"href":"https:\/\/shop.bushboats.com\/index.php\/wp-json\/wp\/v2\/product\/17984","targetHints":{"allow":["GET"]}}],"collection":[{"href":"https:\/\/shop.bushboats.com\/index.php\/wp-json\/wp\/v2\/product"}],"about":[{"href":"https:\/\/shop.bushboats.com\/index.php\/wp-json\/wp\/v2\/types\/product"}],"replies":[{"embeddable":true,"href":"https:\/\/shop.bushboats.com\/index.php\/wp-json\/wp\/v2\/comments?post=17984"}],"wp:featuredmedia":[{"embeddable":true,"href":"https:\/\/shop.bushboats.com\/index.php\/wp-json\/wp\/v2\/media\/17991"}],"wp:attachment":[{"href":"https:\/\/shop.bushboats.com\/index.php\/wp-json\/wp\/v2\/media?parent=17984"}],"wp:term":[{"taxonomy":"product_brand","embeddable":true,"href":"https:\/\/shop.bushboats.com\/index.php\/wp-json\/wp\/v2\/product_brand?post=17984"},{"taxonomy":"product_cat","embeddable":true,"href":"https:\/\/shop.bushboats.com\/index.php\/wp-json\/wp\/v2\/product_cat?post=17984"},{"taxonomy":"product_tag","embeddable":true,"href":"https:\/\/shop.bushboats.com\/index.php\/wp-json\/wp\/v2\/product_tag?post=17984"}],"curies":[{"name":"wp","href":"https:\/\/api.w.org\/{rel}","templated":true}]}}