{"id":18011,"date":"2024-03-26T13:44:53","date_gmt":"2024-03-26T11:44:53","guid":{"rendered":"https:\/\/shop.bushboats.com\/?post_type=product&#038;p=18011"},"modified":"2024-03-26T13:44:53","modified_gmt":"2024-03-26T11:44:53","slug":"suzuki-df-60atl-efi","status":"publish","type":"product","link":"https:\/\/shop.bushboats.com\/index.php\/produkts\/suzuki-df-60atl-efi\/","title":{"rendered":"SUZUKI DF 60ATL EFI"},"content":{"rendered":"<div class=\"parameters\">\n<div class=\"parameter\">\n<div class=\"parameter__name\">Cilindru skaits\u00a0 \u00a0 \u00a0 \u00a0 \u00a0 \u00a0 \u00a0 \u00a0 \u00a0 \u00a0 \u00a0 \u00a0 \u00a0 \u00a0 \u00a0 \u00a0 \u00a0 \u00a0 \u00a0 \u00a0 \u00a03 cilindri<\/div>\n<\/div>\n<div class=\"parameter\">\n<div class=\"parameter__name\">Reduktora garums, mm\u00a0 \u00a0 \u00a0 \u00a0 \u00a0 \u00a0 \u00a0 \u00a0 \u00a0 \u00a0 \u00a0 \u00a0 508 mm<\/div>\n<\/div>\n<div class=\"parameter\">\n<div class=\"parameter__name\">Maks.apgriezieni, RPM\u00a0 \u00a0 \u00a0 \u00a0 \u00a0 \u00a0 \u00a0 \u00a0 \u00a0 \u00a0 \u00a0 \u00a0 5300-6300<\/div>\n<\/div>\n<div class=\"parameter\">\n<div class=\"parameter__name\">Degvielas tvertne, L\u00a0 \u00a0 \u00a0 \u00a0 \u00a0 \u00a0 \u00a0 \u00a0 \u00a0 \u00a0 \u00a0 \u00a0 \u00a0 \u00a0 \u00a0 25 L<\/div>\n<\/div>\n<div class=\"parameter\">\n<div class=\"parameter__name\">Vad\u012bba\u00a0 \u00a0 \u00a0 \u00a0 \u00a0 \u00a0 \u00a0 \u00a0 \u00a0 \u00a0 \u00a0 \u00a0 \u00a0 \u00a0 \u00a0 \u00a0 \u00a0 \u00a0 \u00a0 \u00a0 \u00a0 \u00a0 \u00a0 \u00a0 \u00a0 \u00a0 \u00a0T\u0101lvad\u012bba<\/div>\n<\/div>\n<div class=\"parameter\">\n<div class=\"parameter__name\">P\u0101rnesumskaitlis\u00a0 \u00a0 \u00a0 \u00a0 \u00a0 \u00a0 \u00a0 \u00a0 \u00a0 \u00a0 \u00a0 \u00a0 \u00a0 \u00a0 \u00a0 \u00a0 \u00a0 \u00a02.27:1<\/div>\n<\/div>\n<div class=\"parameter\">\n<div class=\"parameter__name\">Maksim\u0101la jauda, ZS\/KW\u00a0 \u00a0 \u00a0 \u00a0 \u00a0 \u00a0 \u00a0 \u00a0 \u00a0 60 \/ 44.1<\/div>\n<\/div>\n<div class=\"parameter\">\n<div class=\"parameter__name\">Palai\u0161anas sist\u0113ma\u00a0 \u00a0 \u00a0 \u00a0 \u00a0 \u00a0 \u00a0 \u00a0 \u00a0 \u00a0 \u00a0 \u00a0 \u00a0 \u00a0 \u00a0 \u00a0Start\u0113\u0161ana Elektrisk\u0101<\/div>\n<\/div>\n<div class=\"parameter\">\n<div class=\"parameter__name\">Dzin\u0113ja svars, kg\u00a0 \u00a0 \u00a0 \u00a0 \u00a0 \u00a0 \u00a0 \u00a0 \u00a0 \u00a0 \u00a0 \u00a0 \u00a0 \u00a0 \u00a0 \u00a0 \u00a0 \u00a0104<\/div>\n<\/div>\n<div class=\"parameter\">\n<div class=\"parameter__name\">Cilindra tilpums, cm3\u00a0 \u00a0 \u00a0 \u00a0 \u00a0 \u00a0 \u00a0 \u00a0 \u00a0 \u00a0 \u00a0 \u00a0 \u00a0 941<\/div>\n<\/div>\n<div class=\"parameter\">\n<div class=\"parameter__name\">Degvielas sist\u0113ma\u00a0 \u00a0 \u00a0 \u00a0 \u00a0 \u00a0 \u00a0 \u00a0 \u00a0 \u00a0 \u00a0 \u00a0 \u00a0 \u00a0 \u00a0 \u00a0 \u00a0Elektrisk\u0101 iesmidzin\u0101\u0161ana<\/div>\n<\/div>\n<\/div>\n<div class=\"product-info\">\n<p>Suzuki ir atz\u012bts l\u012bderis kompakto \u010detrtaktu piekarin\u0101mo dzin\u0113ju nozar\u0113. Jaunais augsto tehnolo\u0123iju DF60A atbilst \u0161ai reput\u0101cijai. In\u017eenieri ir p\u0101rveidoju\u0161i katru komponentu no pa\u0161a s\u0101kuma, \u0146emot v\u0113r\u0101 zin\u0101\u0161anas un tehnolo\u0123ijas, kas ieg\u016btas p\u0113d\u0113jo desmit gadu laik\u0101 piekaramo motoru ra\u017eo\u0161an\u0101. Suzuki lies\u0101s deg\u0161anas kontroles tehnolo\u0123ija \u013cauj piekarin\u0101majam motoram darboties ar \u013coti liesu gaisa\/degvielas mais\u012bjumu, piel\u0101gojot degvielas pl\u016bsmu atbilsto\u0161i ekspluat\u0101cijas apst\u0101k\u013ciem. Viena no svar\u012bg\u0101m konstrukcijas iez\u012bm\u0113m ir divas sadales v\u0101rpstas ar 12 v\u0101rstiem, kas palielina motora efektivit\u0101ti un jaudu. \u012apa\u0161i izstr\u0101d\u0101tais e\u013c\u013cas s\u016bknis \u013cauj e\u013c\u013cai iziet cauri e\u013c\u013co\u0161anas sist\u0113mai ar vismaz\u0101ko pretest\u012bbu, k\u0101 rezult\u0101t\u0101 samazin\u0101s meh\u0101niskie zudumi, k\u0101 rezult\u0101t\u0101 ir augsta degvielas ekonomija. Apr\u012bkots ar augstas efektivit\u0101tes elektronisko degvielas iesmidzin\u0101\u0161anu, bezapkopes zobratu \u0137\u0113di \u2013 pirmo 60 ZS dzin\u0113ju klas\u0113, jaunu atsitiena ierobe\u017eot\u0101ju, kas darbojas ar\u012b k\u0101 sl\u012bpuma sensoru, un jaud\u012bgu 19 amp\u0113ru \u0123eneratoru. DF60A ir viegl\u0101kais un kompakt\u0101kais 60 ZS piekarin\u0101mais motors. Mak\u0161\u0137er\u0113jot vai med\u012bb\u0101s, atkl\u0101t\u0101 j\u016br\u0101 vai p\u0101rg\u0101jienos pa upi &#8211; vi\u0146\u0161 nekad nenogurst pier\u0101d\u012bt savu efektivit\u0101ti, ekonomiju un veiktsp\u0113ju.<\/p>\n<\/div>\n","protected":false},"excerpt":{"rendered":"<p>Cilindru skaits\u00a0 \u00a0 \u00a0 \u00a0 \u00a0 \u00a0 \u00a0 \u00a0 \u00a0 \u00a0 \u00a0 \u00a0 \u00a0 \u00a0 \u00a0 \u00a0 \u00a0 \u00a0 \u00a0 \u00a0 \u00a03 cilindri Reduktora garums, mm\u00a0 \u00a0 \u00a0 \u00a0 \u00a0 \u00a0 \u00a0 \u00a0 \u00a0 \u00a0 \u00a0 \u00a0 508 mm Maks.apgriezieni, RPM\u00a0 \u00a0 \u00a0 \u00a0 \u00a0 \u00a0 \u00a0 \u00a0 \u00a0 \u00a0 \u00a0 \u00a0 5300-6300 Degvielas tvertne, [&hellip;]<\/p>\n","protected":false},"featured_media":18018,"comment_status":"open","ping_status":"closed","template":"","meta":[],"product_brand":[],"product_cat":[279],"product_tag":[],"class_list":{"0":"post-18011","1":"product","2":"type-product","3":"status-publish","4":"has-post-thumbnail","6":"product_cat-suzuki-laivu-dzineji","8":"first","9":"instock","10":"taxable","11":"shipping-taxable","12":"purchasable","13":"product-type-simple"},"jetpack_sharing_enabled":true,"_links":{"self":[{"href":"https:\/\/shop.bushboats.com\/index.php\/wp-json\/wp\/v2\/product\/18011","targetHints":{"allow":["GET"]}}],"collection":[{"href":"https:\/\/shop.bushboats.com\/index.php\/wp-json\/wp\/v2\/product"}],"about":[{"href":"https:\/\/shop.bushboats.com\/index.php\/wp-json\/wp\/v2\/types\/product"}],"replies":[{"embeddable":true,"href":"https:\/\/shop.bushboats.com\/index.php\/wp-json\/wp\/v2\/comments?post=18011"}],"wp:featuredmedia":[{"embeddable":true,"href":"https:\/\/shop.bushboats.com\/index.php\/wp-json\/wp\/v2\/media\/18018"}],"wp:attachment":[{"href":"https:\/\/shop.bushboats.com\/index.php\/wp-json\/wp\/v2\/media?parent=18011"}],"wp:term":[{"taxonomy":"product_brand","embeddable":true,"href":"https:\/\/shop.bushboats.com\/index.php\/wp-json\/wp\/v2\/product_brand?post=18011"},{"taxonomy":"product_cat","embeddable":true,"href":"https:\/\/shop.bushboats.com\/index.php\/wp-json\/wp\/v2\/product_cat?post=18011"},{"taxonomy":"product_tag","embeddable":true,"href":"https:\/\/shop.bushboats.com\/index.php\/wp-json\/wp\/v2\/product_tag?post=18011"}],"curies":[{"name":"wp","href":"https:\/\/api.w.org\/{rel}","templated":true}]}}