{"id":18024,"date":"2024-03-26T13:51:14","date_gmt":"2024-03-26T11:51:14","guid":{"rendered":"https:\/\/shop.bushboats.com\/?post_type=product&#038;p=18024"},"modified":"2024-03-26T13:51:14","modified_gmt":"2024-03-26T11:51:14","slug":"suzuki-df-70atl-efi","status":"publish","type":"product","link":"https:\/\/shop.bushboats.com\/index.php\/produkts\/suzuki-df-70atl-efi\/","title":{"rendered":"SUZUKI DF 70ATL EFI"},"content":{"rendered":"<div class=\"parameters\">\n<div class=\"parameter\">\n<div class=\"parameter__name\">Cilindru skaits\u00a0 \u00a0 \u00a0 \u00a0 \u00a0 \u00a0 \u00a0 \u00a0 \u00a0 \u00a0 \u00a0 \u00a0 \u00a0 \u00a0 \u00a0 \u00a0 \u00a0 4 cilindri<\/div>\n<\/div>\n<div class=\"parameter\">\n<div class=\"parameter__name\">Reduktora garums, mm\u00a0 \u00a0 \u00a0 \u00a0 \u00a0 \u00a0 \u00a0 \u00a0 508 mm<\/div>\n<\/div>\n<div class=\"parameter\">\n<div class=\"parameter__name\">Maks.apgriezieni, RPM\u00a0 \u00a0 \u00a0 \u00a0 \u00a0 \u00a0 \u00a0 \u00a0 \u00a05000-6000<\/div>\n<\/div>\n<div class=\"parameter\">\n<div class=\"parameter__name\">Degvielas tvertne, L\u00a0 \u00a0 \u00a0 \u00a0 \u00a0 \u00a0 \u00a0 \u00a0 \u00a0 \u00a0 \u00a0 \u00a0 25 L<\/div>\n<\/div>\n<div class=\"parameter\">\n<div class=\"parameter__name\">Vad\u012bba\u00a0 \u00a0 \u00a0 \u00a0 \u00a0 \u00a0 \u00a0 \u00a0 \u00a0 \u00a0 \u00a0 \u00a0 \u00a0 \u00a0 \u00a0 \u00a0 \u00a0 \u00a0 \u00a0 \u00a0 \u00a0 \u00a0 \u00a0 \u00a0T\u0101lvad\u012bba<\/div>\n<\/div>\n<div class=\"parameter\">\n<div class=\"parameter__name\">P\u0101rnesumskaitlis\u00a0 \u00a0 \u00a0 \u00a0 \u00a0 \u00a0 \u00a0 \u00a0 \u00a0 \u00a0 \u00a0 \u00a0 \u00a0 \u00a0 \u00a02.59:1<\/div>\n<\/div>\n<div class=\"parameter\">\n<div class=\"parameter__name\">Maksim\u0101la jauda, ZS\/KW\u00a0 \u00a0 \u00a0 \u00a0 \u00a0 \u00a0 \u00a070\/51,48<\/div>\n<\/div>\n<div class=\"parameter\">\n<div class=\"parameter__name\">Palai\u0161anas sist\u0113ma\u00a0 \u00a0 \u00a0 \u00a0 \u00a0 \u00a0 \u00a0 \u00a0 \u00a0 \u00a0 \u00a0 \u00a0 Start\u0113\u0161ana Elektrisk\u0101<\/div>\n<\/div>\n<div class=\"parameter\">\n<div class=\"parameter__name\">Dzin\u0113ja svars, kg\u00a0 \u00a0 \u00a0 \u00a0 \u00a0 \u00a0 \u00a0 \u00a0 \u00a0 \u00a0 \u00a0 \u00a0 \u00a0 \u00a0 156<\/div>\n<\/div>\n<div class=\"parameter\">\n<div class=\"parameter__name\">Cilindra tilpums, cm3\u00a0 \u00a0 \u00a0 \u00a0 \u00a0 \u00a0 \u00a0 \u00a0 \u00a0 \u00a01502<\/div>\n<\/div>\n<div class=\"parameter\">\n<div class=\"parameter__name\">Degvielas sist\u0113ma\u00a0 \u00a0 \u00a0 \u00a0 \u00a0 \u00a0 \u00a0 \u00a0 \u00a0 \u00a0 \u00a0 \u00a0 \u00a0 Elektrisk\u0101 iesmidzin\u0101\u0161ana<\/div>\n<\/div>\n<\/div>\n<div class=\"product-info\">\n<p>Suzuki DF70A piekarin\u0101mais motors ir piln\u012bgi jauna izstr\u0101de, kas ietver daudzus progres\u012bvos sasniegumus, kas ir padar\u012bju\u0161i Suzuki par l\u012bderi \u010detrtaktu piekarin\u0101mo motoru jom\u0101. Pateicoties Suzuki in\u017eenieru izstr\u0101d\u0101tajai lies\u0101 mais\u012bjuma sist\u0113mai, degvielas pras\u012bbas tiek piel\u0101gotas atbilsto\u0161i ekspluat\u0101cijas apst\u0101k\u013ciem, k\u0101 rezult\u0101t\u0101 tiek pan\u0101kta iev\u0113rojama dzin\u0113ja efektivit\u0101te. \u012apa\u0161i uzlabojumi ir iev\u0113rojami samazin\u0101ju\u0161i motora troksni un vibr\u0101cijas. Tam ir ar\u012b sl\u012bpuma le\u0146\u0137a ierobe\u017eot\u0101js, kas paredz\u0113ts, lai aizsarg\u0101tu laivu no boj\u0101jumiem. Rezult\u0101t\u0101 DF70A, p\u0113c daudzu \u016bdens atp\u016btas entuziastu dom\u0101m, ir k\u013cuvis par ekonomiskuma, kompaktuma un viegluma ide\u0101lu.<\/p>\n<\/div>\n","protected":false},"excerpt":{"rendered":"<p>Cilindru skaits\u00a0 \u00a0 \u00a0 \u00a0 \u00a0 \u00a0 \u00a0 \u00a0 \u00a0 \u00a0 \u00a0 \u00a0 \u00a0 \u00a0 \u00a0 \u00a0 \u00a0 4 cilindri Reduktora garums, mm\u00a0 \u00a0 \u00a0 \u00a0 \u00a0 \u00a0 \u00a0 \u00a0 508 mm Maks.apgriezieni, RPM\u00a0 \u00a0 \u00a0 \u00a0 \u00a0 \u00a0 \u00a0 \u00a0 \u00a05000-6000 Degvielas tvertne, L\u00a0 \u00a0 \u00a0 \u00a0 \u00a0 \u00a0 \u00a0 \u00a0 \u00a0 \u00a0 \u00a0 [&hellip;]<\/p>\n","protected":false},"featured_media":18031,"comment_status":"open","ping_status":"closed","template":"","meta":[],"product_brand":[],"product_cat":[279],"product_tag":[],"class_list":{"0":"post-18024","1":"product","2":"type-product","3":"status-publish","4":"has-post-thumbnail","6":"product_cat-suzuki-laivu-dzineji","8":"first","9":"instock","10":"taxable","11":"shipping-taxable","12":"purchasable","13":"product-type-simple"},"jetpack_sharing_enabled":true,"_links":{"self":[{"href":"https:\/\/shop.bushboats.com\/index.php\/wp-json\/wp\/v2\/product\/18024","targetHints":{"allow":["GET"]}}],"collection":[{"href":"https:\/\/shop.bushboats.com\/index.php\/wp-json\/wp\/v2\/product"}],"about":[{"href":"https:\/\/shop.bushboats.com\/index.php\/wp-json\/wp\/v2\/types\/product"}],"replies":[{"embeddable":true,"href":"https:\/\/shop.bushboats.com\/index.php\/wp-json\/wp\/v2\/comments?post=18024"}],"wp:featuredmedia":[{"embeddable":true,"href":"https:\/\/shop.bushboats.com\/index.php\/wp-json\/wp\/v2\/media\/18031"}],"wp:attachment":[{"href":"https:\/\/shop.bushboats.com\/index.php\/wp-json\/wp\/v2\/media?parent=18024"}],"wp:term":[{"taxonomy":"product_brand","embeddable":true,"href":"https:\/\/shop.bushboats.com\/index.php\/wp-json\/wp\/v2\/product_brand?post=18024"},{"taxonomy":"product_cat","embeddable":true,"href":"https:\/\/shop.bushboats.com\/index.php\/wp-json\/wp\/v2\/product_cat?post=18024"},{"taxonomy":"product_tag","embeddable":true,"href":"https:\/\/shop.bushboats.com\/index.php\/wp-json\/wp\/v2\/product_tag?post=18024"}],"curies":[{"name":"wp","href":"https:\/\/api.w.org\/{rel}","templated":true}]}}