{"id":18047,"date":"2024-03-26T23:14:04","date_gmt":"2024-03-26T21:14:04","guid":{"rendered":"https:\/\/shop.bushboats.com\/?post_type=product&#038;p=18047"},"modified":"2025-08-11T09:42:53","modified_gmt":"2025-08-11T06:42:53","slug":"degvielas-tvertnes-izvads-ar-uzskruvejamu-uzgali","status":"publish","type":"product","link":"https:\/\/shop.bushboats.com\/index.php\/produkts\/degvielas-tvertnes-izvads-ar-uzskruvejamu-uzgali\/","title":{"rendered":"Degvielas tvertnes izvads ar uzskr\u016bv\u0113jamu uzgali"},"content":{"rendered":"<p>Degvielas izvads p\u0101rn\u0113s\u0101jam\u0101m un fiks\u0113t\u0101m tvertn\u0113m. Piem\u0113rots m\u016bsu portat\u012bvo tvert\u0146u kodam 300108 (12l)<\/p>\n","protected":false},"excerpt":{"rendered":"<p>Degvielas izvads p\u0101rn\u0113s\u0101jam\u0101m un fiks\u0113t\u0101m tvertn\u0113m. Piem\u0113rots m\u016bsu portat\u012bvo tvert\u0146u kodam 300108 (12l)<\/p>\n","protected":false},"featured_media":18048,"comment_status":"open","ping_status":"closed","template":"","meta":[],"product_brand":[],"product_cat":[765,264,54],"product_tag":[],"class_list":{"0":"post-18047","1":"product","2":"type-product","3":"status-publish","4":"has-post-thumbnail","6":"product_cat-degvielas-aprikojums","7":"product_cat-laivas-motora-aksesuari","8":"product_cat-accessories","10":"first","11":"instock","12":"taxable","13":"shipping-taxable","14":"purchasable","15":"product-type-simple"},"jetpack_sharing_enabled":true,"_links":{"self":[{"href":"https:\/\/shop.bushboats.com\/index.php\/wp-json\/wp\/v2\/product\/18047","targetHints":{"allow":["GET"]}}],"collection":[{"href":"https:\/\/shop.bushboats.com\/index.php\/wp-json\/wp\/v2\/product"}],"about":[{"href":"https:\/\/shop.bushboats.com\/index.php\/wp-json\/wp\/v2\/types\/product"}],"replies":[{"embeddable":true,"href":"https:\/\/shop.bushboats.com\/index.php\/wp-json\/wp\/v2\/comments?post=18047"}],"wp:featuredmedia":[{"embeddable":true,"href":"https:\/\/shop.bushboats.com\/index.php\/wp-json\/wp\/v2\/media\/18048"}],"wp:attachment":[{"href":"https:\/\/shop.bushboats.com\/index.php\/wp-json\/wp\/v2\/media?parent=18047"}],"wp:term":[{"taxonomy":"product_brand","embeddable":true,"href":"https:\/\/shop.bushboats.com\/index.php\/wp-json\/wp\/v2\/product_brand?post=18047"},{"taxonomy":"product_cat","embeddable":true,"href":"https:\/\/shop.bushboats.com\/index.php\/wp-json\/wp\/v2\/product_cat?post=18047"},{"taxonomy":"product_tag","embeddable":true,"href":"https:\/\/shop.bushboats.com\/index.php\/wp-json\/wp\/v2\/product_tag?post=18047"}],"curies":[{"name":"wp","href":"https:\/\/api.w.org\/{rel}","templated":true}]}}