{"id":18071,"date":"2024-03-27T10:11:35","date_gmt":"2024-03-27T08:11:35","guid":{"rendered":"https:\/\/shop.bushboats.com\/?post_type=product&#038;p=18071"},"modified":"2026-03-12T19:57:57","modified_gmt":"2026-03-12T17:57:57","slug":"akumulatora-kaste-mini-sarkana-krasa","status":"publish","type":"product","link":"https:\/\/shop.bushboats.com\/index.php\/produkts\/akumulatora-kaste-mini-sarkana-krasa\/","title":{"rendered":"AKUMULATORA KASTE MINI (SARKANA KRASA)"},"content":{"rendered":"<p>Akumulatora k\u0101rba izgatavota no iztur\u012bga plastmasas materi\u0101la.<br \/>\nKomplekt\u0101 ir siksna un regul\u0113jo\u0161\u0101 spr\u0101dze.<\/p>\n<p>Baterij\u0101m 50\/60\/70 Amp.<\/p>\n<p>Izm\u0113rs &#8211; 270 x 180 x 200h<\/p>\n","protected":false},"excerpt":{"rendered":"<p>Akumulatora k\u0101rba izgatavota no iztur\u012bga plastmasas materi\u0101la. Komplekt\u0101 ir siksna un regul\u0113jo\u0161\u0101 spr\u0101dze. Baterij\u0101m 50\/60\/70 Amp. Izm\u0113rs &#8211; 270 x 180 x 200h<\/p>\n","protected":false},"featured_media":18075,"comment_status":"open","ping_status":"closed","template":"","meta":[],"product_brand":[],"product_cat":[79,54],"product_tag":[],"class_list":{"0":"post-18071","1":"product","2":"type-product","3":"status-publish","4":"has-post-thumbnail","6":"product_cat-elektriskie-piederumi","7":"product_cat-accessories","9":"first","10":"instock","11":"taxable","12":"shipping-taxable","13":"purchasable","14":"product-type-simple"},"jetpack_sharing_enabled":true,"_links":{"self":[{"href":"https:\/\/shop.bushboats.com\/index.php\/wp-json\/wp\/v2\/product\/18071","targetHints":{"allow":["GET"]}}],"collection":[{"href":"https:\/\/shop.bushboats.com\/index.php\/wp-json\/wp\/v2\/product"}],"about":[{"href":"https:\/\/shop.bushboats.com\/index.php\/wp-json\/wp\/v2\/types\/product"}],"replies":[{"embeddable":true,"href":"https:\/\/shop.bushboats.com\/index.php\/wp-json\/wp\/v2\/comments?post=18071"}],"wp:featuredmedia":[{"embeddable":true,"href":"https:\/\/shop.bushboats.com\/index.php\/wp-json\/wp\/v2\/media\/18075"}],"wp:attachment":[{"href":"https:\/\/shop.bushboats.com\/index.php\/wp-json\/wp\/v2\/media?parent=18071"}],"wp:term":[{"taxonomy":"product_brand","embeddable":true,"href":"https:\/\/shop.bushboats.com\/index.php\/wp-json\/wp\/v2\/product_brand?post=18071"},{"taxonomy":"product_cat","embeddable":true,"href":"https:\/\/shop.bushboats.com\/index.php\/wp-json\/wp\/v2\/product_cat?post=18071"},{"taxonomy":"product_tag","embeddable":true,"href":"https:\/\/shop.bushboats.com\/index.php\/wp-json\/wp\/v2\/product_tag?post=18071"}],"curies":[{"name":"wp","href":"https:\/\/api.w.org\/{rel}","templated":true}]}}