{"id":18121,"date":"2024-04-05T16:47:07","date_gmt":"2024-04-05T13:47:07","guid":{"rendered":"https:\/\/shop.bushboats.com\/?post_type=product&#038;p=18121"},"modified":"2026-03-17T17:39:34","modified_gmt":"2026-03-17T15:39:34","slug":"profesionala-laivu-lime-pvc-125ml","status":"publish","type":"product","link":"https:\/\/shop.bushboats.com\/index.php\/produkts\/profesionala-laivu-lime-pvc-125ml\/","title":{"rendered":"PROFESION\u0100LA LAIVU L\u012aME (PVC 125ML)"},"content":{"rendered":"<p>REMONTS<br \/>\n\u2022 Mazu (maz\u0101k k\u0101 10mm) caurumu vai s\u016b\u010du remontu var veikt, izmantojot apa\u013cu iel\u0101pu 30mm<br \/>\ndiametr\u0101.<br \/>\n\u2022 Laivas virsmai ir j\u0101b\u016bt t\u012brai, sausai un attaukotai.<br \/>\n\u2022 Uzkl\u0101jiet l\u012bmes k\u0101rtu uz virsmas.<br \/>\n\u2022 Pagaidiet 15-15 min\u016btes kars\u0113 ar f\u0113nu l\u012bdz aptuveni 30 &#8211; 40 gr\u0101diem, uzlieciet iel\u0101pu un<br \/>\nr\u016bp\u012bgi piespiediet to.<br \/>\n\u2022 Pirms pies\u016bkn\u0113t laivu atk\u0101rtoti, uzgaidiet vismaz diennakti.<br \/>\nBR\u012aDIN\u0100JUMS! Balonu, \u0161uvu, starpsienu, dzin\u0113ja stiprin\u0101juma pl\u0101ksnes atjauno\u0161anas remontam<br \/>\nvai jauna v\u0101rstu\u013ca ielik\u0161anai rekomend\u0113jam atgriezt laivu ra\u017eot\u0101jam vai vi\u0146a p\u0101rst\u0101vim.<\/p>\n<p>&nbsp;<\/p>\n","protected":false},"excerpt":{"rendered":"<p>REMONTS \u2022 Mazu (maz\u0101k k\u0101 10mm) caurumu vai s\u016b\u010du remontu var veikt, izmantojot apa\u013cu iel\u0101pu 30mm diametr\u0101. \u2022 Laivas virsmai ir j\u0101b\u016bt t\u012brai, sausai un attaukotai. \u2022 Uzkl\u0101jiet l\u012bmes k\u0101rtu uz virsmas. \u2022 Pagaidiet 15-15 min\u016btes kars\u0113 ar f\u0113nu l\u012bdz aptuveni 30 &#8211; 40 gr\u0101diem, uzlieciet iel\u0101pu un r\u016bp\u012bgi piespiediet to. \u2022 Pirms pies\u016bkn\u0113t laivu [&hellip;]<\/p>\n","protected":false},"featured_media":18125,"comment_status":"open","ping_status":"closed","template":"","meta":[],"product_brand":[],"product_cat":[54,673],"product_tag":[],"class_list":{"0":"post-18121","1":"product","2":"type-product","3":"status-publish","4":"has-post-thumbnail","6":"product_cat-accessories","7":"product_cat-lime","9":"first","10":"instock","11":"taxable","12":"shipping-taxable","13":"purchasable","14":"product-type-simple"},"jetpack_sharing_enabled":true,"_links":{"self":[{"href":"https:\/\/shop.bushboats.com\/index.php\/wp-json\/wp\/v2\/product\/18121","targetHints":{"allow":["GET"]}}],"collection":[{"href":"https:\/\/shop.bushboats.com\/index.php\/wp-json\/wp\/v2\/product"}],"about":[{"href":"https:\/\/shop.bushboats.com\/index.php\/wp-json\/wp\/v2\/types\/product"}],"replies":[{"embeddable":true,"href":"https:\/\/shop.bushboats.com\/index.php\/wp-json\/wp\/v2\/comments?post=18121"}],"wp:featuredmedia":[{"embeddable":true,"href":"https:\/\/shop.bushboats.com\/index.php\/wp-json\/wp\/v2\/media\/18125"}],"wp:attachment":[{"href":"https:\/\/shop.bushboats.com\/index.php\/wp-json\/wp\/v2\/media?parent=18121"}],"wp:term":[{"taxonomy":"product_brand","embeddable":true,"href":"https:\/\/shop.bushboats.com\/index.php\/wp-json\/wp\/v2\/product_brand?post=18121"},{"taxonomy":"product_cat","embeddable":true,"href":"https:\/\/shop.bushboats.com\/index.php\/wp-json\/wp\/v2\/product_cat?post=18121"},{"taxonomy":"product_tag","embeddable":true,"href":"https:\/\/shop.bushboats.com\/index.php\/wp-json\/wp\/v2\/product_tag?post=18121"}],"curies":[{"name":"wp","href":"https:\/\/api.w.org\/{rel}","templated":true}]}}