{"id":18172,"date":"2024-04-12T07:57:06","date_gmt":"2024-04-12T04:57:06","guid":{"rendered":"https:\/\/shop.bushboats.com\/?post_type=product&#038;p=18172"},"modified":"2024-04-12T07:57:06","modified_gmt":"2024-04-12T04:57:06","slug":"riccione-bimini-top-2-arkas-aluminijs","status":"publish","type":"product","link":"https:\/\/shop.bushboats.com\/index.php\/produkts\/riccione-bimini-top-2-arkas-aluminijs\/","title":{"rendered":"&#8220;RICCIONE&#8221; BIMINI TOP &#8211; 2 ARKAS ALUM\u012aNIJS"},"content":{"rendered":"<p>Bimini top &#8220;Riccione&#8221; modelis ar alum\u012bnija caurul\u0113m, smago \u016bdeni atgr\u016bdo\u0161o audumu, polikarbon\u0101ta savienojumiem un regul\u0113\u0161anu U.V. stariem iztur\u012bgs.<br \/>\nKomplekt\u0101 ar aizsargapvalku.<br \/>\nDivu arku modelis.<br \/>\nZila kr\u0101sa.<\/p>\n<p>Platums\u00a0 \u00a0130 cm<\/p>\n<p>Garums\u00a0 \u00a0180 cm<\/p>\n<p>Augstums\u00a0 110 cm<\/p>\n","protected":false},"excerpt":{"rendered":"<p>Bimini top &#8220;Riccione&#8221; modelis ar alum\u012bnija caurul\u0113m, smago \u016bdeni atgr\u016bdo\u0161o audumu, polikarbon\u0101ta savienojumiem un regul\u0113\u0161anu U.V. stariem iztur\u012bgs. Komplekt\u0101 ar aizsargapvalku. Divu arku modelis. Zila kr\u0101sa. Platums\u00a0 \u00a0130 cm Garums\u00a0 \u00a0180 cm Augstums\u00a0 110 cm<\/p>\n","protected":false},"featured_media":18173,"comment_status":"open","ping_status":"closed","template":"","meta":[],"product_brand":[],"product_cat":[685,54,664],"product_tag":[],"class_list":{"0":"post-18172","1":"product","2":"type-product","3":"status-publish","4":"has-post-thumbnail","6":"product_cat-komforts","7":"product_cat-accessories","8":"product_cat-laivu-parsegi","10":"first","11":"instock","12":"taxable","13":"shipping-taxable","14":"purchasable","15":"product-type-simple"},"jetpack_sharing_enabled":true,"_links":{"self":[{"href":"https:\/\/shop.bushboats.com\/index.php\/wp-json\/wp\/v2\/product\/18172","targetHints":{"allow":["GET"]}}],"collection":[{"href":"https:\/\/shop.bushboats.com\/index.php\/wp-json\/wp\/v2\/product"}],"about":[{"href":"https:\/\/shop.bushboats.com\/index.php\/wp-json\/wp\/v2\/types\/product"}],"replies":[{"embeddable":true,"href":"https:\/\/shop.bushboats.com\/index.php\/wp-json\/wp\/v2\/comments?post=18172"}],"wp:featuredmedia":[{"embeddable":true,"href":"https:\/\/shop.bushboats.com\/index.php\/wp-json\/wp\/v2\/media\/18173"}],"wp:attachment":[{"href":"https:\/\/shop.bushboats.com\/index.php\/wp-json\/wp\/v2\/media?parent=18172"}],"wp:term":[{"taxonomy":"product_brand","embeddable":true,"href":"https:\/\/shop.bushboats.com\/index.php\/wp-json\/wp\/v2\/product_brand?post=18172"},{"taxonomy":"product_cat","embeddable":true,"href":"https:\/\/shop.bushboats.com\/index.php\/wp-json\/wp\/v2\/product_cat?post=18172"},{"taxonomy":"product_tag","embeddable":true,"href":"https:\/\/shop.bushboats.com\/index.php\/wp-json\/wp\/v2\/product_tag?post=18172"}],"curies":[{"name":"wp","href":"https:\/\/api.w.org\/{rel}","templated":true}]}}