{"id":18192,"date":"2024-04-12T08:25:28","date_gmt":"2024-04-12T05:25:28","guid":{"rendered":"https:\/\/shop.bushboats.com\/?post_type=product&#038;p=18192"},"modified":"2024-04-12T08:31:19","modified_gmt":"2024-04-12T05:31:19","slug":"bernu-veste-chico-100-n-15-30-kg","status":"publish","type":"product","link":"https:\/\/shop.bushboats.com\/index.php\/produkts\/bernu-veste-chico-100-n-15-30-kg\/","title":{"rendered":"B\u0112RNU VESTE CHICO 100 N ( 15 &#8211; 30 KG )"},"content":{"rendered":"<p>&#8220;CHICO&#8221; gl\u0101b\u0161anas veste nodro\u0161ina uzlabotu piegul\u0161anu un maksim\u0101lu dro\u0161\u012bbu. Liela peldo\u0161\u0101 apkakle atbalsta b\u0113rna galvu. Regul\u0113\u0161anas sist\u0113ma sast\u0101v no: r\u0101v\u0113jsl\u0113dz\u0113ja, \u0101tri atvienojam\u0101m siksn\u0101m ar spr\u0101dzi, k\u0101jstarpes siksni\u0146as liel\u0101kai dro\u0161\u012bbai. Komplekt\u0101 ar signaliz\u0101cijas sist\u0113mu ar atstarojo\u0161\u0101m lent\u0113m un svilpi.<\/p>\n<p>15 &#8211; 30 kg<\/p>\n<p>60 &#8211; 70 cm<\/p>\n","protected":false},"excerpt":{"rendered":"<p>&#8220;CHICO&#8221; gl\u0101b\u0161anas veste nodro\u0161ina uzlabotu piegul\u0161anu un maksim\u0101lu dro\u0161\u012bbu. Liela peldo\u0161\u0101 apkakle atbalsta b\u0113rna galvu. Regul\u0113\u0161anas sist\u0113ma sast\u0101v no: r\u0101v\u0113jsl\u0113dz\u0113ja, \u0101tri atvienojam\u0101m siksn\u0101m ar spr\u0101dzi, k\u0101jstarpes siksni\u0146as liel\u0101kai dro\u0161\u012bbai. Komplekt\u0101 ar signaliz\u0101cijas sist\u0113mu ar atstarojo\u0161\u0101m lent\u0113m un svilpi. 15 &#8211; 30 kg 60 &#8211; 70 cm<\/p>\n","protected":false},"featured_media":18193,"comment_status":"open","ping_status":"closed","template":"","meta":[],"product_brand":[],"product_cat":[695,698,54],"product_tag":[],"class_list":{"0":"post-18192","1":"product","2":"type-product","3":"status-publish","4":"has-post-thumbnail","6":"product_cat-glabsanas-aprikojums","7":"product_cat-glabsanas-vestes","8":"product_cat-accessories","10":"first","11":"instock","12":"taxable","13":"shipping-taxable","14":"purchasable","15":"product-type-simple"},"jetpack_sharing_enabled":true,"_links":{"self":[{"href":"https:\/\/shop.bushboats.com\/index.php\/wp-json\/wp\/v2\/product\/18192","targetHints":{"allow":["GET"]}}],"collection":[{"href":"https:\/\/shop.bushboats.com\/index.php\/wp-json\/wp\/v2\/product"}],"about":[{"href":"https:\/\/shop.bushboats.com\/index.php\/wp-json\/wp\/v2\/types\/product"}],"replies":[{"embeddable":true,"href":"https:\/\/shop.bushboats.com\/index.php\/wp-json\/wp\/v2\/comments?post=18192"}],"wp:featuredmedia":[{"embeddable":true,"href":"https:\/\/shop.bushboats.com\/index.php\/wp-json\/wp\/v2\/media\/18193"}],"wp:attachment":[{"href":"https:\/\/shop.bushboats.com\/index.php\/wp-json\/wp\/v2\/media?parent=18192"}],"wp:term":[{"taxonomy":"product_brand","embeddable":true,"href":"https:\/\/shop.bushboats.com\/index.php\/wp-json\/wp\/v2\/product_brand?post=18192"},{"taxonomy":"product_cat","embeddable":true,"href":"https:\/\/shop.bushboats.com\/index.php\/wp-json\/wp\/v2\/product_cat?post=18192"},{"taxonomy":"product_tag","embeddable":true,"href":"https:\/\/shop.bushboats.com\/index.php\/wp-json\/wp\/v2\/product_tag?post=18192"}],"curies":[{"name":"wp","href":"https:\/\/api.w.org\/{rel}","templated":true}]}}