{"id":18212,"date":"2024-04-17T09:02:12","date_gmt":"2024-04-17T06:02:12","guid":{"rendered":"https:\/\/shop.bushboats.com\/?post_type=product&#038;p=18212"},"modified":"2026-04-23T09:44:34","modified_gmt":"2026-04-23T06:44:34","slug":"degvielas-slutene-ar-sukni-2m","status":"publish","type":"product","link":"https:\/\/shop.bushboats.com\/index.php\/produkts\/degvielas-slutene-ar-sukni-2m\/","title":{"rendered":"DEGVIELAS \u0160\u013b\u016aTENE AR S\u016aKNI 2M"},"content":{"rendered":"<p>Gumijas degvielas \u0161\u013c\u016btene<\/p>\n<p>Tehnisk\u0101s \u012bpa\u0161\u012bbas<\/p>\n<p>\u0160\u013c\u016btenes iek\u0161\u0113jais diametrs &#8211; 8 mm<\/p>\n<p>\u0160\u013c\u016btenes \u0101r\u0113jais diametrs &#8211; 14 mm<\/p>\n","protected":false},"excerpt":{"rendered":"<p>Gumijas degvielas \u0161\u013c\u016btene Tehnisk\u0101s \u012bpa\u0161\u012bbas \u0160\u013c\u016btenes iek\u0161\u0113jais diametrs &#8211; 8 mm \u0160\u013c\u016btenes \u0101r\u0113jais diametrs &#8211; 14 mm<\/p>\n","protected":false},"featured_media":18213,"comment_status":"open","ping_status":"closed","template":"","meta":[],"product_brand":[],"product_cat":[765,264,54],"product_tag":[],"class_list":{"0":"post-18212","1":"product","2":"type-product","3":"status-publish","4":"has-post-thumbnail","6":"product_cat-degvielas-aprikojums","7":"product_cat-laivas-motora-aksesuari","8":"product_cat-accessories","10":"first","11":"instock","12":"taxable","13":"shipping-taxable","14":"purchasable","15":"product-type-simple"},"jetpack_sharing_enabled":true,"_links":{"self":[{"href":"https:\/\/shop.bushboats.com\/index.php\/wp-json\/wp\/v2\/product\/18212","targetHints":{"allow":["GET"]}}],"collection":[{"href":"https:\/\/shop.bushboats.com\/index.php\/wp-json\/wp\/v2\/product"}],"about":[{"href":"https:\/\/shop.bushboats.com\/index.php\/wp-json\/wp\/v2\/types\/product"}],"replies":[{"embeddable":true,"href":"https:\/\/shop.bushboats.com\/index.php\/wp-json\/wp\/v2\/comments?post=18212"}],"wp:featuredmedia":[{"embeddable":true,"href":"https:\/\/shop.bushboats.com\/index.php\/wp-json\/wp\/v2\/media\/18213"}],"wp:attachment":[{"href":"https:\/\/shop.bushboats.com\/index.php\/wp-json\/wp\/v2\/media?parent=18212"}],"wp:term":[{"taxonomy":"product_brand","embeddable":true,"href":"https:\/\/shop.bushboats.com\/index.php\/wp-json\/wp\/v2\/product_brand?post=18212"},{"taxonomy":"product_cat","embeddable":true,"href":"https:\/\/shop.bushboats.com\/index.php\/wp-json\/wp\/v2\/product_cat?post=18212"},{"taxonomy":"product_tag","embeddable":true,"href":"https:\/\/shop.bushboats.com\/index.php\/wp-json\/wp\/v2\/product_tag?post=18212"}],"curies":[{"name":"wp","href":"https:\/\/api.w.org\/{rel}","templated":true}]}}