{"id":18224,"date":"2024-04-17T09:10:53","date_gmt":"2024-04-17T06:10:53","guid":{"rendered":"https:\/\/shop.bushboats.com\/?post_type=product&#038;p=18224"},"modified":"2026-04-23T09:43:13","modified_gmt":"2026-04-23T06:43:13","slug":"degvielas-suknis","status":"publish","type":"product","link":"https:\/\/shop.bushboats.com\/index.php\/produkts\/degvielas-suknis\/","title":{"rendered":"DEGVIELAS S\u016aKNIS"},"content":{"rendered":"<p>Degvielas s\u016bknis piem\u0113rots ar\u012b bezsvina degvielai. Tas saglab\u0101 savu elast\u012bbu no -20\u00b0 l\u012bdz +60\u00b0C.<\/p>\n<p>Tehnisk\u0101s \u012bpa\u0161\u012bbas<\/p>\n<p>S\u016bk\u0146a diametrs &#8211; 47 mm<\/p>\n<p>S\u016bk\u0146a garums &#8211; 165 mm<\/p>\n<p>\u0160\u013c\u016btenes diametrs &#8211; 9 mm<\/p>\n","protected":false},"excerpt":{"rendered":"<p>Degvielas s\u016bknis piem\u0113rots ar\u012b bezsvina degvielai. Tas saglab\u0101 savu elast\u012bbu no -20\u00b0 l\u012bdz +60\u00b0C. Tehnisk\u0101s \u012bpa\u0161\u012bbas S\u016bk\u0146a diametrs &#8211; 47 mm S\u016bk\u0146a garums &#8211; 165 mm \u0160\u013c\u016btenes diametrs &#8211; 9 mm<\/p>\n","protected":false},"featured_media":18225,"comment_status":"open","ping_status":"closed","template":"","meta":[],"product_brand":[],"product_cat":[765,264,54],"product_tag":[],"class_list":{"0":"post-18224","1":"product","2":"type-product","3":"status-publish","4":"has-post-thumbnail","6":"product_cat-degvielas-aprikojums","7":"product_cat-laivas-motora-aksesuari","8":"product_cat-accessories","10":"first","11":"instock","12":"taxable","13":"shipping-taxable","14":"purchasable","15":"product-type-simple"},"jetpack_sharing_enabled":true,"_links":{"self":[{"href":"https:\/\/shop.bushboats.com\/index.php\/wp-json\/wp\/v2\/product\/18224","targetHints":{"allow":["GET"]}}],"collection":[{"href":"https:\/\/shop.bushboats.com\/index.php\/wp-json\/wp\/v2\/product"}],"about":[{"href":"https:\/\/shop.bushboats.com\/index.php\/wp-json\/wp\/v2\/types\/product"}],"replies":[{"embeddable":true,"href":"https:\/\/shop.bushboats.com\/index.php\/wp-json\/wp\/v2\/comments?post=18224"}],"wp:featuredmedia":[{"embeddable":true,"href":"https:\/\/shop.bushboats.com\/index.php\/wp-json\/wp\/v2\/media\/18225"}],"wp:attachment":[{"href":"https:\/\/shop.bushboats.com\/index.php\/wp-json\/wp\/v2\/media?parent=18224"}],"wp:term":[{"taxonomy":"product_brand","embeddable":true,"href":"https:\/\/shop.bushboats.com\/index.php\/wp-json\/wp\/v2\/product_brand?post=18224"},{"taxonomy":"product_cat","embeddable":true,"href":"https:\/\/shop.bushboats.com\/index.php\/wp-json\/wp\/v2\/product_cat?post=18224"},{"taxonomy":"product_tag","embeddable":true,"href":"https:\/\/shop.bushboats.com\/index.php\/wp-json\/wp\/v2\/product_tag?post=18224"}],"curies":[{"name":"wp","href":"https:\/\/api.w.org\/{rel}","templated":true}]}}