{"id":18242,"date":"2024-04-17T09:46:11","date_gmt":"2024-04-17T06:46:11","guid":{"rendered":"https:\/\/shop.bushboats.com\/?post_type=product&#038;p=18242"},"modified":"2025-01-01T23:03:35","modified_gmt":"2025-01-01T21:03:35","slug":"virvju-kapnes","status":"publish","type":"product","link":"https:\/\/shop.bushboats.com\/index.php\/produkts\/virvju-kapnes\/","title":{"rendered":"VIRVJU K\u0100PNES"},"content":{"rendered":"<p>Virvju k\u0101pnes ar polikarbon\u0101ta pak\u0101pieniem un vertik\u0101l\u0101m caurul\u0113m, lai atvieglotu iek\u0101p\u0161anu. Salok\u0101ms modelis, minim\u0101lais apgr\u016btin\u0101jums viegl\u0101kai novieto\u0161anai.<\/p>\n<table class=\"table table-condensed gfnci-table table-hover table-striped monocomponentetab\">\n<thead>\n<tr>\n<th>\n<p class=\"text-center\">N.<\/p>\n<p class=\"text-center\">K\u0100PNES<\/p>\n<\/th>\n<th>\n<p class=\"text-center\">Garums<\/p>\n<p class=\"text-center\">cm<\/p>\n<\/th>\n<th>\n<p class=\"text-center\">Platums<\/p>\n<p class=\"text-center\">cm<\/p>\n<\/th>\n<th>\n<p class=\"text-center\">Svars<\/p>\n<p class=\"text-center\">g<\/p>\n<\/th>\n<\/tr>\n<\/thead>\n<\/table>\n<p>4\u00a0 \u00a0 \u00a0 \u00a0 \u00a0 \u00a0 \u00a0 \u00a0 \u00a0124\u00a0 \u00a0 \u00a0 \u00a0 \u00a0 \u00a0 30\u00a0 \u00a0 \u00a0 \u00a0 \u00a0 \u00a0760<\/p>\n<p>&nbsp;<\/p>\n","protected":false},"excerpt":{"rendered":"<p>Virvju k\u0101pnes ar polikarbon\u0101ta pak\u0101pieniem un vertik\u0101l\u0101m caurul\u0113m, lai atvieglotu iek\u0101p\u0161anu. Salok\u0101ms modelis, minim\u0101lais apgr\u016btin\u0101jums viegl\u0101kai novieto\u0161anai. N. K\u0100PNES Garums cm Platums cm Svars g 4\u00a0 \u00a0 \u00a0 \u00a0 \u00a0 \u00a0 \u00a0 \u00a0 \u00a0124\u00a0 \u00a0 \u00a0 \u00a0 \u00a0 \u00a0 30\u00a0 \u00a0 \u00a0 \u00a0 \u00a0 \u00a0760 &nbsp;<\/p>\n","protected":false},"featured_media":18243,"comment_status":"open","ping_status":"closed","template":"","meta":[],"product_brand":[],"product_cat":[54,679],"product_tag":[],"class_list":{"0":"post-18242","1":"product","2":"type-product","3":"status-publish","4":"has-post-thumbnail","6":"product_cat-accessories","7":"product_cat-tranca-aprikojums","9":"first","10":"instock","11":"taxable","12":"shipping-taxable","13":"purchasable","14":"product-type-simple"},"jetpack_sharing_enabled":true,"_links":{"self":[{"href":"https:\/\/shop.bushboats.com\/index.php\/wp-json\/wp\/v2\/product\/18242","targetHints":{"allow":["GET"]}}],"collection":[{"href":"https:\/\/shop.bushboats.com\/index.php\/wp-json\/wp\/v2\/product"}],"about":[{"href":"https:\/\/shop.bushboats.com\/index.php\/wp-json\/wp\/v2\/types\/product"}],"replies":[{"embeddable":true,"href":"https:\/\/shop.bushboats.com\/index.php\/wp-json\/wp\/v2\/comments?post=18242"}],"wp:featuredmedia":[{"embeddable":true,"href":"https:\/\/shop.bushboats.com\/index.php\/wp-json\/wp\/v2\/media\/18243"}],"wp:attachment":[{"href":"https:\/\/shop.bushboats.com\/index.php\/wp-json\/wp\/v2\/media?parent=18242"}],"wp:term":[{"taxonomy":"product_brand","embeddable":true,"href":"https:\/\/shop.bushboats.com\/index.php\/wp-json\/wp\/v2\/product_brand?post=18242"},{"taxonomy":"product_cat","embeddable":true,"href":"https:\/\/shop.bushboats.com\/index.php\/wp-json\/wp\/v2\/product_cat?post=18242"},{"taxonomy":"product_tag","embeddable":true,"href":"https:\/\/shop.bushboats.com\/index.php\/wp-json\/wp\/v2\/product_tag?post=18242"}],"curies":[{"name":"wp","href":"https:\/\/api.w.org\/{rel}","templated":true}]}}