{"id":18263,"date":"2024-04-17T16:10:23","date_gmt":"2024-04-17T13:10:23","guid":{"rendered":"https:\/\/shop.bushboats.com\/?post_type=product&#038;p=18263"},"modified":"2024-06-29T10:46:05","modified_gmt":"2024-06-29T07:46:05","slug":"teleskopiskas-kapnes-handrail-3","status":"publish","type":"product","link":"https:\/\/shop.bushboats.com\/index.php\/produkts\/teleskopiskas-kapnes-handrail-3\/","title":{"rendered":"TELESKOPISK\u0100S K\u0100PNES &#8220;HANDRAIL 3&#8221;"},"content":{"rendered":"<div class=\"parameters\">\n<div class=\"parameter\">\n<div class=\"parameter__name\">Atv\u0113rts garums, cm 87<\/div>\n<\/div>\n<div class=\"parameter\">\n<div class=\"parameter__name\">Sl\u0113gts garums, cm 40<\/div>\n<\/div>\n<div class=\"parameter\">\n<div class=\"parameter__name\">\u0100r\u0113jais platums, cm 26<\/div>\n<\/div>\n<div class=\"parameter\">\n<div class=\"parameter__name\">Pak\u0101pju skaits 3<\/div>\n<\/div>\n<\/div>\n<div class=\"product-info\">\n<p>Teleskopisk\u0101s platformas k\u0101pnes &#8220;SPIRIT&#8221; modelis izgatavots no ner\u016bs\u0113jo\u0161\u0101 t\u0113rauda AISI 316 spogulis pul\u0113ts. Pak\u0101pieni p\u0101rkl\u0101ti ar pretsl\u012bdes gumiju.<\/p>\n<\/div>\n","protected":false},"excerpt":{"rendered":"<p>Atv\u0113rts garums, cm 87 Sl\u0113gts garums, cm 40 \u0100r\u0113jais platums, cm 26 Pak\u0101pju skaits 3 Teleskopisk\u0101s platformas k\u0101pnes &#8220;SPIRIT&#8221; modelis izgatavots no ner\u016bs\u0113jo\u0161\u0101 t\u0113rauda AISI 316 spogulis pul\u0113ts. Pak\u0101pieni p\u0101rkl\u0101ti ar pretsl\u012bdes gumiju.<\/p>\n","protected":false},"featured_media":18264,"comment_status":"open","ping_status":"closed","template":"","meta":[],"product_brand":[],"product_cat":[54,679],"product_tag":[],"class_list":{"0":"post-18263","1":"product","2":"type-product","3":"status-publish","4":"has-post-thumbnail","6":"product_cat-accessories","7":"product_cat-tranca-aprikojums","9":"first","10":"instock","11":"taxable","12":"shipping-taxable","13":"purchasable","14":"product-type-simple"},"jetpack_sharing_enabled":true,"_links":{"self":[{"href":"https:\/\/shop.bushboats.com\/index.php\/wp-json\/wp\/v2\/product\/18263","targetHints":{"allow":["GET"]}}],"collection":[{"href":"https:\/\/shop.bushboats.com\/index.php\/wp-json\/wp\/v2\/product"}],"about":[{"href":"https:\/\/shop.bushboats.com\/index.php\/wp-json\/wp\/v2\/types\/product"}],"replies":[{"embeddable":true,"href":"https:\/\/shop.bushboats.com\/index.php\/wp-json\/wp\/v2\/comments?post=18263"}],"wp:featuredmedia":[{"embeddable":true,"href":"https:\/\/shop.bushboats.com\/index.php\/wp-json\/wp\/v2\/media\/18264"}],"wp:attachment":[{"href":"https:\/\/shop.bushboats.com\/index.php\/wp-json\/wp\/v2\/media?parent=18263"}],"wp:term":[{"taxonomy":"product_brand","embeddable":true,"href":"https:\/\/shop.bushboats.com\/index.php\/wp-json\/wp\/v2\/product_brand?post=18263"},{"taxonomy":"product_cat","embeddable":true,"href":"https:\/\/shop.bushboats.com\/index.php\/wp-json\/wp\/v2\/product_cat?post=18263"},{"taxonomy":"product_tag","embeddable":true,"href":"https:\/\/shop.bushboats.com\/index.php\/wp-json\/wp\/v2\/product_tag?post=18263"}],"curies":[{"name":"wp","href":"https:\/\/api.w.org\/{rel}","templated":true}]}}