{"id":18451,"date":"2024-04-24T12:02:05","date_gmt":"2024-04-24T09:02:05","guid":{"rendered":"https:\/\/shop.bushboats.com\/?post_type=product&#038;p=18451"},"modified":"2024-04-24T12:02:05","modified_gmt":"2024-04-24T09:02:05","slug":"mikstais-deguna-spilvens-sedeklis-uz-bush-classic-tender-rib-c-430","status":"publish","type":"product","link":"https:\/\/shop.bushboats.com\/index.php\/produkts\/mikstais-deguna-spilvens-sedeklis-uz-bush-classic-tender-rib-c-430\/","title":{"rendered":"M\u012bkstais deguna spilvens (s\u0113deklis) uz BUSH CLASSIC TENDER RIB C-430"},"content":{"rendered":"<p>piem\u0113rots BUSH laivai BUSH CLASSIC TENDER RIB C-430.<\/p>\n","protected":false},"excerpt":{"rendered":"<p>piem\u0113rots BUSH laivai BUSH CLASSIC TENDER RIB C-430.<\/p>\n","protected":false},"featured_media":18453,"comment_status":"open","ping_status":"closed","template":"","meta":[],"product_brand":[],"product_cat":[652,54,658],"product_tag":[],"class_list":{"0":"post-18451","1":"product","2":"type-product","3":"status-publish","4":"has-post-thumbnail","6":"product_cat-klaja-aprikojums","7":"product_cat-accessories","8":"product_cat-sedekli-mehanismi","10":"first","11":"instock","12":"taxable","13":"shipping-taxable","14":"purchasable","15":"product-type-simple"},"jetpack_sharing_enabled":true,"_links":{"self":[{"href":"https:\/\/shop.bushboats.com\/index.php\/wp-json\/wp\/v2\/product\/18451","targetHints":{"allow":["GET"]}}],"collection":[{"href":"https:\/\/shop.bushboats.com\/index.php\/wp-json\/wp\/v2\/product"}],"about":[{"href":"https:\/\/shop.bushboats.com\/index.php\/wp-json\/wp\/v2\/types\/product"}],"replies":[{"embeddable":true,"href":"https:\/\/shop.bushboats.com\/index.php\/wp-json\/wp\/v2\/comments?post=18451"}],"wp:featuredmedia":[{"embeddable":true,"href":"https:\/\/shop.bushboats.com\/index.php\/wp-json\/wp\/v2\/media\/18453"}],"wp:attachment":[{"href":"https:\/\/shop.bushboats.com\/index.php\/wp-json\/wp\/v2\/media?parent=18451"}],"wp:term":[{"taxonomy":"product_brand","embeddable":true,"href":"https:\/\/shop.bushboats.com\/index.php\/wp-json\/wp\/v2\/product_brand?post=18451"},{"taxonomy":"product_cat","embeddable":true,"href":"https:\/\/shop.bushboats.com\/index.php\/wp-json\/wp\/v2\/product_cat?post=18451"},{"taxonomy":"product_tag","embeddable":true,"href":"https:\/\/shop.bushboats.com\/index.php\/wp-json\/wp\/v2\/product_tag?post=18451"}],"curies":[{"name":"wp","href":"https:\/\/api.w.org\/{rel}","templated":true}]}}