{"id":18477,"date":"2024-04-29T08:06:09","date_gmt":"2024-04-29T05:06:09","guid":{"rendered":"https:\/\/shop.bushboats.com\/?post_type=product&#038;p=18477"},"modified":"2024-10-27T09:34:24","modified_gmt":"2024-10-27T07:34:24","slug":"piepusama-motorlaiva-promarine-sl275-275cm-gridas-gramata-tumsi-peleka","status":"publish","type":"product","link":"https:\/\/shop.bushboats.com\/index.php\/produkts\/piepusama-motorlaiva-promarine-sl275-275cm-gridas-gramata-tumsi-peleka\/","title":{"rendered":"PIEP\u016a\u0160AM\u0100 MOTORLAIVA PROMARINE SL275 (275CM, GR\u012aDAS GR\u0100MATA, TUM\u0160I PEL\u0112KA)"},"content":{"rendered":"<p>Z\u012bmola nosaukums: ProMarine<br \/>\nModelis\/modifik\u0101cija: 275\/ SL275K-2-DGB<br \/>\nSv\u012btrkods: 4690223967141<br \/>\nAploksne: tum\u0161i pel\u0113ka \/ melna<br \/>\nJaunaj\u0101m SL v2 laiv\u0101m ir no\u0146emams stie\u0146u tur\u0113t\u0101js un l\u012bm\u0113tas pamatnes standarta iepakojum\u0101.<\/p>\n<p>ProMarine SL s\u0113rija ir laivas ar sl\u012bpu gr\u012bdu vai gr\u0101matu, kas paredz\u0113tas mak\u0161\u0137er\u0113\u0161anai d\u012b\u0137os, ezeros un up\u0113s. \u0160\u012bs laivas ir \u012bpa\u0161i vieglas un viegli lietojamas. Laivu var izmantot ar maziem benz\u012bna un elektriskajiem piekarin\u0101majiem motoriem.<\/p>\n<p>3 gadu garantija<\/p>\n<p>Sl\u012bp\u0101 gr\u012bda\/gr\u0101matu gr\u012bda<br \/>\nB\u012bd\u0101mie s\u0113dek\u013ci<br \/>\nAizsargvirve<br \/>\nD gredzens ar vilk\u0161anas virvi<br \/>\nMateri\u0101la bl\u012bvums 850 g\/m2<br \/>\nKomplekt\u0101 ietilpst:<\/p>\n<p>Laiva<br \/>\nGr\u012bdas d\u0113\u013cu komplekts<br \/>\nStie\u0146a tur\u0113t\u0101js<br \/>\nK\u0101ju s\u016bknis<br \/>\n2 airi<br \/>\nAlum\u012bnija s\u0113dek\u013ci<br \/>\nLaivu p\u0101rn\u0113s\u0101\u0161anas soma<br \/>\nRemonta komplekts<br \/>\nCE atbilst\u012bbas deklar\u0101cija<br \/>\nLietot\u0101ja rokasgr\u0101mata<\/p>\n<table border=\"0\" width=\"277\" cellspacing=\"0\" cellpadding=\"0\">\n<tbody>\n<tr>\n<td class=\"xl7024369\" dir=\"LTR\" width=\"135\" height=\"19\">Model<\/td>\n<td class=\"xl6524369\" dir=\"LTR\" width=\"71\">SL275<\/td>\n<td class=\"xl6524369\" dir=\"LTR\" width=\"71\">SL315<\/td>\n<td class=\"xl6524369\" dir=\"LTR\" width=\"71\">SL330<\/td>\n<\/tr>\n<tr>\n<td class=\"xl6924369\" dir=\"LTR\" width=\"135\" height=\"19\">Length<\/td>\n<td class=\"xl6624369\">275 cm<\/td>\n<td class=\"xl6624369\">315 cm<\/td>\n<td class=\"xl6624369\">330cm<\/td>\n<\/tr>\n<tr>\n<td class=\"xl6924369\" dir=\"LTR\" width=\"135\" height=\"19\">Width<\/td>\n<td class=\"xl6724369\">150 cm<\/td>\n<td class=\"xl6724369\">150 cm<\/td>\n<td class=\"xl6724369\">150<\/td>\n<\/tr>\n<tr>\n<td class=\"xl6924369\" dir=\"LTR\" width=\"135\" height=\"19\">Tube diam.<\/td>\n<td class=\"xl6624369\">42 cm<\/td>\n<td class=\"xl6624369\">42 cm<\/td>\n<td class=\"xl6624369\">45cm<\/td>\n<\/tr>\n<tr>\n<td class=\"xl6924369\" dir=\"LTR\" width=\"135\" height=\"35\">PVC thickness, density<\/td>\n<td class=\"xl6824369\" width=\"71\">0.7mm, 850 g\/m\u00b2<\/td>\n<td class=\"xl6824369\" width=\"71\">0.7mm, 850 g\/m\u00b2<\/td>\n<td class=\"xl6824369\" width=\"71\">0.7mm, 850 g\/m\u00b2<\/td>\n<\/tr>\n<tr>\n<td class=\"xl6924369\" dir=\"LTR\" width=\"135\" height=\"19\">Max. Load<\/td>\n<td class=\"xl6624369\">362 kg<\/td>\n<td class=\"xl6624369\">415 kg<\/td>\n<td class=\"xl6624369\">457 kg<\/td>\n<\/tr>\n<tr>\n<td class=\"xl6924369\" dir=\"LTR\" width=\"135\" height=\"19\">Passengers<\/td>\n<td class=\"xl6724369\">3<\/td>\n<td class=\"xl6724369\">4<\/td>\n<td class=\"xl6724369\">4<\/td>\n<\/tr>\n<tr>\n<td class=\"xl6924369\" dir=\"LTR\" width=\"135\" height=\"19\">Max engine power<\/td>\n<td class=\"xl6624369\">10 HP<\/td>\n<td class=\"xl6624369\">10 HP<\/td>\n<td class=\"xl6624369\">15HP<\/td>\n<\/tr>\n<tr>\n<td class=\"xl6924369\" dir=\"LTR\" width=\"135\" height=\"19\">Weight<\/td>\n<td class=\"xl6724369\">29 kg<\/td>\n<td class=\"xl6724369\">33 kg<\/td>\n<td class=\"xl6724369\">40kg<\/td>\n<\/tr>\n<tr>\n<td class=\"xl6924369\" dir=\"LTR\" width=\"135\" height=\"19\">N. of chambers<\/td>\n<td class=\"xl6624369\">3<\/td>\n<td class=\"xl6624369\">3<\/td>\n<td class=\"xl6624369\">3<\/td>\n<\/tr>\n<tr>\n<td class=\"xl6924369\" dir=\"LTR\" width=\"135\" height=\"19\">Keel<\/td>\n<td class=\"xl6724369\">&#8211;<\/td>\n<td class=\"xl6724369\">&#8211;<\/td>\n<td class=\"xl6724369\">&#8211;<\/td>\n<\/tr>\n<tr>\n<td class=\"xl6924369\" dir=\"LTR\" width=\"135\" height=\"19\">Int. cockpit size<\/td>\n<td class=\"xl6624369\">175&#215;66 cm<\/td>\n<td class=\"xl6624369\">208&#215;66 cm<\/td>\n<td class=\"xl6624369\">220&#215;66 cm<\/td>\n<\/tr>\n<tr>\n<td class=\"xl6924369\" dir=\"LTR\" width=\"135\" height=\"19\">Bottom type<\/td>\n<td class=\"xl6624369\">Slated\/book<\/td>\n<td class=\"xl6624369\">Slated\/book<\/td>\n<td class=\"xl6624369\">Slated\/book<\/td>\n<\/tr>\n<tr>\n<td class=\"xl6924369\" dir=\"LTR\" width=\"135\" height=\"19\">Seats<\/td>\n<td class=\"xl6724369\">x2<\/td>\n<td class=\"xl6724369\">x2<\/td>\n<td class=\"xl6724369\">x2<\/td>\n<\/tr>\n<\/tbody>\n<\/table>\n","protected":false},"excerpt":{"rendered":"<p>Z\u012bmola nosaukums: ProMarine Modelis\/modifik\u0101cija: 275\/ SL275K-2-DGB Sv\u012btrkods: 4690223967141 Aploksne: tum\u0161i pel\u0113ka \/ melna Jaunaj\u0101m SL v2 laiv\u0101m ir no\u0146emams stie\u0146u tur\u0113t\u0101js un l\u012bm\u0113tas pamatnes standarta iepakojum\u0101. ProMarine SL s\u0113rija ir laivas ar sl\u012bpu gr\u012bdu vai gr\u0101matu, kas paredz\u0113tas mak\u0161\u0137er\u0113\u0161anai d\u012b\u0137os, ezeros un up\u0113s. \u0160\u012bs laivas ir \u012bpa\u0161i vieglas un viegli lietojamas. Laivu var izmantot ar [&hellip;]<\/p>\n","protected":false},"featured_media":18487,"comment_status":"open","ping_status":"closed","template":"","meta":[],"product_brand":[],"product_cat":[771,768],"product_tag":[],"class_list":{"0":"post-18477","1":"product","2":"type-product","3":"status-publish","4":"has-post-thumbnail","6":"product_cat-laivas","7":"product_cat-piepusamas-pvc-motorlaivas","9":"first","10":"instock","11":"taxable","12":"shipping-taxable","13":"purchasable","14":"product-type-simple"},"jetpack_sharing_enabled":true,"_links":{"self":[{"href":"https:\/\/shop.bushboats.com\/index.php\/wp-json\/wp\/v2\/product\/18477","targetHints":{"allow":["GET"]}}],"collection":[{"href":"https:\/\/shop.bushboats.com\/index.php\/wp-json\/wp\/v2\/product"}],"about":[{"href":"https:\/\/shop.bushboats.com\/index.php\/wp-json\/wp\/v2\/types\/product"}],"replies":[{"embeddable":true,"href":"https:\/\/shop.bushboats.com\/index.php\/wp-json\/wp\/v2\/comments?post=18477"}],"wp:featuredmedia":[{"embeddable":true,"href":"https:\/\/shop.bushboats.com\/index.php\/wp-json\/wp\/v2\/media\/18487"}],"wp:attachment":[{"href":"https:\/\/shop.bushboats.com\/index.php\/wp-json\/wp\/v2\/media?parent=18477"}],"wp:term":[{"taxonomy":"product_brand","embeddable":true,"href":"https:\/\/shop.bushboats.com\/index.php\/wp-json\/wp\/v2\/product_brand?post=18477"},{"taxonomy":"product_cat","embeddable":true,"href":"https:\/\/shop.bushboats.com\/index.php\/wp-json\/wp\/v2\/product_cat?post=18477"},{"taxonomy":"product_tag","embeddable":true,"href":"https:\/\/shop.bushboats.com\/index.php\/wp-json\/wp\/v2\/product_tag?post=18477"}],"curies":[{"name":"wp","href":"https:\/\/api.w.org\/{rel}","templated":true}]}}