{"id":18524,"date":"2024-05-07T15:05:40","date_gmt":"2024-05-07T12:05:40","guid":{"rendered":"https:\/\/shop.bushboats.com\/?post_type=product&#038;p=18524"},"modified":"2024-11-02T02:24:05","modified_gmt":"2024-11-02T00:24:05","slug":"hidrauliska-stures-sistema-lidz-150-zs","status":"publish","type":"product","link":"https:\/\/shop.bushboats.com\/index.php\/produkts\/hidrauliska-stures-sistema-lidz-150-zs\/","title":{"rendered":"HIDRAULISK\u0100 ST\u016aRES SIST\u0112MA L\u012aDZ 150 ZS"},"content":{"rendered":"<p>Pilns GF 150BR komplekts sast\u0101v no:<br \/>\n\u2022 Tilpuma s\u016bknis art. 128102<br \/>\n\u2022 Hidrauliskais cilindrs<br \/>\n\u2022 Hidraulisk\u0101 e\u013c\u013ca 2 litri<br \/>\n\u2022 Armat\u016bras komplekts<br \/>\n\u2022 St\u016bres pagrieziens: 4,9<\/p>\n","protected":false},"excerpt":{"rendered":"<p>Pilns GF 150BR komplekts sast\u0101v no: \u2022 Tilpuma s\u016bknis art. 128102 \u2022 Hidrauliskais cilindrs \u2022 Hidraulisk\u0101 e\u013c\u013ca 2 litri \u2022 Armat\u016bras komplekts \u2022 St\u016bres pagrieziens: 4,9<\/p>\n","protected":false},"featured_media":18531,"comment_status":"open","ping_status":"closed","template":"","meta":[],"product_brand":[],"product_cat":[54,667],"product_tag":[],"class_list":{"0":"post-18524","1":"product","2":"type-product","3":"status-publish","4":"has-post-thumbnail","6":"product_cat-accessories","7":"product_cat-stures-stures-sistemas-hidraulika","9":"first","10":"instock","11":"taxable","12":"shipping-taxable","13":"purchasable","14":"product-type-simple"},"jetpack_sharing_enabled":true,"_links":{"self":[{"href":"https:\/\/shop.bushboats.com\/index.php\/wp-json\/wp\/v2\/product\/18524","targetHints":{"allow":["GET"]}}],"collection":[{"href":"https:\/\/shop.bushboats.com\/index.php\/wp-json\/wp\/v2\/product"}],"about":[{"href":"https:\/\/shop.bushboats.com\/index.php\/wp-json\/wp\/v2\/types\/product"}],"replies":[{"embeddable":true,"href":"https:\/\/shop.bushboats.com\/index.php\/wp-json\/wp\/v2\/comments?post=18524"}],"wp:featuredmedia":[{"embeddable":true,"href":"https:\/\/shop.bushboats.com\/index.php\/wp-json\/wp\/v2\/media\/18531"}],"wp:attachment":[{"href":"https:\/\/shop.bushboats.com\/index.php\/wp-json\/wp\/v2\/media?parent=18524"}],"wp:term":[{"taxonomy":"product_brand","embeddable":true,"href":"https:\/\/shop.bushboats.com\/index.php\/wp-json\/wp\/v2\/product_brand?post=18524"},{"taxonomy":"product_cat","embeddable":true,"href":"https:\/\/shop.bushboats.com\/index.php\/wp-json\/wp\/v2\/product_cat?post=18524"},{"taxonomy":"product_tag","embeddable":true,"href":"https:\/\/shop.bushboats.com\/index.php\/wp-json\/wp\/v2\/product_tag?post=18524"}],"curies":[{"name":"wp","href":"https:\/\/api.w.org\/{rel}","templated":true}]}}