{"id":18555,"date":"2024-05-07T15:46:12","date_gmt":"2024-05-07T12:46:12","guid":{"rendered":"https:\/\/shop.bushboats.com\/?post_type=product&#038;p=18555"},"modified":"2025-01-01T23:03:36","modified_gmt":"2025-01-01T21:03:36","slug":"baltas-abs-sienas-stiprinajuma-makskeres-turetaji-2","status":"publish","type":"product","link":"https:\/\/shop.bushboats.com\/index.php\/produkts\/baltas-abs-sienas-stiprinajuma-makskeres-turetaji-2\/","title":{"rendered":"Baltas ABS sienas stiprin\u0101juma mak\u0161\u0137eres tur\u0113t\u0101ji"},"content":{"rendered":"<table class=\"table\">\n<tbody>\n<tr>\n<th>GARUMS MM<\/th>\n<td>276<\/td>\n<\/tr>\n<tr>\n<th>PLATUMS MM<\/th>\n<td>452<\/td>\n<\/tr>\n<\/tbody>\n<\/table>\n","protected":false},"excerpt":{"rendered":"<p>GARUMS MM 276 PLATUMS MM 452<\/p>\n","protected":false},"featured_media":18715,"comment_status":"open","ping_status":"closed","template":"","meta":[],"product_brand":[],"product_cat":[54,682],"product_tag":[],"class_list":{"0":"post-18555","1":"product","2":"type-product","3":"status-publish","4":"has-post-thumbnail","6":"product_cat-accessories","7":"product_cat-turetaji-makskerem-eholotiem-sensoriem","9":"first","10":"instock","11":"taxable","12":"shipping-taxable","13":"purchasable","14":"product-type-simple"},"jetpack_sharing_enabled":true,"_links":{"self":[{"href":"https:\/\/shop.bushboats.com\/index.php\/wp-json\/wp\/v2\/product\/18555","targetHints":{"allow":["GET"]}}],"collection":[{"href":"https:\/\/shop.bushboats.com\/index.php\/wp-json\/wp\/v2\/product"}],"about":[{"href":"https:\/\/shop.bushboats.com\/index.php\/wp-json\/wp\/v2\/types\/product"}],"replies":[{"embeddable":true,"href":"https:\/\/shop.bushboats.com\/index.php\/wp-json\/wp\/v2\/comments?post=18555"}],"wp:featuredmedia":[{"embeddable":true,"href":"https:\/\/shop.bushboats.com\/index.php\/wp-json\/wp\/v2\/media\/18715"}],"wp:attachment":[{"href":"https:\/\/shop.bushboats.com\/index.php\/wp-json\/wp\/v2\/media?parent=18555"}],"wp:term":[{"taxonomy":"product_brand","embeddable":true,"href":"https:\/\/shop.bushboats.com\/index.php\/wp-json\/wp\/v2\/product_brand?post=18555"},{"taxonomy":"product_cat","embeddable":true,"href":"https:\/\/shop.bushboats.com\/index.php\/wp-json\/wp\/v2\/product_cat?post=18555"},{"taxonomy":"product_tag","embeddable":true,"href":"https:\/\/shop.bushboats.com\/index.php\/wp-json\/wp\/v2\/product_tag?post=18555"}],"curies":[{"name":"wp","href":"https:\/\/api.w.org\/{rel}","templated":true}]}}