{"id":18591,"date":"2024-05-07T22:53:37","date_gmt":"2024-05-07T19:53:37","guid":{"rendered":"https:\/\/shop.bushboats.com\/?post_type=product&#038;p=18591"},"modified":"2025-09-17T22:22:31","modified_gmt":"2025-09-17T19:22:31","slug":"motora-parvalks-8-20h-600-d-zils","status":"publish","type":"product","link":"https:\/\/shop.bushboats.com\/index.php\/produkts\/motora-parvalks-8-20h-600-d-zils\/","title":{"rendered":"Motora p\u0101rvalks 8\/20H 600 D (Zils)"},"content":{"rendered":"<blockquote><p>Motora p\u0101rsegs izgatavots no poliestera, pret miltrasu, elpojo\u0161s, \u016bdensnecaurlaid\u012bgs un U.V. iztur\u012bgs audums. Pateicoties t\u0101 formai, tas piln\u012bb\u0101 aizsarg\u0101 motoru no laika faktoriem, piem\u0113ram, lietus, saules un putek\u013ciem. Turkl\u0101t tas ir apr\u012bkots ar nosl\u0113dzo\u0161o virvi un \u0113rtu s\u0101nu r\u0101v\u0113jsl\u0113dz\u0113ju.<br \/>\nIr pieejami divi poliestera bl\u012bvumi:<br \/>\n\u25cf 600 DENIER BLUE kr\u0101sa nodro\u0161ina lab\u0101ku \u016bdensnecaurlaid\u012bbu un stabilit\u0101ti pietauvo\u0161an\u0101s un uzglab\u0101\u0161anas laik\u0101.<\/p><\/blockquote>\n<p>Izm\u0113ri A x B x C mm &#8211; 80 x 40\u00a0x 150<\/p>\n","protected":false},"excerpt":{"rendered":"<p>Motora p\u0101rsegs izgatavots no poliestera, pret miltrasu, elpojo\u0161s, \u016bdensnecaurlaid\u012bgs un U.V. iztur\u012bgs audums. Pateicoties t\u0101 formai, tas piln\u012bb\u0101 aizsarg\u0101 motoru no laika faktoriem, piem\u0113ram, lietus, saules un putek\u013ciem. Turkl\u0101t tas ir apr\u012bkots ar nosl\u0113dzo\u0161o virvi un \u0113rtu s\u0101nu r\u0101v\u0113jsl\u0113dz\u0113ju. Ir pieejami divi poliestera bl\u012bvumi: \u25cf 600 DENIER BLUE kr\u0101sa nodro\u0161ina lab\u0101ku \u016bdensnecaurlaid\u012bbu un stabilit\u0101ti pietauvo\u0161an\u0101s [&hellip;]<\/p>\n","protected":false},"featured_media":18592,"comment_status":"open","ping_status":"closed","template":"","meta":[],"product_brand":[],"product_cat":[264,54],"product_tag":[],"class_list":{"0":"post-18591","1":"product","2":"type-product","3":"status-publish","4":"has-post-thumbnail","6":"product_cat-laivas-motora-aksesuari","7":"product_cat-accessories","9":"first","10":"instock","11":"taxable","12":"shipping-taxable","13":"purchasable","14":"product-type-simple"},"jetpack_sharing_enabled":true,"_links":{"self":[{"href":"https:\/\/shop.bushboats.com\/index.php\/wp-json\/wp\/v2\/product\/18591","targetHints":{"allow":["GET"]}}],"collection":[{"href":"https:\/\/shop.bushboats.com\/index.php\/wp-json\/wp\/v2\/product"}],"about":[{"href":"https:\/\/shop.bushboats.com\/index.php\/wp-json\/wp\/v2\/types\/product"}],"replies":[{"embeddable":true,"href":"https:\/\/shop.bushboats.com\/index.php\/wp-json\/wp\/v2\/comments?post=18591"}],"wp:featuredmedia":[{"embeddable":true,"href":"https:\/\/shop.bushboats.com\/index.php\/wp-json\/wp\/v2\/media\/18592"}],"wp:attachment":[{"href":"https:\/\/shop.bushboats.com\/index.php\/wp-json\/wp\/v2\/media?parent=18591"}],"wp:term":[{"taxonomy":"product_brand","embeddable":true,"href":"https:\/\/shop.bushboats.com\/index.php\/wp-json\/wp\/v2\/product_brand?post=18591"},{"taxonomy":"product_cat","embeddable":true,"href":"https:\/\/shop.bushboats.com\/index.php\/wp-json\/wp\/v2\/product_cat?post=18591"},{"taxonomy":"product_tag","embeddable":true,"href":"https:\/\/shop.bushboats.com\/index.php\/wp-json\/wp\/v2\/product_tag?post=18591"}],"curies":[{"name":"wp","href":"https:\/\/api.w.org\/{rel}","templated":true}]}}