{"id":18598,"date":"2024-05-07T23:09:55","date_gmt":"2024-05-07T20:09:55","guid":{"rendered":"https:\/\/shop.bushboats.com\/?post_type=product&#038;p=18598"},"modified":"2024-10-23T02:36:50","modified_gmt":"2024-10-22T23:36:50","slug":"parsegs-piekarinama-motora-augsdalai-300-d-peleks","status":"publish","type":"product","link":"https:\/\/shop.bushboats.com\/index.php\/produkts\/parsegs-piekarinama-motora-augsdalai-300-d-peleks\/","title":{"rendered":"P\u0100RSEGS PIEKARIN\u0100M\u0100 MOTORA AUG\u0160DA\u013bAI 20\/30 Hp 300 D (Peleks)"},"content":{"rendered":"<p>Motora p\u0101rsegs izgatavots no poliestera, pret miltrasu, elpojo\u0161s, \u016bdensnecaurlaid\u012bgs un U.V. iztur\u012bgs audums. Pateicoties t\u0101 formai, tas piln\u012bb\u0101 aizsarg\u0101 motoru no laika faktoriem, piem\u0113ram, lietus, saules un putek\u013ciem. Turkl\u0101t tas ir apr\u012bkots ar nosl\u0113dzo\u0161o virvi un \u0113rtu s\u0101nu r\u0101v\u0113jsl\u0113dz\u0113ju.<br \/>\nIr pieejami divi poliestera bl\u012bvumi:<br \/>\n\u25cf uzglab\u0101\u0161anai ieteicama kr\u0101sa 300 DENIER GREY;<\/p>\n<p class=\"text-center\">Izm\u0113ri\u00a0 A x B x C x D x E mm &#8211; 58 x 32 x 40 x 70 x 45<\/p>\n","protected":false},"excerpt":{"rendered":"<p>Motora p\u0101rsegs izgatavots no poliestera, pret miltrasu, elpojo\u0161s, \u016bdensnecaurlaid\u012bgs un U.V. iztur\u012bgs audums. Pateicoties t\u0101 formai, tas piln\u012bb\u0101 aizsarg\u0101 motoru no laika faktoriem, piem\u0113ram, lietus, saules un putek\u013ciem. Turkl\u0101t tas ir apr\u012bkots ar nosl\u0113dzo\u0161o virvi un \u0113rtu s\u0101nu r\u0101v\u0113jsl\u0113dz\u0113ju. Ir pieejami divi poliestera bl\u012bvumi: \u25cf uzglab\u0101\u0161anai ieteicama kr\u0101sa 300 DENIER GREY; Izm\u0113ri\u00a0 A x B [&hellip;]<\/p>\n","protected":false},"featured_media":18602,"comment_status":"open","ping_status":"closed","template":"","meta":[],"product_brand":[],"product_cat":[264,54],"product_tag":[],"class_list":{"0":"post-18598","1":"product","2":"type-product","3":"status-publish","4":"has-post-thumbnail","6":"product_cat-laivas-motora-aksesuari","7":"product_cat-accessories","9":"first","10":"instock","11":"taxable","12":"shipping-taxable","13":"purchasable","14":"product-type-simple"},"jetpack_sharing_enabled":true,"_links":{"self":[{"href":"https:\/\/shop.bushboats.com\/index.php\/wp-json\/wp\/v2\/product\/18598","targetHints":{"allow":["GET"]}}],"collection":[{"href":"https:\/\/shop.bushboats.com\/index.php\/wp-json\/wp\/v2\/product"}],"about":[{"href":"https:\/\/shop.bushboats.com\/index.php\/wp-json\/wp\/v2\/types\/product"}],"replies":[{"embeddable":true,"href":"https:\/\/shop.bushboats.com\/index.php\/wp-json\/wp\/v2\/comments?post=18598"}],"wp:featuredmedia":[{"embeddable":true,"href":"https:\/\/shop.bushboats.com\/index.php\/wp-json\/wp\/v2\/media\/18602"}],"wp:attachment":[{"href":"https:\/\/shop.bushboats.com\/index.php\/wp-json\/wp\/v2\/media?parent=18598"}],"wp:term":[{"taxonomy":"product_brand","embeddable":true,"href":"https:\/\/shop.bushboats.com\/index.php\/wp-json\/wp\/v2\/product_brand?post=18598"},{"taxonomy":"product_cat","embeddable":true,"href":"https:\/\/shop.bushboats.com\/index.php\/wp-json\/wp\/v2\/product_cat?post=18598"},{"taxonomy":"product_tag","embeddable":true,"href":"https:\/\/shop.bushboats.com\/index.php\/wp-json\/wp\/v2\/product_tag?post=18598"}],"curies":[{"name":"wp","href":"https:\/\/api.w.org\/{rel}","templated":true}]}}