{"id":18636,"date":"2024-05-14T15:13:37","date_gmt":"2024-05-14T12:13:37","guid":{"rendered":"https:\/\/shop.bushboats.com\/?post_type=product&#038;p=18636"},"modified":"2025-02-19T10:17:02","modified_gmt":"2025-02-19T08:17:02","slug":"akumulators-12v-100ah-reco-rp12-100a-agm-vrla-battery-l333-w173-h222","status":"publish","type":"product","link":"https:\/\/shop.bushboats.com\/index.php\/produkts\/akumulators-12v-100ah-reco-rp12-100a-agm-vrla-battery-l333-w173-h222\/","title":{"rendered":"MB 100-12Mega Bat battery\/AGM\/12V-100Ah\/term. M8\/L326 W172 H220 mm."},"content":{"rendered":"<p>MB 100-12Mega Bat battery\/AGM\/12V-100Ah\/term. M8\/L326 W172 H220 mm.<\/p>\n<p>Pielietojums:<br \/>\nkemperi<br \/>\nkarav\u0101ni<br \/>\nlaivas<br \/>\njahtas<br \/>\nkatri<br \/>\nkar\u0101jo\u0161ie elektriskie dzin\u0113ji<br \/>\nelektrisk\u0101s vin\u010das<\/p>\n","protected":false},"excerpt":{"rendered":"<p>MB 100-12Mega Bat battery\/AGM\/12V-100Ah\/term. M8\/L326 W172 H220 mm. Pielietojums: kemperi karav\u0101ni laivas jahtas katri kar\u0101jo\u0161ie elektriskie dzin\u0113ji elektrisk\u0101s vin\u010das<\/p>\n","protected":false},"featured_media":23399,"comment_status":"open","ping_status":"closed","template":"","meta":[],"product_brand":[],"product_cat":[789,76,79],"product_tag":[],"class_list":{"0":"post-18636","1":"product","2":"type-product","3":"status-publish","4":"has-post-thumbnail","6":"product_cat-akumulatori","7":"product_cat-electrical-equipment-lv","8":"product_cat-elektriskie-piederumi","10":"first","11":"instock","12":"taxable","13":"shipping-taxable","14":"purchasable","15":"product-type-simple"},"jetpack_sharing_enabled":true,"_links":{"self":[{"href":"https:\/\/shop.bushboats.com\/index.php\/wp-json\/wp\/v2\/product\/18636","targetHints":{"allow":["GET"]}}],"collection":[{"href":"https:\/\/shop.bushboats.com\/index.php\/wp-json\/wp\/v2\/product"}],"about":[{"href":"https:\/\/shop.bushboats.com\/index.php\/wp-json\/wp\/v2\/types\/product"}],"replies":[{"embeddable":true,"href":"https:\/\/shop.bushboats.com\/index.php\/wp-json\/wp\/v2\/comments?post=18636"}],"wp:featuredmedia":[{"embeddable":true,"href":"https:\/\/shop.bushboats.com\/index.php\/wp-json\/wp\/v2\/media\/23399"}],"wp:attachment":[{"href":"https:\/\/shop.bushboats.com\/index.php\/wp-json\/wp\/v2\/media?parent=18636"}],"wp:term":[{"taxonomy":"product_brand","embeddable":true,"href":"https:\/\/shop.bushboats.com\/index.php\/wp-json\/wp\/v2\/product_brand?post=18636"},{"taxonomy":"product_cat","embeddable":true,"href":"https:\/\/shop.bushboats.com\/index.php\/wp-json\/wp\/v2\/product_cat?post=18636"},{"taxonomy":"product_tag","embeddable":true,"href":"https:\/\/shop.bushboats.com\/index.php\/wp-json\/wp\/v2\/product_tag?post=18636"}],"curies":[{"name":"wp","href":"https:\/\/api.w.org\/{rel}","templated":true}]}}