{"id":18760,"date":"2024-06-14T07:40:33","date_gmt":"2024-06-14T04:40:33","guid":{"rendered":"https:\/\/shop.bushboats.com\/?post_type=product&#038;p=18760"},"modified":"2024-11-26T11:13:42","modified_gmt":"2024-11-26T09:13:42","slug":"regulejams-konusveida-gumijas-silfons","status":"publish","type":"product","link":"https:\/\/shop.bushboats.com\/index.php\/produkts\/regulejams-konusveida-gumijas-silfons\/","title":{"rendered":"Regul\u0113jams konusveida gumijas silfons"},"content":{"rendered":"<p>Regul\u0113jams konusveida gumijas silfons kabe\u013ca aizsardz\u012bbai. Komplekt\u0101 ar skr\u016bv\u0113jamu gredzenu un neilona \u0161\u013c\u016btenes skavu. Izgatavots no PVC, iztur\u012bgs pret UV stariem.<br \/>\nViegli uzst\u0101d\u012bt.<\/p>\n","protected":false},"excerpt":{"rendered":"<p>Regul\u0113jams konusveida gumijas silfons kabe\u013ca aizsardz\u012bbai. Komplekt\u0101 ar skr\u016bv\u0113jamu gredzenu un neilona \u0161\u013c\u016btenes skavu. Izgatavots no PVC, iztur\u012bgs pret UV stariem. Viegli uzst\u0101d\u012bt.<\/p>\n","protected":false},"featured_media":18761,"comment_status":"open","ping_status":"closed","template":"","meta":[],"product_brand":[],"product_cat":[82,829,79,54,670],"product_tag":[],"class_list":{"0":"post-18760","1":"product","2":"type-product","3":"status-publish","4":"has-post-thumbnail","6":"product_cat-other-accessories-lv","7":"product_cat-citi-makskeresanas-aksesuari","8":"product_cat-elektriskie-piederumi","9":"product_cat-accessories","10":"product_cat-piepusamo-laivu-aksesuari","12":"first","13":"instock","14":"taxable","15":"shipping-taxable","16":"purchasable","17":"product-type-simple"},"jetpack_sharing_enabled":true,"_links":{"self":[{"href":"https:\/\/shop.bushboats.com\/index.php\/wp-json\/wp\/v2\/product\/18760","targetHints":{"allow":["GET"]}}],"collection":[{"href":"https:\/\/shop.bushboats.com\/index.php\/wp-json\/wp\/v2\/product"}],"about":[{"href":"https:\/\/shop.bushboats.com\/index.php\/wp-json\/wp\/v2\/types\/product"}],"replies":[{"embeddable":true,"href":"https:\/\/shop.bushboats.com\/index.php\/wp-json\/wp\/v2\/comments?post=18760"}],"wp:featuredmedia":[{"embeddable":true,"href":"https:\/\/shop.bushboats.com\/index.php\/wp-json\/wp\/v2\/media\/18761"}],"wp:attachment":[{"href":"https:\/\/shop.bushboats.com\/index.php\/wp-json\/wp\/v2\/media?parent=18760"}],"wp:term":[{"taxonomy":"product_brand","embeddable":true,"href":"https:\/\/shop.bushboats.com\/index.php\/wp-json\/wp\/v2\/product_brand?post=18760"},{"taxonomy":"product_cat","embeddable":true,"href":"https:\/\/shop.bushboats.com\/index.php\/wp-json\/wp\/v2\/product_cat?post=18760"},{"taxonomy":"product_tag","embeddable":true,"href":"https:\/\/shop.bushboats.com\/index.php\/wp-json\/wp\/v2\/product_tag?post=18760"}],"curies":[{"name":"wp","href":"https:\/\/api.w.org\/{rel}","templated":true}]}}