{"id":18898,"date":"2024-07-20T15:26:14","date_gmt":"2024-07-20T12:26:14","guid":{"rendered":"https:\/\/shop.bushboats.com\/?post_type=product&#038;p=18898"},"modified":"2026-03-17T17:03:09","modified_gmt":"2026-03-17T15:03:09","slug":"kaju-suknis-bravo-10","status":"publish","type":"product","link":"https:\/\/shop.bushboats.com\/index.php\/produkts\/kaju-suknis-bravo-10\/","title":{"rendered":"K\u0100JU S\u016aKNIS BRAVO 10"},"content":{"rendered":"<p>Izmantojot BRAVO 10 divkameru s\u016bkni, atbilsto\u0161i visu audumu vai gumijoto laivu ieteiktajam spiedienam, to var viegli sasniegt ar \u013coti nelielu piep\u016bli.<br \/>\nJa j\u016bs neizmantojat spiediena m\u0113r\u012bt\u0101ju, lai kontrol\u0113tu spiedienu laiv\u0101, BRAVO 10 ir apr\u012bkots ar vizu\u0101lu spiediena indikatoru, kas br\u012bdina j\u016bs par paaugstin\u0101tu spiedienu.<br \/>\n&#8211; Izgatavots no iztur\u012bga ar stiklplasta pastiprin\u0101ta neilona<br \/>\n&#8211; nemain\u012bgs zem saules vai j\u016bras vid\u0113<br \/>\n&#8211; Liela, bet viegla, pateicoties sint\u0113tisko materi\u0101lu izmanto\u0161anai (1,9 kg)<br \/>\n&#8211; 4 pretsl\u012bd\u0113\u0161anas k\u0101jas liel\u0101kai stabilit\u0101tei<br \/>\n&#8211; standarta triecieniztur\u012bga \u0161\u013c\u016btene<\/p>\n<p>Tehnisk\u0101s \u012bpa\u0161\u012bbas<\/p>\n<p>1. kamerai A pl\u016bsmas \u0101trums\u00a0 \u00a0 \u00a0 \u00a0 \u00a0 \u00a0 \u00a0 \u00a0 \u00a0 \u00a0 \u00a0 \u00a0 \u00a0 5,5 l<\/p>\n<p>2. kamerai B pl\u016bsmas \u0101trums\u00a0 \u00a0 \u00a0 \u00a0 \u00a0 \u00a0 \u00a0 \u00a0 \u00a0 \u00a0 \u00a0 \u00a0 \u00a01,6 l<\/p>\n<p>1. kamerai A maksim\u0101lais spiediens\u00a0 \u00a0 \u00a0 \u00a0 \u00a0 \u00a0 \u00a0 300 m Bar (4,4 PSI)<\/p>\n<p>2. kamerai B maksim\u0101lais spiediens\u00a0 \u00a0 \u00a0 \u00a0 \u00a0 \u00a0 \u00a0 800 m Bar (11,6 PSI)<\/p>\n<p>Izm\u0113ri\u00a0 \u00a0 \u00a0 \u00a0 \u00a0 \u00a0 \u00a0 \u00a0 \u00a0 \u00a0 \u00a0 \u00a0 \u00a0 \u00a0 \u00a0 \u00a0 \u00a0 \u00a0 \u00a0 \u00a0 \u00a0 \u00a0 \u00a0 \u00a0 \u00a0 \u00a0 \u00a0 \u00a0 \u00a0 \u00a0 \u00a0 \u00a0 \u00a0 \u00a0 350 x 250 x 80 mm<\/p>\n<p>Svars\u00a0 \u00a0 \u00a0 \u00a0 \u00a0 \u00a0 \u00a0 \u00a0 \u00a0 \u00a0 \u00a0 \u00a0 \u00a0 \u00a0 \u00a0 \u00a0 \u00a0 \u00a0 \u00a0 \u00a0 \u00a0 \u00a0 \u00a0 \u00a0 \u00a0 \u00a0 \u00a0 \u00a0 \u00a0 \u00a0 \u00a0 \u00a0 \u00a0 \u00a0 \u00a0 \u00a01,9 Kg<\/p>\n<p>&nbsp;<\/p>\n<p>Profesion\u0101la divkameru gaisa s\u016bknis.<\/p>\n","protected":false},"excerpt":{"rendered":"<p>Izmantojot BRAVO 10 divkameru s\u016bkni, atbilsto\u0161i visu audumu vai gumijoto laivu ieteiktajam spiedienam, to var viegli sasniegt ar \u013coti nelielu piep\u016bli. Ja j\u016bs neizmantojat spiediena m\u0113r\u012bt\u0101ju, lai kontrol\u0113tu spiedienu laiv\u0101, BRAVO 10 ir apr\u012bkots ar vizu\u0101lu spiediena indikatoru, kas br\u012bdina j\u016bs par paaugstin\u0101tu spiedienu. &#8211; Izgatavots no iztur\u012bga ar stiklplasta pastiprin\u0101ta neilona &#8211; nemain\u012bgs zem [&hellip;]<\/p>\n","protected":false},"featured_media":18899,"comment_status":"open","ping_status":"closed","template":"","meta":[],"product_brand":[],"product_cat":[54,676],"product_tag":[],"class_list":{"0":"post-18898","1":"product","2":"type-product","3":"status-publish","4":"has-post-thumbnail","6":"product_cat-accessories","7":"product_cat-sukni-un-piederumi","9":"first","10":"instock","11":"taxable","12":"shipping-taxable","13":"purchasable","14":"product-type-simple"},"jetpack_sharing_enabled":true,"_links":{"self":[{"href":"https:\/\/shop.bushboats.com\/index.php\/wp-json\/wp\/v2\/product\/18898","targetHints":{"allow":["GET"]}}],"collection":[{"href":"https:\/\/shop.bushboats.com\/index.php\/wp-json\/wp\/v2\/product"}],"about":[{"href":"https:\/\/shop.bushboats.com\/index.php\/wp-json\/wp\/v2\/types\/product"}],"replies":[{"embeddable":true,"href":"https:\/\/shop.bushboats.com\/index.php\/wp-json\/wp\/v2\/comments?post=18898"}],"wp:featuredmedia":[{"embeddable":true,"href":"https:\/\/shop.bushboats.com\/index.php\/wp-json\/wp\/v2\/media\/18899"}],"wp:attachment":[{"href":"https:\/\/shop.bushboats.com\/index.php\/wp-json\/wp\/v2\/media?parent=18898"}],"wp:term":[{"taxonomy":"product_brand","embeddable":true,"href":"https:\/\/shop.bushboats.com\/index.php\/wp-json\/wp\/v2\/product_brand?post=18898"},{"taxonomy":"product_cat","embeddable":true,"href":"https:\/\/shop.bushboats.com\/index.php\/wp-json\/wp\/v2\/product_cat?post=18898"},{"taxonomy":"product_tag","embeddable":true,"href":"https:\/\/shop.bushboats.com\/index.php\/wp-json\/wp\/v2\/product_tag?post=18898"}],"curies":[{"name":"wp","href":"https:\/\/api.w.org\/{rel}","templated":true}]}}