{"id":18904,"date":"2024-07-20T15:30:15","date_gmt":"2024-07-20T12:30:15","guid":{"rendered":"https:\/\/shop.bushboats.com\/?post_type=product&#038;p=18904"},"modified":"2026-03-17T17:09:49","modified_gmt":"2026-03-17T15:09:49","slug":"kaju-suknis-bravo-9","status":"publish","type":"product","link":"https:\/\/shop.bushboats.com\/index.php\/produkts\/kaju-suknis-bravo-9\/","title":{"rendered":"K\u0100JU S\u016aKNIS BRAVO 9"},"content":{"rendered":"<p>DOUBLE CHAMBER SUMP\u00a06L<br \/>\nAugsta efektivit\u0101te &#8211; augsts spiediens l\u012bdz 1,0 b\u0101riem (14,5 psi).<br \/>\nDivk\u0101r\u0161a kamera ar ier\u012bci, kas \u013cauj izmantot optim\u0101lo caurules un augstspiediena gr\u012bdas uzp\u016btes jaudu. Lai uzp\u016bstu tubol\u0101rus, s\u0101kat piep\u016bst ar ievietoto v\u0101ci\u0146u, lai piln\u012bb\u0101 izmantotu jaudu. Lai uzp\u016bstu dibenu, iev\u0113rojiet to pa\u0161u proced\u016bru k\u0101 tubol\u0101riem, t\u0101d\u0113\u013c no\u0146emiet v\u0101ci\u0146u.<br \/>\nS\u016bknis autom\u0101tiski izmantos tikai maz\u0101ku kameru, t\u0101d\u0113j\u0101di bez spiediena var sasniegt spiedienu 1,0 bar (14,5 psi).<\/p>\n<p>Ieteicams izmantot spiediena m\u0113r\u012bt\u0101ju SP125 \/ 1, lai kontrol\u0113tu spiedienu, piep\u016b\u0161ot.<\/p>\n<p>Tehnisk\u0101s \u012bpa\u0161\u012bbas<\/p>\n<p>1 kameras pl\u016bsmas \u0101trums\u00a0 \u00a0 \u00a0 \u00a0 \u00a0 \u00a0 \u00a0 \u00a0 \u00a0 \u00a0 \u00a0 \u00a0 \u00a0 \u00a0 \u00a06,5 l<\/p>\n<p>1 kameras maksim\u0101lais spiediens\u00a0 \u00a0 \u00a0 \u00a0 \u00a0 \u00a0 \u00a0 \u00a0 0,3 b\u0101ri<\/p>\n<p>2 kameras pl\u016bsmas \u0101trums\u00a0 \u00a0 \u00a0 \u00a0 \u00a0 \u00a0 \u00a0 \u00a0 \u00a0 \u00a0 \u00a0 \u00a0 \u00a0 \u00a0 1,5 l<\/p>\n<p>2 kameras maksim\u0101lais spiediens\u00a0 \u00a0 \u00a0 \u00a0 \u00a0 \u00a0 \u00a0 \u00a0 1,0 b\u0101ri<\/p>\n<p>Izm\u0113ri\u00a0 \u00a0 \u00a0 \u00a0 \u00a0 \u00a0 \u00a0 \u00a0 \u00a0 \u00a0 \u00a0 \u00a0 \u00a0 \u00a0 \u00a0 \u00a0 \u00a0 \u00a0 \u00a0 \u00a0 \u00a0 \u00a0 \u00a0 \u00a0 \u00a0 \u00a0 \u00a0 \u00a0 \u00a0 \u00a0 \u00a0 \u00a0 \u00a0 \u00a0320 x 230 x 70 mm<\/p>\n<p>Svars\u00a0 \u00a0 \u00a0 \u00a0 \u00a0 \u00a0 \u00a0 \u00a0 \u00a0 \u00a0 \u00a0 \u00a0 \u00a0 \u00a0 \u00a0 \u00a0 \u00a0 \u00a0 \u00a0 \u00a0 \u00a0 \u00a0 \u00a0 \u00a0 \u00a0 \u00a0 \u00a0 \u00a0 \u00a0 \u00a0 \u00a0 \u00a0 \u00a0 \u00a0 \u00a01,55 kg<\/p>\n","protected":false},"excerpt":{"rendered":"<p>DOUBLE CHAMBER SUMP\u00a06L Augsta efektivit\u0101te &#8211; augsts spiediens l\u012bdz 1,0 b\u0101riem (14,5 psi). Divk\u0101r\u0161a kamera ar ier\u012bci, kas \u013cauj izmantot optim\u0101lo caurules un augstspiediena gr\u012bdas uzp\u016btes jaudu. Lai uzp\u016bstu tubol\u0101rus, s\u0101kat piep\u016bst ar ievietoto v\u0101ci\u0146u, lai piln\u012bb\u0101 izmantotu jaudu. Lai uzp\u016bstu dibenu, iev\u0113rojiet to pa\u0161u proced\u016bru k\u0101 tubol\u0101riem, t\u0101d\u0113\u013c no\u0146emiet v\u0101ci\u0146u. S\u016bknis autom\u0101tiski izmantos tikai [&hellip;]<\/p>\n","protected":false},"featured_media":21835,"comment_status":"open","ping_status":"closed","template":"","meta":[],"product_brand":[],"product_cat":[54,676],"product_tag":[],"class_list":{"0":"post-18904","1":"product","2":"type-product","3":"status-publish","4":"has-post-thumbnail","6":"product_cat-accessories","7":"product_cat-sukni-un-piederumi","9":"first","10":"instock","11":"taxable","12":"shipping-taxable","13":"purchasable","14":"product-type-simple"},"jetpack_sharing_enabled":true,"_links":{"self":[{"href":"https:\/\/shop.bushboats.com\/index.php\/wp-json\/wp\/v2\/product\/18904","targetHints":{"allow":["GET"]}}],"collection":[{"href":"https:\/\/shop.bushboats.com\/index.php\/wp-json\/wp\/v2\/product"}],"about":[{"href":"https:\/\/shop.bushboats.com\/index.php\/wp-json\/wp\/v2\/types\/product"}],"replies":[{"embeddable":true,"href":"https:\/\/shop.bushboats.com\/index.php\/wp-json\/wp\/v2\/comments?post=18904"}],"wp:featuredmedia":[{"embeddable":true,"href":"https:\/\/shop.bushboats.com\/index.php\/wp-json\/wp\/v2\/media\/21835"}],"wp:attachment":[{"href":"https:\/\/shop.bushboats.com\/index.php\/wp-json\/wp\/v2\/media?parent=18904"}],"wp:term":[{"taxonomy":"product_brand","embeddable":true,"href":"https:\/\/shop.bushboats.com\/index.php\/wp-json\/wp\/v2\/product_brand?post=18904"},{"taxonomy":"product_cat","embeddable":true,"href":"https:\/\/shop.bushboats.com\/index.php\/wp-json\/wp\/v2\/product_cat?post=18904"},{"taxonomy":"product_tag","embeddable":true,"href":"https:\/\/shop.bushboats.com\/index.php\/wp-json\/wp\/v2\/product_tag?post=18904"}],"curies":[{"name":"wp","href":"https:\/\/api.w.org\/{rel}","templated":true}]}}