{"id":18930,"date":"2024-07-23T16:37:58","date_gmt":"2024-07-23T13:37:58","guid":{"rendered":"https:\/\/shop.bushboats.com\/?post_type=product&#038;p=18930"},"modified":"2024-09-08T16:39:55","modified_gmt":"2024-09-08T13:39:55","slug":"kolibri-km-300d","status":"publish","type":"product","link":"https:\/\/shop.bushboats.com\/index.php\/produkts\/kolibri-km-300d\/","title":{"rendered":"Kolibri KM-300D"},"content":{"rendered":"<section class=\"product-features\">\n<h3 class=\"h6\">Datu lapa<\/h3>\n<dl class=\"data-sheet\">\n<dt class=\"name\">Garums, cm\u00a0 \u00a0 \u00a0 \u00a0 \u00a0 \u00a0 \u00a0 \u00a0 \u00a0 \u00a0 \u00a0 \u00a0 \u00a0 \u00a0 \u00a0 \u00a0 \u00a0 \u00a0 \u00a0 \u00a0 \u00a0 \u00a0 300<\/dt>\n<dt class=\"name\">Platums, cm\u00a0 \u00a0 \u00a0 \u00a0 \u00a0 \u00a0 \u00a0 \u00a0 \u00a0 \u00a0 \u00a0 \u00a0 \u00a0 \u00a0 \u00a0 \u00a0 \u00a0 \u00a0 \u00a0 \u00a0 \u00a0 \u00a0 160<\/dt>\n<dt class=\"name\">Aerosola diametrs, cm\u00a0 \u00a0 \u00a0 \u00a0 \u00a0 \u00a0 \u00a0 \u00a0 \u00a0 \u00a0 \u00a0 \u00a0 \u00a0 42<\/dt>\n<dt class=\"name\">PVC bl\u012bvums, g \/m2\u00a0 \u00a0 \u00a0 \u00a0 \u00a0 \u00a0 \u00a0 \u00a0 \u00a0 \u00a0 \u00a0 \u00a0 \u00a0 \u00a0 \u00a0 1100<\/dt>\n<dt class=\"name\">Celtsp\u0113ja, kg\u00a0 \u00a0 \u00a0 \u00a0 \u00a0 \u00a0 \u00a0 \u00a0 \u00a0 \u00a0 \u00a0 \u00a0 \u00a0 \u00a0 \u00a0 \u00a0 \u00a0 \u00a0 \u00a0 \u00a0 \u00a0 \u00a0400<\/dt>\n<dt class=\"name\">Pasa\u017eieru skaits, cilv\u0113ki\u00a0 \u00a0 \u00a0 \u00a0 \u00a0 \u00a0 \u00a0 \u00a0 \u00a0 \u00a0 \u00a0 \u00a0 3-4<\/dt>\n<dt class=\"name\">Maksim\u0101l\u0101 motora jauda, AG\u00a0 \u00a0 \u00a0 \u00a0 \u00a0 \u00a0 \u00a010<\/dt>\n<dt class=\"name\">Svars, kg\u00a0 \u00a0 \u00a0 \u00a0 \u00a0 \u00a0 \u00a0 \u00a0 \u00a0 \u00a0 \u00a0 \u00a0 \u00a0 \u00a0 \u00a0 \u00a0 \u00a0 \u00a0 \u00a0 \u00a0 \u00a0 \u00a0 \u00a0 \u00a0 \u00a0 \u00a055<\/dt>\n<dt class=\"name\">Aerosolu skaits\u00a0 \u00a0 \u00a0 \u00a0 \u00a0 \u00a0 \u00a0 \u00a0 \u00a0 \u00a0 \u00a0 \u00a0 \u00a0 \u00a0 \u00a0 \u00a0 \u00a0 \u00a0 \u00a0 \u00a03+1<\/dt>\n<dt class=\"name\">Kab\u012bnes izm\u0113rs, cm\u00a0 \u00a0 \u00a0 \u00a0 \u00a0 \u00a0 \u00a0 \u00a0 \u00a0 \u00a0 \u00a0 \u00a0 \u00a0 \u00a0 \u00a0 \u00a0202&#215;76<\/dt>\n<dt class=\"name\">Garantija (gads)\u00a0 \u00a0 \u00a0 \u00a0 \u00a0 \u00a0 \u00a0 \u00a0 \u00a0 \u00a0 \u00a0 \u00a0 \u00a0 \u00a0 \u00a0 \u00a0 \u00a0 \u00a0 \u00a03<\/dt>\n<dt class=\"name\">B\u012bd\u0101mie soli\u0146i\u00a0 \u00a0 \u00a0 \u00a0 \u00a0 \u00a0 \u00a0 \u00a0 \u00a0 \u00a0 \u00a0 \u00a0 \u00a0 \u00a0 \u00a0 \u00a0 \u00a0 \u00a0 \u00a0 \u00a0 +<\/dt>\n<\/dl>\n<\/section>\n<p>APRAKSTS<\/p>\n<section class=\"product-features\">\n<div id=\"collapsedescription\" class=\"collapse in\" role=\"tabpanel\" aria-labelledby=\"headingdescription\">\n<div class=\"card-block\">\n<div class=\"product-description\"><strong>Tips:\u00a0<\/strong>Motorlaiva<strong><br \/>\nKl\u0101ja tips:\u00a0<\/strong>Piep\u016b\u0161amais \u0137\u012blis<\/div>\n<div class=\"product-description\"><strong>Svars:\u00a0\u00a0<\/strong>55 kg<strong><br \/>\nGarums:\u00a0<\/strong>300 cm<strong><br \/>\nPasa\u017eieru skaits:\u00a0<\/strong>3-4 cilv.<strong><br \/>\nGarantija:\u00a0<\/strong>3 gadi<\/p>\n<ul>\n<li>L\u016bdzu, izv\u0113lieties nepiecie\u0161amo gr\u012bdas kl\u0101ja veidu<\/li>\n<li>Pamatkr\u0101sas ir za\u013ca vai tum\u0161i pel\u0113ka<\/li>\n<li>Ir iesp\u0113ja izv\u0113l\u0113ties ar\u012b kamufl\u0101\u017eas kr\u0101su (spec.pas\u016bt\u012bjums)<\/li>\n<li>Pieg\u0101de pa visu Eiropu.<\/li>\n<\/ul>\n<p><strong>Komplekt\u0101cija:<\/strong><\/p>\n<ul>\n<li>PVC laiva\u2013 1 gb.<\/li>\n<li>S\u016bknis &#8211; 1 gb.<\/li>\n<li>Airis &#8211; 2 gb.<\/li>\n<li>Finiera s\u0113deklis &#8211; 2 gb.<\/li>\n<li>Laivas soma &#8211; 1 gb.<\/li>\n<li>Remonta komplekts (l\u012bme, PVC iel\u0101pi) &#8211; 1 gb.<\/li>\n<li>Tehnisk\u0101 pase ar garantijas talonu.<\/li>\n<\/ul>\n<\/div>\n<\/div>\n<\/div>\n<\/section>\n<p>S\u0113rija \u00abPro\u00bb \u2013 pilnizm\u0113ra piep\u016b\u0161am\u0101s laivas ar \u0137\u012bli, kas ir izgatavotas no \u012bpa\u0161i stipra un iztur\u012bga piecsl\u0101\u0146u PVC auduma 1000-1100 g\/m2 un ar kl\u0101ju vai nu no sapl\u0101k\u0161\u0146a, pastiprin\u0101tu ar alum\u012bnija stringeriem, vai 12 mm alum\u012bnija,\u00a0 pasa\u017eieru skaits l\u012bdz piec\u0101m person\u0101m, ir iesp\u0113ja uzst\u0101d\u012bt piekarin\u0101mo dzin\u0113ju l\u012bdz 20 zs.<\/p>\n","protected":false},"excerpt":{"rendered":"<p>Datu lapa Garums, cm\u00a0 \u00a0 \u00a0 \u00a0 \u00a0 \u00a0 \u00a0 \u00a0 \u00a0 \u00a0 \u00a0 \u00a0 \u00a0 \u00a0 \u00a0 \u00a0 \u00a0 \u00a0 \u00a0 \u00a0 \u00a0 \u00a0 300 Platums, cm\u00a0 \u00a0 \u00a0 \u00a0 \u00a0 \u00a0 \u00a0 \u00a0 \u00a0 \u00a0 \u00a0 \u00a0 \u00a0 \u00a0 \u00a0 \u00a0 \u00a0 \u00a0 \u00a0 \u00a0 \u00a0 \u00a0 160 Aerosola diametrs, cm\u00a0 \u00a0 \u00a0 [&hellip;]<\/p>\n","protected":false},"featured_media":18931,"comment_status":"open","ping_status":"closed","template":"","meta":[],"product_brand":[],"product_cat":[800,797],"product_tag":[],"class_list":{"0":"post-18930","1":"product","2":"type-product","3":"status-publish","4":"has-post-thumbnail","6":"product_cat-kila-pvc-motorlaivas","7":"product_cat-kolibri","9":"first","10":"instock","11":"taxable","12":"shipping-taxable","13":"purchasable","14":"product-type-variable"},"jetpack_sharing_enabled":true,"_links":{"self":[{"href":"https:\/\/shop.bushboats.com\/index.php\/wp-json\/wp\/v2\/product\/18930","targetHints":{"allow":["GET"]}}],"collection":[{"href":"https:\/\/shop.bushboats.com\/index.php\/wp-json\/wp\/v2\/product"}],"about":[{"href":"https:\/\/shop.bushboats.com\/index.php\/wp-json\/wp\/v2\/types\/product"}],"replies":[{"embeddable":true,"href":"https:\/\/shop.bushboats.com\/index.php\/wp-json\/wp\/v2\/comments?post=18930"}],"wp:featuredmedia":[{"embeddable":true,"href":"https:\/\/shop.bushboats.com\/index.php\/wp-json\/wp\/v2\/media\/18931"}],"wp:attachment":[{"href":"https:\/\/shop.bushboats.com\/index.php\/wp-json\/wp\/v2\/media?parent=18930"}],"wp:term":[{"taxonomy":"product_brand","embeddable":true,"href":"https:\/\/shop.bushboats.com\/index.php\/wp-json\/wp\/v2\/product_brand?post=18930"},{"taxonomy":"product_cat","embeddable":true,"href":"https:\/\/shop.bushboats.com\/index.php\/wp-json\/wp\/v2\/product_cat?post=18930"},{"taxonomy":"product_tag","embeddable":true,"href":"https:\/\/shop.bushboats.com\/index.php\/wp-json\/wp\/v2\/product_tag?post=18930"}],"curies":[{"name":"wp","href":"https:\/\/api.w.org\/{rel}","templated":true}]}}