{"id":19262,"date":"2024-07-24T08:38:45","date_gmt":"2024-07-24T05:38:45","guid":{"rendered":"https:\/\/shop.bushboats.com\/?post_type=product&#038;p=19262"},"modified":"2026-04-18T23:11:30","modified_gmt":"2026-04-18T20:11:30","slug":"kolibri-km-330dl","status":"publish","type":"product","link":"https:\/\/shop.bushboats.com\/index.php\/produkts\/kolibri-km-330dl\/","title":{"rendered":"Kolibri KM-330DL"},"content":{"rendered":"<h3 class=\"h6\">Datu lapa<\/h3>\n<dl class=\"data-sheet\">\n<dt class=\"name\">Garums, cm\u00a0 \u00a0 \u00a0 \u00a0 \u00a0 \u00a0 \u00a0 \u00a0 \u00a0 \u00a0 \u00a0 \u00a0 \u00a0 \u00a0 \u00a0 \u00a0 \u00a0 \u00a0 \u00a0 \u00a0 \u00a0330<\/dt>\n<dt class=\"name\">Platums, cm\u00a0 \u00a0 \u00a0 \u00a0 \u00a0 \u00a0 \u00a0 \u00a0 \u00a0 \u00a0 \u00a0 \u00a0 \u00a0 \u00a0 \u00a0 \u00a0 \u00a0 \u00a0 \u00a0 \u00a0 160<\/dt>\n<dt class=\"name\">Aerosola diametrs, cm\u00a0 \u00a0 \u00a0 \u00a0 \u00a0 \u00a0 \u00a0 \u00a0 \u00a0 \u00a0 \u00a042<\/dt>\n<dt class=\"name\">PVC bl\u012bvums, g \/m2\u00a0 \u00a0 \u00a0 \u00a0 \u00a0 \u00a0 \u00a0 \u00a0 \u00a0 \u00a0 \u00a0 \u00a0 \u00a0950<\/dt>\n<dt class=\"name\">Celtsp\u0113ja, kg\u00a0 \u00a0 \u00a0 \u00a0 \u00a0 \u00a0 \u00a0 \u00a0 \u00a0 \u00a0 \u00a0 \u00a0 \u00a0 \u00a0 \u00a0 \u00a0 \u00a0 \u00a0 \u00a0 455<\/dt>\n<dt class=\"name\">Pasa\u017eieru skaits, cilv\u0113ki\u00a0 \u00a0 \u00a0 \u00a0 \u00a0 \u00a0 \u00a0 \u00a0 \u00a0 4<\/dt>\n<dt class=\"name\">Maksim\u0101l\u0101 motora jauda, AG\u00a0 \u00a0 \u00a0 \u00a015<\/dt>\n<dt class=\"name\">Svars, kg\u00a0 \u00a0 \u00a0 \u00a0 \u00a0 \u00a0 \u00a0 \u00a0 \u00a0 \u00a0 \u00a0 \u00a0 \u00a0 \u00a0 \u00a0 \u00a0 \u00a0 \u00a0 \u00a0 \u00a0 \u00a0 \u00a0 49<\/dt>\n<dt class=\"name\">Aerosolu skaits\u00a0 \u00a0 \u00a0 \u00a0 \u00a0 \u00a0 \u00a0 \u00a0 \u00a0 \u00a0 \u00a0 \u00a0 \u00a0 \u00a0 \u00a0 \u00a0 3+1<\/dt>\n<dt class=\"name\">Kab\u012bnes izm\u0113rs, cm\u00a0 \u00a0 \u00a0 \u00a0 \u00a0 \u00a0 \u00a0 \u00a0 \u00a0 \u00a0 \u00a0 \u00a0 250\u044576<\/dt>\n<dt class=\"name\">Garantija (gads)\u00a0 \u00a0 \u00a0 \u00a0 \u00a0 \u00a0 \u00a0 \u00a0 \u00a0 \u00a0 \u00a0 \u00a0 \u00a0 \u00a0 \u00a0 3<\/dt>\n<dt class=\"name\">B\u012bd\u0101mie soli\u0146i\u00a0 \u00a0 \u00a0 \u00a0 \u00a0 \u00a0 \u00a0 \u00a0 \u00a0 \u00a0 \u00a0 \u00a0 \u00a0 \u00a0 \u00a0 \u00a0 \u00a0+<\/dt>\n<dt>\n<div id=\"collapsedescription\" class=\"collapse in\" role=\"tabpanel\" aria-labelledby=\"headingdescription\">\n<div class=\"card-block\">\n<div class=\"product-description\">\n<p><strong>APRAKSTS<\/strong><\/p>\n<p><strong>Tips: <\/strong>Motorlaiva<strong><br \/>\nKl\u0101ja tips:\u00a0<\/strong>Piep\u016b\u0161amais \u0137\u012blis<\/p>\n<p><strong>Svars:\u00a0\u00a0<\/strong>49 kg<strong><br \/>\nGarums:\u00a0<\/strong>330 cm<strong><br \/>\nPasa\u017eieru skaits:\u00a0<\/strong>4 cilv.<strong><br \/>\nGarantija:\u00a0<\/strong>3 gadi<\/p>\n<ul>\n<li>L\u016bdzu, izv\u0113lieties nepiecie\u0161amo gr\u012bdas kl\u0101ja veidu<\/li>\n<li>Pamatkr\u0101sas ir za\u013ca vai tum\u0161i pel\u0113ka<\/li>\n<li>Ir iesp\u0113ja izv\u0113l\u0113ties ar\u012b kamufl\u0101\u017eas kr\u0101su (spec.pas\u016bt\u012bjums)<\/li>\n<li>Pieg\u0101de pa visu Eiropu.<\/li>\n<\/ul>\n<p><strong>Komplekt\u0101cija:<\/strong><\/p>\n<ul>\n<li>PVC laiva\u2013 1 gb.<\/li>\n<li>S\u016bknis &#8211; 1 gb.<\/li>\n<li>Airis &#8211; 2 gb.<\/li>\n<li>Finiera s\u0113deklis &#8211; 2 gb.<\/li>\n<li>Laivas soma &#8211; 1 gb.<\/li>\n<li>Remonta komplekts (l\u012bme, PVC iel\u0101pi) &#8211; 1 gb.<\/li>\n<li>Tehnisk\u0101 pase ar garantijas talonu.<\/li>\n<\/ul>\n<p>S\u0113rija \u00abLight\u00bb \u2013 \u0161\u012bs ir atvieglin\u0101tas \u0137\u012b\u013claivas, kas ir izgatavotas no piecsl\u0101\u0146u PVC auduma 950g\/m2 un ir nokomplekt\u0113tas ar pilnu sapl\u0101k\u0161\u0146a kl\u0101ju, kas sat\u0101v no 9 mm \u016bdensnotur\u012bga sapl\u0101k\u0161\u0146a.<\/p>\n<\/div>\n<\/div>\n<\/div>\n<\/dt>\n<\/dl>\n","protected":false},"excerpt":{"rendered":"<p>Datu lapa Garums, cm\u00a0 \u00a0 \u00a0 \u00a0 \u00a0 \u00a0 \u00a0 \u00a0 \u00a0 \u00a0 \u00a0 \u00a0 \u00a0 \u00a0 \u00a0 \u00a0 \u00a0 \u00a0 \u00a0 \u00a0 \u00a0330 Platums, cm\u00a0 \u00a0 \u00a0 \u00a0 \u00a0 \u00a0 \u00a0 \u00a0 \u00a0 \u00a0 \u00a0 \u00a0 \u00a0 \u00a0 \u00a0 \u00a0 \u00a0 \u00a0 \u00a0 \u00a0 160 Aerosola diametrs, cm\u00a0 \u00a0 \u00a0 \u00a0 \u00a0 \u00a0 \u00a0 [&hellip;]<\/p>\n","protected":false},"featured_media":19266,"comment_status":"open","ping_status":"closed","template":"","meta":[],"product_brand":[],"product_cat":[800,797],"product_tag":[],"class_list":{"0":"post-19262","1":"product","2":"type-product","3":"status-publish","4":"has-post-thumbnail","6":"product_cat-kila-pvc-motorlaivas","7":"product_cat-kolibri","9":"first","10":"instock","11":"taxable","12":"shipping-taxable","13":"purchasable","14":"product-type-variable"},"jetpack_sharing_enabled":true,"_links":{"self":[{"href":"https:\/\/shop.bushboats.com\/index.php\/wp-json\/wp\/v2\/product\/19262","targetHints":{"allow":["GET"]}}],"collection":[{"href":"https:\/\/shop.bushboats.com\/index.php\/wp-json\/wp\/v2\/product"}],"about":[{"href":"https:\/\/shop.bushboats.com\/index.php\/wp-json\/wp\/v2\/types\/product"}],"replies":[{"embeddable":true,"href":"https:\/\/shop.bushboats.com\/index.php\/wp-json\/wp\/v2\/comments?post=19262"}],"wp:featuredmedia":[{"embeddable":true,"href":"https:\/\/shop.bushboats.com\/index.php\/wp-json\/wp\/v2\/media\/19266"}],"wp:attachment":[{"href":"https:\/\/shop.bushboats.com\/index.php\/wp-json\/wp\/v2\/media?parent=19262"}],"wp:term":[{"taxonomy":"product_brand","embeddable":true,"href":"https:\/\/shop.bushboats.com\/index.php\/wp-json\/wp\/v2\/product_brand?post=19262"},{"taxonomy":"product_cat","embeddable":true,"href":"https:\/\/shop.bushboats.com\/index.php\/wp-json\/wp\/v2\/product_cat?post=19262"},{"taxonomy":"product_tag","embeddable":true,"href":"https:\/\/shop.bushboats.com\/index.php\/wp-json\/wp\/v2\/product_tag?post=19262"}],"curies":[{"name":"wp","href":"https:\/\/api.w.org\/{rel}","templated":true}]}}