{"id":20097,"date":"2024-07-24T22:25:56","date_gmt":"2024-07-24T19:25:56","guid":{"rendered":"https:\/\/shop.bushboats.com\/?post_type=product&#038;p=20097"},"modified":"2025-01-10T16:39:08","modified_gmt":"2025-01-10T14:39:08","slug":"kolibri-km-260d","status":"publish","type":"product","link":"https:\/\/shop.bushboats.com\/index.php\/produkts\/kolibri-km-260d\/","title":{"rendered":"Kolibri KM-260D"},"content":{"rendered":"<ol>\n<li class=\"h6\">Datu lapa<\/li>\n<\/ol>\n<dl class=\"data-sheet\">\n<dt class=\"name\">Garums, cm\u00a0 \u00a0 \u00a0 \u00a0 \u00a0 \u00a0 \u00a0 \u00a0 \u00a0 \u00a0 \u00a0 \u00a0 \u00a0 \u00a0 \u00a0 \u00a0 \u00a0 \u00a0 \u00a0 \u00a0 \u00a0 \u00a0260<\/dt>\n<dt class=\"name\">Platums, cm\u00a0 \u00a0 \u00a0 \u00a0 \u00a0 \u00a0 \u00a0 \u00a0 \u00a0 \u00a0 \u00a0 \u00a0 \u00a0 \u00a0 \u00a0 \u00a0 \u00a0 \u00a0 \u00a0 \u00a0 \u00a0 144<\/dt>\n<dt class=\"name\">Aerosola diametrs, cm\u00a0 \u00a0 \u00a0 \u00a0 \u00a0 \u00a0 \u00a0 \u00a0 \u00a0 \u00a0 \u00a0 \u00a0 38<\/dt>\n<dt class=\"name\">PVC bl\u012bvums, g \/m2\u00a0 \u00a0 \u00a0 \u00a0 \u00a0 \u00a0 \u00a0 \u00a0 \u00a0 \u00a0 \u00a0 \u00a0 \u00a0 \u00a0 950<\/dt>\n<dt class=\"name\">Celtsp\u0113ja, kg\u00a0 \u00a0 \u00a0 \u00a0 \u00a0 \u00a0 \u00a0 \u00a0 \u00a0 \u00a0 \u00a0 \u00a0 \u00a0 \u00a0 \u00a0 \u00a0 \u00a0 \u00a0 \u00a0 \u00a0 \u00a0 270<\/dt>\n<dt class=\"name\">Pasa\u017eieru skaits, cilv\u0113ki\u00a0 \u00a0 \u00a0 \u00a0 \u00a0 \u00a0 \u00a0 \u00a0 \u00a0 \u00a0 \u00a02<\/dt>\n<dt class=\"name\">Maksim\u0101l\u0101 motora jauda, AG\u00a0 \u00a0 \u00a0 \u00a0 \u00a0 \u00a05<\/dt>\n<dt class=\"name\">Svars, kg\u00a0 \u00a0 \u00a0 \u00a0 \u00a0 \u00a0 \u00a0 \u00a0 \u00a0 \u00a0 \u00a0 \u00a0 \u00a0 \u00a0 \u00a0 \u00a0 \u00a0 \u00a0 \u00a0 \u00a0 \u00a0 \u00a0 \u00a0 \u00a042<\/dt>\n<dt class=\"name\">Aerosolu skaits\u00a0 \u00a0 \u00a0 \u00a0 \u00a0 \u00a0 \u00a0 \u00a0 \u00a0 \u00a0 \u00a0 \u00a0 \u00a0 \u00a0 \u00a0 \u00a0 \u00a0 \u00a03<\/dt>\n<dt class=\"name\">Kab\u012bnes izm\u0113rs, cm\u00a0 \u00a0 \u00a0 \u00a0 \u00a0 \u00a0 \u00a0 \u00a0 \u00a0 \u00a0 \u00a0 \u00a0 \u00a0 \u00a0165&#215;64<\/dt>\n<dt class=\"name\">Garantija (gads)\u00a0 \u00a0 \u00a0 \u00a0 \u00a0 \u00a0 \u00a0 \u00a0 \u00a0 \u00a0 \u00a0 \u00a0 \u00a0 \u00a0 \u00a0 \u00a0 \u00a03<\/dt>\n<dt class=\"name\">B\u012bd\u0101mie soli\u0146i\u00a0 \u00a0 \u00a0 \u00a0 \u00a0 \u00a0 \u00a0 \u00a0 \u00a0 \u00a0 \u00a0 \u00a0 \u00a0 \u00a0 \u00a0 \u00a0 \u00a0 \u00a0 +<\/dt>\n<\/dl>\n<p><strong>APRAKSTS<\/strong><\/p>\n<dl class=\"data-sheet\">\n<dt>\n<div id=\"collapsedescription\" class=\"collapse in\" role=\"tabpanel\" aria-labelledby=\"headingdescription\">\n<div class=\"card-block\">\n<div class=\"product-description\">\n<p><strong>Tips<\/strong><strong>:\u00a0<\/strong>Motorlaiva<strong><br \/>\n<\/strong><strong>Kl\u0101ja tips<\/strong><strong>:\u00a0<\/strong>Piep\u016b\u0161amais \u0137\u012blis<br \/>\n<strong>Svars<\/strong><strong>:\u00a0\u00a0<\/strong>42 kg<strong><br \/>\n<\/strong><strong>Garums<\/strong><strong>:\u00a0<\/strong>260 cm<strong><br \/>\n<\/strong><strong>Pasa\u017eieru skaits<\/strong><strong>:\u00a0<\/strong>2 cilv.<strong><br \/>\n<\/strong><strong>Garantija<\/strong><strong>:\u00a0<\/strong>3 gadi<\/p>\n<ul>\n<li>Pamatkr\u0101sas ir za\u013ca vai tum\u0161i pel\u0113ka<\/li>\n<li>Pieg\u0101de vis\u0101 Eirop\u0101.<\/li>\n<\/ul>\n<p>&nbsp;<\/p>\n<ul>\n<li><strong>Komplekt\u0101cija:<\/strong><\/li>\n<\/ul>\n<ul>\n<li>PVC laiva\u2013 1 gb.<\/li>\n<li>S\u016bknis &#8211; 1 gb.<\/li>\n<li>Airis &#8211; 2 gb.<\/li>\n<li>Finiera s\u0113deklis &#8211; 2 gb.<\/li>\n<li>Laivas soma &#8211; 1 gb.<\/li>\n<li>Remonta komplekts (l\u012bme, PVC iel\u0101pi) &#8211; 1 gb.<\/li>\n<li>Tehnisk\u0101 pase ar garantijas talonu.<\/li>\n<\/ul>\n<p>&nbsp;<\/p>\n<\/div>\n<div class=\"product-description\">\n<p>&nbsp;<\/p>\n<\/div>\n<\/div>\n<\/div>\n<\/dt>\n<\/dl>\n","protected":false},"excerpt":{"rendered":"<p>Datu lapa Garums, cm\u00a0 \u00a0 \u00a0 \u00a0 \u00a0 \u00a0 \u00a0 \u00a0 \u00a0 \u00a0 \u00a0 \u00a0 \u00a0 \u00a0 \u00a0 \u00a0 \u00a0 \u00a0 \u00a0 \u00a0 \u00a0 \u00a0260 Platums, cm\u00a0 \u00a0 \u00a0 \u00a0 \u00a0 \u00a0 \u00a0 \u00a0 \u00a0 \u00a0 \u00a0 \u00a0 \u00a0 \u00a0 \u00a0 \u00a0 \u00a0 \u00a0 \u00a0 \u00a0 \u00a0 144 Aerosola diametrs, cm\u00a0 \u00a0 \u00a0 \u00a0 \u00a0 [&hellip;]<\/p>\n","protected":false},"featured_media":20098,"comment_status":"open","ping_status":"closed","template":"","meta":[],"product_brand":[],"product_cat":[800,797],"product_tag":[],"class_list":{"0":"post-20097","1":"product","2":"type-product","3":"status-publish","4":"has-post-thumbnail","6":"product_cat-kila-pvc-motorlaivas","7":"product_cat-kolibri","9":"first","10":"outofstock","11":"taxable","12":"shipping-taxable","13":"purchasable","14":"product-type-variable"},"jetpack_sharing_enabled":true,"_links":{"self":[{"href":"https:\/\/shop.bushboats.com\/index.php\/wp-json\/wp\/v2\/product\/20097","targetHints":{"allow":["GET"]}}],"collection":[{"href":"https:\/\/shop.bushboats.com\/index.php\/wp-json\/wp\/v2\/product"}],"about":[{"href":"https:\/\/shop.bushboats.com\/index.php\/wp-json\/wp\/v2\/types\/product"}],"replies":[{"embeddable":true,"href":"https:\/\/shop.bushboats.com\/index.php\/wp-json\/wp\/v2\/comments?post=20097"}],"wp:featuredmedia":[{"embeddable":true,"href":"https:\/\/shop.bushboats.com\/index.php\/wp-json\/wp\/v2\/media\/20098"}],"wp:attachment":[{"href":"https:\/\/shop.bushboats.com\/index.php\/wp-json\/wp\/v2\/media?parent=20097"}],"wp:term":[{"taxonomy":"product_brand","embeddable":true,"href":"https:\/\/shop.bushboats.com\/index.php\/wp-json\/wp\/v2\/product_brand?post=20097"},{"taxonomy":"product_cat","embeddable":true,"href":"https:\/\/shop.bushboats.com\/index.php\/wp-json\/wp\/v2\/product_cat?post=20097"},{"taxonomy":"product_tag","embeddable":true,"href":"https:\/\/shop.bushboats.com\/index.php\/wp-json\/wp\/v2\/product_tag?post=20097"}],"curies":[{"name":"wp","href":"https:\/\/api.w.org\/{rel}","templated":true}]}}