{"id":20308,"date":"2024-07-25T00:21:21","date_gmt":"2024-07-24T21:21:21","guid":{"rendered":"https:\/\/shop.bushboats.com\/?post_type=product&#038;p=20308"},"modified":"2025-04-01T00:00:50","modified_gmt":"2025-03-31T21:00:50","slug":"kolibri-k-280t","status":"publish","type":"product","link":"https:\/\/shop.bushboats.com\/index.php\/produkts\/kolibri-k-280t\/","title":{"rendered":"Kolibri K-280T"},"content":{"rendered":"<h3 class=\"h6\">Datu lapa<\/h3>\n<dl class=\"data-sheet\">\n<dt class=\"name\">Garums, cm\u00a0 \u00a0 \u00a0 \u00a0 \u00a0 \u00a0 \u00a0 \u00a0 \u00a0 \u00a0 \u00a0 \u00a0 \u00a0 \u00a0 \u00a0 \u00a0 \u00a0 \u00a0 \u00a0 \u00a0 280<\/dt>\n<dt class=\"name\">Platums, cm\u00a0 \u00a0 \u00a0 \u00a0 \u00a0 \u00a0 \u00a0 \u00a0 \u00a0 \u00a0 \u00a0 \u00a0 \u00a0 \u00a0 \u00a0 \u00a0 \u00a0 \u00a0 \u00a0 \u00a0130<\/dt>\n<dt class=\"name\">Aerosola diametrs, cm\u00a0 \u00a0 \u00a0 \u00a0 \u00a0 \u00a0 \u00a0 \u00a0 \u00a0 \u00a0 \u00a034<\/dt>\n<dt class=\"name\">PVC bl\u012bvums, g \/m2\u00a0 \u00a0 \u00a0 \u00a0 \u00a0 \u00a0 \u00a0 \u00a0 \u00a0 \u00a0 \u00a0 \u00a0 850<\/dt>\n<dt class=\"name\">Celtsp\u0113ja, kg\u00a0 \u00a0 \u00a0 \u00a0 \u00a0 \u00a0 \u00a0 \u00a0 \u00a0 \u00a0 \u00a0 \u00a0 \u00a0 \u00a0 \u00a0 \u00a0 \u00a0 \u00a0 \u00a0250<\/dt>\n<dt class=\"name\">Pasa\u017eieru skaits, cilv\u0113ki\u00a0 \u00a0 \u00a0 \u00a0 \u00a0 \u00a0 \u00a0 \u00a0 \u00a02-3<\/dt>\n<dt class=\"name\">Maksim\u0101l\u0101 motora jauda, AG\u00a0 \u00a0 \u00a0 3<\/dt>\n<dt class=\"name\">Svars, kg\u00a0 \u00a0 \u00a0 \u00a0 \u00a0 \u00a0 \u00a0 \u00a0 \u00a0 \u00a0 \u00a0 \u00a0 \u00a0 \u00a0 \u00a0 \u00a0 \u00a0 \u00a0 \u00a0 \u00a0 \u00a0 \u00a021,4<\/dt>\n<dt class=\"name\">Aerosolu skaits\u00a0 \u00a0 \u00a0 \u00a0 \u00a0 \u00a0 \u00a0 \u00a0 \u00a0 \u00a0 \u00a0 \u00a0 \u00a0 \u00a0 \u00a0 \u00a02<\/dt>\n<dt class=\"name\">Kab\u012bnes izm\u0113rs, cm\u00a0 \u00a0 \u00a0 \u00a0 \u00a0 \u00a0 \u00a0 \u00a0 \u00a0 \u00a0 \u00a0 \u00a0212&#215;62<\/dt>\n<dt class=\"name\">Garantija (gads)\u00a0 \u00a0 \u00a0 \u00a0 \u00a0 \u00a0 \u00a0 \u00a0 \u00a0 \u00a0 \u00a0 \u00a0 \u00a0 \u00a0 \u00a03<\/dt>\n<\/dl>\n<p><strong>APRAKSTS<\/strong><\/p>\n<dl class=\"data-sheet\">\n<dt>\n<div id=\"collapsedescription\" class=\"collapse in\" role=\"tabpanel\" aria-labelledby=\"headingdescription\">\n<div class=\"card-block\">\n<div class=\"product-description\">\n<p><strong>Tips<\/strong><strong>:\u00a0<\/strong>Airu laiva.<br \/>\n<strong>Svars<\/strong><strong>:\u00a0\u00a0<\/strong>21.4 kg.<strong><br \/>\n<\/strong><strong>Garums<\/strong><strong>:\u00a0<\/strong>280 cm.<strong><br \/>\n<\/strong><strong>Pasa\u017eieru skaits<\/strong><strong>:\u00a0<\/strong>2 cilv.<strong><br \/>\nGarantija:\u00a0<\/strong>3 gadi.<\/p>\n<ul>\n<li>L\u016bdzu, izv\u0113lieties nepiecie\u0161amo gr\u012bdas kl\u0101ja veidu<\/li>\n<li>Pamatkr\u0101sas ir za\u013ca vai tum\u0161i pel\u0113ka<\/li>\n<li>Ir iesp\u0113ja izv\u0113l\u0113ties ar\u012b kamufl\u0101\u017eas kr\u0101su (spec.pas\u016bt\u012bjums)<\/li>\n<li>Pieg\u0101de vis\u0101 Europe.<\/li>\n<\/ul>\n<p>&nbsp;<\/p>\n<ul>\n<li><strong>Komplekt\u0101cija:<\/strong><\/li>\n<\/ul>\n<ul>\n<li>PVC laiva\u2013 1 gb.<\/li>\n<li>S\u016bknis &#8211; 1 gb.<\/li>\n<li>Airis &#8211; 2 gb.<\/li>\n<li>Finiera s\u0113deklis &#8211; 2 gb.<\/li>\n<li>Laivas soma &#8211; 1 gb.<\/li>\n<li>Remonta komplekts (l\u012bme, PVC iel\u0101pi) &#8211; 1 gb.<\/li>\n<li>Tehnisk\u0101 pase ar garantijas talonu.<\/li>\n<\/ul>\n<p>Airu laivu \u00abKOLIBRI\u00bb galven\u0101s priek\u0161roc\u012bbas ir: nevainojama uzticam\u012bba un iztur\u012bba,\u00a0 kas ir pan\u0101kta, izmantojot pieck\u0101r\u0161o PVC audumu (bl\u012bvums 750-950 g\/m2 s\u0113rijai \u00abStandard\u00bb, 950 g\/m2 s\u0113rijai \u00abPro\u00bb un 650 &#8211; 750 g\/m2 &#8211; s\u0113rijai \u00abSuper Light\u00bb); mazs svars un izm\u0113rs transport\u0113\u0161anas st\u0101vokl\u012b; \u0101tra laivas uzst\u0101d\u012b\u0161ana; p\u0101rvietojami be\u0146\u0137i (\u00abSuper Lite\u00bb un \u00abPro\u00bb s\u0113rijai); galveno elementu metin\u0101\u0161ana AFS iek\u0101rt\u0101s; fabrik\u0101 uzst\u0101d\u012bti stiprin\u0101jumi uzkarin\u0101mam trancim (s\u0113rijai \u00abStandard\u00bbun \u00abPro\u00bb; iesp\u0113ja izv\u0113l\u0113ties vienu no trim kl\u0101ju (gr\u012bdas) variantiem (da\u013c\u0113js kl\u0101js, pilns kl\u0101js, piep\u016b\u0161amais kl\u0101js (air-deck); pla\u0161a ori\u0123in\u0101lu aksesu\u0101ru un papildus apr\u012bkojuma izv\u0113le.<\/p>\n<\/div>\n<\/div>\n<\/div>\n<\/dt>\n<\/dl>\n","protected":false},"excerpt":{"rendered":"<p>Datu lapa Garums, cm\u00a0 \u00a0 \u00a0 \u00a0 \u00a0 \u00a0 \u00a0 \u00a0 \u00a0 \u00a0 \u00a0 \u00a0 \u00a0 \u00a0 \u00a0 \u00a0 \u00a0 \u00a0 \u00a0 \u00a0 280 Platums, cm\u00a0 \u00a0 \u00a0 \u00a0 \u00a0 \u00a0 \u00a0 \u00a0 \u00a0 \u00a0 \u00a0 \u00a0 \u00a0 \u00a0 \u00a0 \u00a0 \u00a0 \u00a0 \u00a0 \u00a0130 Aerosola diametrs, cm\u00a0 \u00a0 \u00a0 \u00a0 \u00a0 \u00a0 \u00a0 \u00a0 [&hellip;]<\/p>\n","protected":false},"featured_media":20309,"comment_status":"open","ping_status":"closed","template":"","meta":[],"product_brand":[],"product_cat":[804,797],"product_tag":[],"class_list":{"0":"post-20308","1":"product","2":"type-product","3":"status-publish","4":"has-post-thumbnail","6":"product_cat-airu-laivas-kolibri","7":"product_cat-kolibri","9":"first","10":"instock","11":"taxable","12":"shipping-taxable","13":"purchasable","14":"product-type-variable"},"jetpack_sharing_enabled":true,"_links":{"self":[{"href":"https:\/\/shop.bushboats.com\/index.php\/wp-json\/wp\/v2\/product\/20308","targetHints":{"allow":["GET"]}}],"collection":[{"href":"https:\/\/shop.bushboats.com\/index.php\/wp-json\/wp\/v2\/product"}],"about":[{"href":"https:\/\/shop.bushboats.com\/index.php\/wp-json\/wp\/v2\/types\/product"}],"replies":[{"embeddable":true,"href":"https:\/\/shop.bushboats.com\/index.php\/wp-json\/wp\/v2\/comments?post=20308"}],"wp:featuredmedia":[{"embeddable":true,"href":"https:\/\/shop.bushboats.com\/index.php\/wp-json\/wp\/v2\/media\/20309"}],"wp:attachment":[{"href":"https:\/\/shop.bushboats.com\/index.php\/wp-json\/wp\/v2\/media?parent=20308"}],"wp:term":[{"taxonomy":"product_brand","embeddable":true,"href":"https:\/\/shop.bushboats.com\/index.php\/wp-json\/wp\/v2\/product_brand?post=20308"},{"taxonomy":"product_cat","embeddable":true,"href":"https:\/\/shop.bushboats.com\/index.php\/wp-json\/wp\/v2\/product_cat?post=20308"},{"taxonomy":"product_tag","embeddable":true,"href":"https:\/\/shop.bushboats.com\/index.php\/wp-json\/wp\/v2\/product_tag?post=20308"}],"curies":[{"name":"wp","href":"https:\/\/api.w.org\/{rel}","templated":true}]}}