{"id":21250,"date":"2024-08-05T15:15:28","date_gmt":"2024-08-05T12:15:28","guid":{"rendered":"https:\/\/shop.bushboats.com\/?post_type=product&#038;p=21250"},"modified":"2025-01-01T23:03:36","modified_gmt":"2025-01-01T21:03:36","slug":"aluminija-kapnes","status":"publish","type":"product","link":"https:\/\/shop.bushboats.com\/index.php\/produkts\/aluminija-kapnes\/","title":{"rendered":"Alum\u012bnija k\u0101pnes"},"content":{"rendered":"<p>Alum\u012bnija k\u0101pnes ir paredz\u0113tas, lai t\u0101s piestiprin\u0101tu pie \u0161autenes un uzglab\u0101tu plakan\u0101 st\u0101vokl\u012b.<\/p>\n<p>Lieljaudas anod\u0113ta alum\u012bnija 25 mm caurules.<br \/>\nGumijas p\u0101rkl\u0101juma \u0101\u0137i ar polster\u0113tiem galiem.<br \/>\n\u0100\u0137i un atvair\u0101m\u0101s p\u0113das nolok\u0101mas plakaniski kompaktai uzglab\u0101\u0161anai.<br \/>\nIztur\u012bgs, balti veidots nesl\u012bdo\u0161s solis.<\/p>\n<p>&nbsp;<\/p>\n<table class=\"ocean\">\n<tbody>\n<tr>\n<th>K\u0101pnes<\/th>\n<th>GARUMS<\/th>\n<th>PLATUMS<\/th>\n<th><\/th>\n<\/tr>\n<tr class=\"newBorder\">\n<td>3<\/td>\n<td>850mm<\/td>\n<td>355mm<\/td>\n<td><\/td>\n<\/tr>\n<tr>\n<td><\/td>\n<td><\/td>\n<td><\/td>\n<td><\/td>\n<\/tr>\n<\/tbody>\n<\/table>\n","protected":false},"excerpt":{"rendered":"<p>Alum\u012bnija k\u0101pnes ir paredz\u0113tas, lai t\u0101s piestiprin\u0101tu pie \u0161autenes un uzglab\u0101tu plakan\u0101 st\u0101vokl\u012b. Lieljaudas anod\u0113ta alum\u012bnija 25 mm caurules. Gumijas p\u0101rkl\u0101juma \u0101\u0137i ar polster\u0113tiem galiem. \u0100\u0137i un atvair\u0101m\u0101s p\u0113das nolok\u0101mas plakaniski kompaktai uzglab\u0101\u0161anai. Iztur\u012bgs, balti veidots nesl\u012bdo\u0161s solis. &nbsp; K\u0101pnes GARUMS PLATUMS 3 850mm 355mm<\/p>\n","protected":false},"featured_media":21251,"comment_status":"open","ping_status":"closed","template":"","meta":[],"product_brand":[],"product_cat":[54,679],"product_tag":[],"class_list":{"0":"post-21250","1":"product","2":"type-product","3":"status-publish","4":"has-post-thumbnail","6":"product_cat-accessories","7":"product_cat-tranca-aprikojums","9":"first","10":"instock","11":"taxable","12":"shipping-taxable","13":"purchasable","14":"product-type-simple"},"jetpack_sharing_enabled":true,"_links":{"self":[{"href":"https:\/\/shop.bushboats.com\/index.php\/wp-json\/wp\/v2\/product\/21250","targetHints":{"allow":["GET"]}}],"collection":[{"href":"https:\/\/shop.bushboats.com\/index.php\/wp-json\/wp\/v2\/product"}],"about":[{"href":"https:\/\/shop.bushboats.com\/index.php\/wp-json\/wp\/v2\/types\/product"}],"replies":[{"embeddable":true,"href":"https:\/\/shop.bushboats.com\/index.php\/wp-json\/wp\/v2\/comments?post=21250"}],"wp:featuredmedia":[{"embeddable":true,"href":"https:\/\/shop.bushboats.com\/index.php\/wp-json\/wp\/v2\/media\/21251"}],"wp:attachment":[{"href":"https:\/\/shop.bushboats.com\/index.php\/wp-json\/wp\/v2\/media?parent=21250"}],"wp:term":[{"taxonomy":"product_brand","embeddable":true,"href":"https:\/\/shop.bushboats.com\/index.php\/wp-json\/wp\/v2\/product_brand?post=21250"},{"taxonomy":"product_cat","embeddable":true,"href":"https:\/\/shop.bushboats.com\/index.php\/wp-json\/wp\/v2\/product_cat?post=21250"},{"taxonomy":"product_tag","embeddable":true,"href":"https:\/\/shop.bushboats.com\/index.php\/wp-json\/wp\/v2\/product_tag?post=21250"}],"curies":[{"name":"wp","href":"https:\/\/api.w.org\/{rel}","templated":true}]}}