{"id":21257,"date":"2024-08-05T18:42:43","date_gmt":"2024-08-05T15:42:43","guid":{"rendered":"https:\/\/shop.bushboats.com\/?post_type=product&#038;p=21257"},"modified":"2026-04-04T10:40:36","modified_gmt":"2026-04-04T07:40:36","slug":"zvejnieka-laivas-sedeklis","status":"publish","type":"product","link":"https:\/\/shop.bushboats.com\/index.php\/produkts\/zvejnieka-laivas-sedeklis\/","title":{"rendered":"Zvejnieka laivas s\u0113deklis"},"content":{"rendered":"<p>Izgatavots no \u012bpa\u0161i iztur\u012bgiem, j\u016bras kvalit\u0101tes polim\u0113riem, \u0113rtiem bieziem putu spilveniem. Pieejams da\u017e\u0101d\u0101s kr\u0101s\u0101s un rakstos<br \/>\nS\u0113dek\u013ca izm\u0113ri<\/p>\n<p>Augstums: 40 cm<br \/>\nPlatums: 53 cm<br \/>\nDzi\u013cums: 50 cm<br \/>\nS\u0113dek\u013ca dzi\u013cums: 46 cm<\/p>\n<p>UV iztur\u012bgs audums no OMNOVA.<br \/>\nLielas alum\u012bnija pulverkr\u0101sotas e\u0146\u0123es<br \/>\nPiem\u0113rots standarta 7 collu groz\u0101maj\u0101m ier\u012bc\u0113m vai Titan Swivel<br \/>\nLieljaudas plastmasas iek\u0161\u0113jais r\u0101mis<\/p>\n<p>&nbsp;<\/p>\n<table class=\"ocean\" style=\"height: 181px;\" width=\"524\">\n<tbody>\n<tr>\n<th><span style=\"font-weight: 400;\">SKU<\/span><\/th>\n<th>APRAKSTS<\/th>\n<th><span style=\"font-weight: 400;\">KR\u0100SA<\/span><\/th>\n<\/tr>\n<tr>\n<td>MA 702-15<\/td>\n<td>Saliekams, polster\u0113ts, 3 pane\u013cu s\u0113deklis<\/td>\n<td>Kamufl\u0101\u017ea<\/td>\n<\/tr>\n<tr>\n<td>MA 702-21<\/td>\n<td>Saliekams, polster\u0113ts, 3 pane\u013cu s\u0113deklis<\/td>\n<td>Zils\/Balts<\/td>\n<\/tr>\n<tr>\n<td>MA 702-22<\/td>\n<td>Saliekams, polster\u0113ts, 3 pane\u013cu s\u0113deklis<\/td>\n<td>Pel\u0113ks\/Balts<\/td>\n<\/tr>\n<\/tbody>\n<\/table>\n<p>AUDUMS<br \/>\nINFORM\u0100CIJAS<\/p>\n<p>Svars 900 g\/m2<br \/>\nSast\u0101vs PVC<br \/>\nPamatnes poliestera ad\u012bjums<br \/>\nMartindeila tests &gt;60 000 Rubs Wyzenbeek<br \/>\nLiesmas sl\u0101p\u0113t\u0101js UK BS 5852, deel 1 volgens ISO 8191-1<br \/>\nLiesmas sl\u0101p\u0113t\u0101js ASV Kalifornijas tehniskais bi\u013cetens 117.\u00a0sek. E<br \/>\nQUV 650 stundas<br \/>\nUV aizsardz\u012bbas faktors UPF 50+<br \/>\n(izm\u0113r\u012bt\u0101 v\u0113rt\u012bba &gt; UPF 80)<\/p>\n","protected":false},"excerpt":{"rendered":"<p>Izgatavots no \u012bpa\u0161i iztur\u012bgiem, j\u016bras kvalit\u0101tes polim\u0113riem, \u0113rtiem bieziem putu spilveniem. Pieejams da\u017e\u0101d\u0101s kr\u0101s\u0101s un rakstos S\u0113dek\u013ca izm\u0113ri Augstums: 40 cm Platums: 53 cm Dzi\u013cums: 50 cm S\u0113dek\u013ca dzi\u013cums: 46 cm UV iztur\u012bgs audums no OMNOVA. Lielas alum\u012bnija pulverkr\u0101sotas e\u0146\u0123es Piem\u0113rots standarta 7 collu groz\u0101maj\u0101m ier\u012bc\u0113m vai Titan Swivel Lieljaudas plastmasas iek\u0161\u0113jais r\u0101mis &nbsp; SKU [&hellip;]<\/p>\n","protected":false},"featured_media":21258,"comment_status":"open","ping_status":"closed","template":"","meta":[],"product_brand":[],"product_cat":[54,658],"product_tag":[],"class_list":{"0":"post-21257","1":"product","2":"type-product","3":"status-publish","4":"has-post-thumbnail","6":"product_cat-accessories","7":"product_cat-sedekli-mehanismi","9":"first","10":"instock","11":"taxable","12":"shipping-taxable","13":"purchasable","14":"product-type-variable"},"jetpack_sharing_enabled":true,"_links":{"self":[{"href":"https:\/\/shop.bushboats.com\/index.php\/wp-json\/wp\/v2\/product\/21257","targetHints":{"allow":["GET"]}}],"collection":[{"href":"https:\/\/shop.bushboats.com\/index.php\/wp-json\/wp\/v2\/product"}],"about":[{"href":"https:\/\/shop.bushboats.com\/index.php\/wp-json\/wp\/v2\/types\/product"}],"replies":[{"embeddable":true,"href":"https:\/\/shop.bushboats.com\/index.php\/wp-json\/wp\/v2\/comments?post=21257"}],"wp:featuredmedia":[{"embeddable":true,"href":"https:\/\/shop.bushboats.com\/index.php\/wp-json\/wp\/v2\/media\/21258"}],"wp:attachment":[{"href":"https:\/\/shop.bushboats.com\/index.php\/wp-json\/wp\/v2\/media?parent=21257"}],"wp:term":[{"taxonomy":"product_brand","embeddable":true,"href":"https:\/\/shop.bushboats.com\/index.php\/wp-json\/wp\/v2\/product_brand?post=21257"},{"taxonomy":"product_cat","embeddable":true,"href":"https:\/\/shop.bushboats.com\/index.php\/wp-json\/wp\/v2\/product_cat?post=21257"},{"taxonomy":"product_tag","embeddable":true,"href":"https:\/\/shop.bushboats.com\/index.php\/wp-json\/wp\/v2\/product_tag?post=21257"}],"curies":[{"name":"wp","href":"https:\/\/api.w.org\/{rel}","templated":true}]}}