{"id":21320,"date":"2024-08-05T19:38:32","date_gmt":"2024-08-05T16:38:32","guid":{"rendered":"https:\/\/shop.bushboats.com\/?post_type=product&#038;p=21320"},"modified":"2025-01-01T23:03:40","modified_gmt":"2025-01-01T21:03:40","slug":"universali-kreslas-parvalki","status":"publish","type":"product","link":"https:\/\/shop.bushboats.com\/index.php\/produkts\/universali-kreslas-parvalki\/","title":{"rendered":"UNIVERS\u0100LI KR\u0112SLAS P\u0100RVALKI"},"content":{"rendered":"<p>Viegli uzliekams laivas s\u0113dek\u013ca p\u0101rvalks un efekt\u012bvs risin\u0101jums, lai aizsarg\u0101tu j\u016bsu s\u0113dek\u013cus no laikapst\u0101k\u013ciem un nolieto\u0161an\u0101s. Apak\u0161\u0113j\u0101 amortizatora vads, kas cie\u0161i piegu\u013c pie sola vai uz pjedest\u0101la piestiprin\u0101tiem s\u0113dek\u013ciem.<\/p>\n<p>Laivas s\u0113dek\u013ca p\u0101rvalks &#8211; liels:<\/p>\n<p>St\u016bre, spainis un fiks\u0113ts aizmugur\u0113jais s\u0113deklis<br \/>\nLaivas s\u0113dek\u013ca p\u0101rvalks &#8211; mazs:<\/p>\n<p>Mazie saliekamie vai pjedest\u0101la s\u0113dek\u013ci<br \/>\nNolok\u0101ms dizains, nolai\u017eot aizsedz s\u0113dekli<br \/>\nNostiprin\u0101ts viet\u0101 ar austu siksnu (iek\u013cauts komplekt\u0101)<\/p>\n<div class=\"short-desc mb-30\">\n<table class=\"ocean\" style=\"height: 197px;\" width=\"412\">\n<tbody>\n<tr>\n<th>IZM\u0112RS<\/th>\n<th>IZM\u0112Ri<\/th>\n<th>kods<\/th>\n<\/tr>\n<tr>\n<td>mazs<\/td>\n<td>L 460mm<br \/>\nW 510mm<br \/>\nH 480mm<\/td>\n<td><strong>MA 780-1<\/strong><\/td>\n<\/tr>\n<tr>\n<td>Liels<\/td>\n<td>L 600mm<br \/>\nW 560mm<br \/>\nH 670mm<\/td>\n<td><strong>MA 780-2<\/strong><\/td>\n<\/tr>\n<\/tbody>\n<\/table>\n<p>APRAKSTS<\/p>\n<p>Viegli uzliekams laivas s\u0113dek\u013ca p\u0101rvalks un efekt\u012bvs risin\u0101jums, lai aizsarg\u0101tu j\u016bsu s\u0113dek\u013cus no laikapst\u0101k\u013ciem un nolieto\u0161an\u0101s. Apak\u0161\u0113j\u0101 amortizatora vads, kas cie\u0161i piegu\u013c pie sola vai uz pjedest\u0101la piestiprin\u0101tiem s\u0113dek\u013ciem.<\/p>\n<p>Maz\u0101s laivas s\u0113dek\u013ca p\u0101rvalks, kas piem\u0113rots fiks\u0113tiem vai salok\u0101miem laivas s\u0113dek\u013ciem.<\/p>\n<p>Laivas s\u0113dek\u013ca p\u0101rvalks izgatavots no Dope kr\u0101sota poliestera 260 gs\/m\u00b2<br \/>\nApak\u0161\u0113j\u0101 amortizatora vads, kas cie\u0161i piegu\u013c pie sola vai uz pjedest\u0101la piestiprin\u0101tiem s\u0113dek\u013ciem.<br \/>\nLaivas s\u0113dek\u013ca p\u0101rvalks &#8211; liels:<br \/>\nSt\u016bre, spainis un fiks\u0113ts aizmugur\u0113jais s\u0113deklis.<\/p>\n<p>Laivas s\u0113dek\u013ca p\u0101rvalks &#8211; mazs:<br \/>\nMazie saliekamie vai pjedest\u0101la s\u0113dek\u013ci.<br \/>\nNolok\u0101ms dizains, aizsedz s\u0113dekli, kad tas ir noloc\u012bts,<br \/>\nnostiprin\u0101ts viet\u0101 ar austu siksnu (iek\u013cauts komplekt\u0101).<\/p>\n<p>Izstr\u0101d\u0101ta t\u0101, lai t\u0101 b\u016btu piem\u0113rota maz\u0101kiem salok\u0101miem s\u0113dek\u013ciem, piesieta siksnas josta tiek pieg\u0101d\u0101ta kop\u0101 ar p\u0101rsegu, lai nodro\u0161in\u0101tu p\u0101rsegu viet\u0101, kad s\u0113deklis ir noloc\u012bts.<\/p>\n<\/div>\n<form class=\"variations_form cart has-gzd-variation-form\" style=\"box-sizing: border-box; margin: auto 0px; padding: 0px; border: 0px; font-style: normal; font-variant-ligatures: normal; font-variant-caps: normal; font-variant-numeric: inherit; font-variant-east-asian: inherit; font-variant-alternates: inherit; font-variant-position: inherit; font-weight: 400; font-stretch: inherit; font-size: 15px; line-height: inherit; font-optical-sizing: inherit; font-kerning: inherit; font-feature-settings: inherit; font-variation-settings: inherit; font-family: 'Open Sans', sans-serif; vertical-align: baseline; color: #7e7e7e; letter-spacing: normal; orphans: 2; text-align: start; text-indent: 0px; text-transform: none; widows: 2; word-spacing: 0px; -webkit-text-stroke-width: 0px; white-space: normal; background-color: #ffffff; text-decoration-thickness: initial; text-decoration-style: initial; text-decoration-color: initial;\" action=\"https:\/\/oceansouth.com\/product\/boat-seat-cover\/\" enctype=\"multipart\/form-data\" method=\"post\" data-atsl=\"false\" data-product_id=\"1592\" data-product_variations=\"[{&quot;attributes&quot;:{&quot;attribute_pa_size&quot;:&quot;small&quot;},&quot;availability_html&quot;:&quot;&lt;span class=\\&quot;stock-status in-stock\\&quot;&gt;In stock&lt;\\\/span&gt;\\n&quot;,&quot;backorders_allowed&quot;:false,&quot;dimensions&quot;:{&quot;length&quot;:&quot;&quot;,&quot;width&quot;:&quot;&quot;,&quot;height&quot;:&quot;&quot;},&quot;dimensions_html&quot;:&quot;N\\\/A&quot;,&quot;display_price&quot;:9.21,&quot;display_regular_price&quot;:9.21,&quot;image&quot;:{&quot;title&quot;:&quot;MA780_1_main_l&quot;,&quot;caption&quot;:&quot;&quot;,&quot;url&quot;:&quot;https:\\\/\\\/oceansouth.com\\\/wp-content\\\/uploads\\\/2016\\\/10\\\/MA780_1_main_l.jpg&quot;,&quot;alt&quot;:&quot;Boat Seat Cover main&quot;,&quot;src&quot;:&quot;https:\\\/\\\/oceansouth.com\\\/wp-content\\\/uploads\\\/2016\\\/10\\\/MA780_1_main_l.jpg&quot;,&quot;srcset&quot;:&quot;https:\\\/\\\/oceansouth.com\\\/wp-content\\\/uploads\\\/2016\\\/10\\\/MA780_1_main_l.jpg 1200w, https:\\\/\\\/oceansouth.com\\\/wp-content\\\/uploads\\\/2016\\\/10\\\/MA780_1_main_l-100x100.jpg 100w, https:\\\/\\\/oceansouth.com\\\/wp-content\\\/uploads\\\/2016\\\/10\\\/MA780_1_main_l-600x600.jpg 600w, https:\\\/\\\/oceansouth.com\\\/wp-content\\\/uploads\\\/2016\\\/10\\\/MA780_1_main_l-150x150.jpg 150w, https:\\\/\\\/oceansouth.com\\\/wp-content\\\/uploads\\\/2016\\\/10\\\/MA780_1_main_l-768x768.jpg 768w, https:\\\/\\\/oceansouth.com\\\/wp-content\\\/uploads\\\/2016\\\/10\\\/MA780_1_main_l-300x300.jpg 300w&quot;,&quot;sizes&quot;:&quot;(max-width: 1200px) 100vw, 1200px&quot;,&quot;full_src&quot;:&quot;https:\\\/\\\/oceansouth.com\\\/wp-content\\\/uploads\\\/2016\\\/10\\\/MA780_1_main_l.jpg&quot;,&quot;full_src_w&quot;:1200,&quot;full_src_h&quot;:1200,&quot;gallery_thumbnail_src&quot;:&quot;https:\\\/\\\/oceansouth.com\\\/wp-content\\\/uploads\\\/2016\\\/10\\\/MA780_1_main_l-100x100.jpg&quot;,&quot;gallery_thumbnail_src_w&quot;:100,&quot;gallery_thumbnail_src_h&quot;:100,&quot;thumb_src&quot;:&quot;https:\\\/\\\/oceansouth.com\\\/wp-content\\\/uploads\\\/2016\\\/10\\\/MA780_1_main_l.jpg&quot;,&quot;thumb_src_w&quot;:1200,&quot;thumb_src_h&quot;:1200,&quot;src_w&quot;:1200,&quot;src_h&quot;:1200},&quot;image_id&quot;:58434,&quot;is_downloadable&quot;:false,&quot;is_in_stock&quot;:true,&quot;is_purchasable&quot;:true,&quot;is_sold_individually&quot;:&quot;no&quot;,&quot;is_virtual&quot;:false,&quot;max_qty&quot;:165,&quot;min_qty&quot;:1,&quot;price_html&quot;:&quot;&lt;span class=\\&quot;price\\&quot;&gt;&lt;del class=\\&quot;original-computed-price\\&quot;&gt;&lt;span class=\\&quot;woocommerce-Price-amount amount\\&quot;&gt;&lt;bdi&gt;9.21&amp;nbsp;&lt;span class=\\&quot;woocommerce-Price-currencySymbol\\&quot;&gt;&amp;euro;&lt;\\\/span&gt;&lt;\\\/bdi&gt;&lt;\\\/span&gt; &lt;small class=\\&quot;woocommerce-price-suffix\\&quot;&gt;excl. VAT&lt;\\\/small&gt;&lt;\\\/del&gt;&lt;span style=\\&quot;display: block;\\&quot; class=\\&quot;wholesale_price_container\\&quot;&gt;\\n &lt;span class=\\&quot;wholesale_price_title\\&quot;&gt;Price&lt;\\\/span&gt;\\n &lt;ins&gt;&lt;span class=\\&quot;woocommerce-Price-amount amount\\&quot;&gt;&lt;bdi&gt;6.91&amp;nbsp;&lt;span class=\\&quot;woocommerce-Price-currencySymbol\\&quot;&gt;&amp;euro;&lt;\\\/span&gt;&lt;\\\/bdi&gt;&lt;\\\/span&gt; &lt;small class=\\&quot;woocommerce-price-suffix wholesale-price-suffix\\&quot;&gt;excl. VAT&lt;\\\/small&gt;&lt;\\\/ins&gt;\\n &lt;\\\/span&gt;&lt;\\\/span&gt;&quot;,&quot;sku&quot;:&quot;MA 780-1&quot;,&quot;variation_description&quot;:&quot;&quot;,&quot;variation_id&quot;:6022,&quot;variation_is_active&quot;:true,&quot;variation_is_visible&quot;:true,&quot;weight&quot;:&quot;2&quot;,&quot;weight_html&quot;:&quot;2 kg&quot;,&quot;wholesale_price&quot;:6.91,&quot;wholesale_price_raw&quot;:6.91,&quot;wholesale_price_with_no_tax&quot;:6.91,&quot;wholesale_price_with_tax&quot;:8.36,&quot;ean&quot;:&quot;9337568005736&quot;,&quot;delivery_time&quot;:&quot;&quot;,&quot;unit_price&quot;:&quot;&quot;,&quot;product_units&quot;:&quot;&quot;,&quot;tax_info&quot;:&quot;excl. 21% VAT&quot;,&quot;shipping_costs_info&quot;:&quot;&quot;,&quot;defect_description&quot;:&quot;&quot;,&quot;deposit_amount&quot;:&quot;&quot;,&quot;deposit_packaging_type&quot;:&quot;&quot;,&quot;is_food&quot;:&quot;no&quot;,&quot;food_description&quot;:&quot;&quot;,&quot;food_place_of_origin&quot;:&quot;&quot;,&quot;food_distributor&quot;:&quot;&quot;,&quot;alcohol_content&quot;:&quot;&quot;,&quot;includes_alcohol&quot;:&quot;no&quot;,&quot;drained_weight&quot;:&quot;&quot;,&quot;net_filling_quantity&quot;:&quot;&quot;,&quot;ingredients&quot;:&quot;&quot;,&quot;allergenic&quot;:&quot;&quot;,&quot;nutrients&quot;:&quot;&quot;,&quot;nutri_score&quot;:&quot;&quot;},{&quot;attributes&quot;:{&quot;attribute_pa_size&quot;:&quot;large&quot;},&quot;availability_html&quot;:&quot;&lt;span class=\\&quot;stock-status in-stock\\&quot;&gt;In stock&lt;\\\/span&gt;\\n&quot;,&quot;backorders_allowed&quot;:false,&quot;dimensions&quot;:{&quot;length&quot;:&quot;&quot;,&quot;width&quot;:&quot;&quot;,&quot;height&quot;:&quot;&quot;},&quot;dimensions_html&quot;:&quot;N\\\/A&quot;,&quot;display_price&quot;:9.21,&quot;display_regular_price&quot;:9.21,&quot;image&quot;:{&quot;title&quot;:&quot;MA780_2_main_l&quot;,&quot;caption&quot;:&quot;&quot;,&quot;url&quot;:&quot;https:\\\/\\\/oceansouth.com\\\/wp-content\\\/uploads\\\/2016\\\/10\\\/MA780_2_main_l.jpg&quot;,&quot;alt&quot;:&quot;MA780 Boat Seat Cover main&quot;,&quot;src&quot;:&quot;https:\\\/\\\/oceansouth.com\\\/wp-content\\\/uploads\\\/2016\\\/10\\\/MA780_2_main_l.jpg&quot;,&quot;srcset&quot;:&quot;https:\\\/\\\/oceansouth.com\\\/wp-content\\\/uploads\\\/2016\\\/10\\\/MA780_2_main_l.jpg 1200w, https:\\\/\\\/oceansouth.com\\\/wp-content\\\/uploads\\\/2016\\\/10\\\/MA780_2_main_l-100x100.jpg 100w, https:\\\/\\\/oceansouth.com\\\/wp-content\\\/uploads\\\/2016\\\/10\\\/MA780_2_main_l-600x600.jpg 600w, https:\\\/\\\/oceansouth.com\\\/wp-content\\\/uploads\\\/2016\\\/10\\\/MA780_2_main_l-150x150.jpg 150w, https:\\\/\\\/oceansouth.com\\\/wp-content\\\/uploads\\\/2016\\\/10\\\/MA780_2_main_l-768x768.jpg 768w, https:\\\/\\\/oceansouth.com\\\/wp-content\\\/uploads\\\/2016\\\/10\\\/MA780_2_main_l-300x300.jpg 300w&quot;,&quot;sizes&quot;:&quot;(max-width: 1200px) 100vw, 1200px&quot;,&quot;full_src&quot;:&quot;https:\\\/\\\/oceansouth.com\\\/wp-content\\\/uploads\\\/2016\\\/10\\\/MA780_2_main_l.jpg&quot;,&quot;full_src_w&quot;:1200,&quot;full_src_h&quot;:1200,&quot;gallery_thumbnail_src&quot;:&quot;https:\\\/\\\/oceansouth.com\\\/wp-content\\\/uploads\\\/2016\\\/10\\\/MA780_2_main_l-100x100.jpg&quot;,&quot;gallery_thumbnail_src_w&quot;:100,&quot;gallery_thumbnail_src_h&quot;:100,&quot;thumb_src&quot;:&quot;https:\\\/\\\/oceansouth.com\\\/wp-content\\\/uploads\\\/2016\\\/10\\\/MA780_2_main_l.jpg&quot;,&quot;thumb_src_w&quot;:1200,&quot;thumb_src_h&quot;:1200,&quot;src_w&quot;:1200,&quot;src_h&quot;:1200},&quot;image_id&quot;:58439,&quot;is_downloadable&quot;:false,&quot;is_in_stock&quot;:true,&quot;is_purchasable&quot;:true,&quot;is_sold_individually&quot;:&quot;no&quot;,&quot;is_virtual&quot;:false,&quot;max_qty&quot;:134,&quot;min_qty&quot;:1,&quot;price_html&quot;:&quot;&lt;span class=\\&quot;price\\&quot;&gt;&lt;del class=\\&quot;original-computed-price\\&quot;&gt;&lt;span class=\\&quot;woocommerce-Price-amount amount\\&quot;&gt;&lt;bdi&gt;9.21&amp;nbsp;&lt;span class=\\&quot;woocommerce-Price-currencySymbol\\&quot;&gt;&amp;euro;&lt;\\\/span&gt;&lt;\\\/bdi&gt;&lt;\\\/span&gt; &lt;small class=\\&quot;woocommerce-price-suffix\\&quot;&gt;excl. VAT&lt;\\\/small&gt;&lt;\\\/del&gt;&lt;span style=\\&quot;display: block;\\&quot; class=\\&quot;wholesale_price_container\\&quot;&gt;\\n &lt;span class=\\&quot;wholesale_price_title\\&quot;&gt;Price&lt;\\\/span&gt;\\n &lt;ins&gt;&lt;span class=\\&quot;woocommerce-Price-amount amount\\&quot;&gt;&lt;bdi&gt;6.91&amp;nbsp;&lt;span class=\\&quot;woocommerce-Price-currencySymbol\\&quot;&gt;&amp;euro;&lt;\\\/span&gt;&lt;\\\/bdi&gt;&lt;\\\/span&gt; &lt;small class=\\&quot;woocommerce-price-suffix wholesale-price-suffix\\&quot;&gt;excl. VAT&lt;\\\/small&gt;&lt;\\\/ins&gt;\\n &lt;\\\/span&gt;&lt;\\\/span&gt;&quot;,&quot;sku&quot;:&quot;MA 780-2&quot;,&quot;variation_description&quot;:&quot;&quot;,&quot;variation_id&quot;:6021,&quot;variation_is_active&quot;:true,&quot;variation_is_visible&quot;:true,&quot;weight&quot;:&quot;2&quot;,&quot;weight_html&quot;:&quot;2 kg&quot;,&quot;wholesale_price&quot;:6.91,&quot;wholesale_price_raw&quot;:6.91,&quot;wholesale_price_with_no_tax&quot;:6.91,&quot;wholesale_price_with_tax&quot;:8.36,&quot;ean&quot;:&quot;9337568005743&quot;,&quot;delivery_time&quot;:&quot;&quot;,&quot;unit_price&quot;:&quot;&quot;,&quot;product_units&quot;:&quot;&quot;,&quot;tax_info&quot;:&quot;excl. 21% VAT&quot;,&quot;shipping_costs_info&quot;:&quot;&quot;,&quot;defect_description&quot;:&quot;&quot;,&quot;deposit_amount&quot;:&quot;&quot;,&quot;deposit_packaging_type&quot;:&quot;&quot;,&quot;is_food&quot;:&quot;no&quot;,&quot;food_description&quot;:&quot;&quot;,&quot;food_place_of_origin&quot;:&quot;&quot;,&quot;food_distributor&quot;:&quot;&quot;,&quot;alcohol_content&quot;:&quot;&quot;,&quot;includes_alcohol&quot;:&quot;no&quot;,&quot;drained_weight&quot;:&quot;&quot;,&quot;net_filling_quantity&quot;:&quot;&quot;,&quot;ingredients&quot;:&quot;&quot;,&quot;allergenic&quot;:&quot;&quot;,&quot;nutrients&quot;:&quot;&quot;,&quot;nutri_score&quot;:&quot;&quot;}]\">\n<div class=\"variations attr-detail attr-size w-100 mb-30 d-block d-lg-table variable-product\">\n<div class=\"attribute-wrapper d-flex flex-column d-xl-table-row mt-2 mt-lg-0 option-pa_size\"><\/div>\n<\/div>\n<\/form>\n","protected":false},"excerpt":{"rendered":"<p>Viegli uzliekams laivas s\u0113dek\u013ca p\u0101rvalks un efekt\u012bvs risin\u0101jums, lai aizsarg\u0101tu j\u016bsu s\u0113dek\u013cus no laikapst\u0101k\u013ciem un nolieto\u0161an\u0101s. Apak\u0161\u0113j\u0101 amortizatora vads, kas cie\u0161i piegu\u013c pie sola vai uz pjedest\u0101la piestiprin\u0101tiem s\u0113dek\u013ciem. Laivas s\u0113dek\u013ca p\u0101rvalks &#8211; liels: St\u016bre, spainis un fiks\u0113ts aizmugur\u0113jais s\u0113deklis Laivas s\u0113dek\u013ca p\u0101rvalks &#8211; mazs: Mazie saliekamie vai pjedest\u0101la s\u0113dek\u013ci Nolok\u0101ms dizains, nolai\u017eot aizsedz s\u0113dekli [&hellip;]<\/p>\n","protected":false},"featured_media":21321,"comment_status":"open","ping_status":"closed","template":"","meta":[],"product_brand":[],"product_cat":[54,664,658],"product_tag":[],"class_list":{"0":"post-21320","1":"product","2":"type-product","3":"status-publish","4":"has-post-thumbnail","6":"product_cat-accessories","7":"product_cat-laivu-parsegi","8":"product_cat-sedekli-mehanismi","10":"first","11":"instock","12":"taxable","13":"shipping-taxable","14":"purchasable","15":"product-type-variable"},"jetpack_sharing_enabled":true,"_links":{"self":[{"href":"https:\/\/shop.bushboats.com\/index.php\/wp-json\/wp\/v2\/product\/21320","targetHints":{"allow":["GET"]}}],"collection":[{"href":"https:\/\/shop.bushboats.com\/index.php\/wp-json\/wp\/v2\/product"}],"about":[{"href":"https:\/\/shop.bushboats.com\/index.php\/wp-json\/wp\/v2\/types\/product"}],"replies":[{"embeddable":true,"href":"https:\/\/shop.bushboats.com\/index.php\/wp-json\/wp\/v2\/comments?post=21320"}],"wp:featuredmedia":[{"embeddable":true,"href":"https:\/\/shop.bushboats.com\/index.php\/wp-json\/wp\/v2\/media\/21321"}],"wp:attachment":[{"href":"https:\/\/shop.bushboats.com\/index.php\/wp-json\/wp\/v2\/media?parent=21320"}],"wp:term":[{"taxonomy":"product_brand","embeddable":true,"href":"https:\/\/shop.bushboats.com\/index.php\/wp-json\/wp\/v2\/product_brand?post=21320"},{"taxonomy":"product_cat","embeddable":true,"href":"https:\/\/shop.bushboats.com\/index.php\/wp-json\/wp\/v2\/product_cat?post=21320"},{"taxonomy":"product_tag","embeddable":true,"href":"https:\/\/shop.bushboats.com\/index.php\/wp-json\/wp\/v2\/product_tag?post=21320"}],"curies":[{"name":"wp","href":"https:\/\/api.w.org\/{rel}","templated":true}]}}