{"id":21343,"date":"2024-08-05T20:29:30","date_gmt":"2024-08-05T17:29:30","guid":{"rendered":"https:\/\/shop.bushboats.com\/?post_type=product&#038;p=21343"},"modified":"2026-04-24T11:28:44","modified_gmt":"2026-04-24T08:28:44","slug":"tenti-piepusamajam-laivam-23-47","status":"publish","type":"product","link":"https:\/\/shop.bushboats.com\/index.php\/produkts\/tenti-piepusamajam-laivam-23-47\/","title":{"rendered":"TENTI PIEP\u016a\u0160AMAJAM LAIVAM (2,3-4,7m)"},"content":{"rendered":"<p>Paredz\u0113ts piep\u016b\u0161am\u0101m laiv\u0101m ar zem\u0101m konsol\u0113m un to piekarin\u0101majiem motoriem. Nodro\u0161ina piln\u012bgu laivas aizsardz\u012bbu.<\/p>\n<p><img data-recalc-dims=\"1\" fetchpriority=\"high\" decoding=\"async\" class=\"alignnone size-medium wp-image-60208\" src=\"https:\/\/i0.wp.com\/oceansouth.com\/wp-content\/uploads\/2016\/08\/inflatable-icon-600x167.jpg?resize=600%2C167&#038;ssl=1\" alt=\"Heavy Duty Inflatable Boat Cover Diagram\" width=\"600\" height=\"167\" \/><\/p>\n<p>Augstas kvalit\u0101tes v\u0101ks.<\/p>\n<p>Ide\u0101li piem\u0113rots piekabei, ilgsto\u0161ai vai ziemas uzglab\u0101\u0161anai.<\/p>\n<table class=\"ocean\" style=\"height: 232px;\" width=\"573\">\n<tbody>\n<tr>\n<th>LAIVAS GARUMS<\/th>\n<th>MAX. STARU PLATUMS<\/th>\n<th><strong>kods<\/strong><\/th>\n<\/tr>\n<tr>\n<td><strong>2.3 \u2013 2.6m<\/strong><\/td>\n<td>1.5m<\/td>\n<td>MA 601-1<\/td>\n<\/tr>\n<tr>\n<td><strong>2.6 \u2013 2.9m<\/strong><\/td>\n<td>1.55m<\/td>\n<td>MA 601-2<\/td>\n<\/tr>\n<tr>\n<td><strong>2.9 \u2013 3.2m<\/strong><\/td>\n<td>1.65m<\/td>\n<td>MA 601-3<\/td>\n<\/tr>\n<tr>\n<td><strong>3.2 \u2013 3.6m<\/strong><\/td>\n<td>1.75m<\/td>\n<td>MA 601-4<\/td>\n<\/tr>\n<tr>\n<td><strong>3.6 \u2013 3.9m<\/strong><\/td>\n<td>1.9m<\/td>\n<td>MA 601-5<\/td>\n<\/tr>\n<tr>\n<td><strong>3.9 \u2013 4.3m<\/strong><\/td>\n<td>2.0m<\/td>\n<td>MA 601-6<\/td>\n<\/tr>\n<tr>\n<td><strong>4.3 \u2013 4.7m<\/strong><\/td>\n<td>2.1m<\/td>\n<td>MA 601-7<\/td>\n<\/tr>\n<\/tbody>\n<\/table>\n<div><\/div>\n<div class=\"row\">\n<div class=\"col-lg-6\">\n<div class=\"widget widget-image\">\n<div><\/div>\n<div><img data-recalc-dims=\"1\" decoding=\"async\" class=\"d-block\" src=\"https:\/\/i0.wp.com\/oceansouth.com\/wp-content\/uploads\/2016\/08\/infd.png?w=1290&#038;ssl=1\" alt=\"Heavy Duty Inflatable Boat Cover\" \/><\/div>\n<\/div>\n<\/div>\n<div class=\"col-lg-6\">\n<div class=\"widget widget-wysiwyg_editor\">\n<div class=\"single-content\">\n<ul>\n<li>Paredz\u0113ts piep\u016b\u0161am\u0101m laiv\u0101m ar zem\u0101m konsol\u0113m un to piekarin\u0101majiem motoriem.<br \/>\nIde\u0101li piem\u0113rots ziemai vai ilgsto\u0161ai uzglab\u0101\u0161anai.<br \/>\nNodro\u0161ina piln\u012bgu laivas aizsardz\u012bbu.<br \/>\nP\u0101rvalks ir izgatavots no augst\u0101k\u0101s kvalit\u0101tes\u00a0280\u00a0gsm Atlas j\u016bras audumiem.<br \/>\nDubult\u0101 \u0161uve \u2013 p\u0101r\u0161\u016bta \u0161uve ar augst\u0101k\u0101s kvalit\u0101tes UV v\u012btn\u0113m, kas nodro\u0161ina ilg\u0101ku m\u016b\u017ea ilgumu.<br \/>\n6\u00a0mm p\u012bta virve, kas ietverta apak\u0161mal\u0101,\u00a0virves spr\u016bdrata\u00a0vienk\u0101r\u0161ai sav\u0101k\u0161anai un pievelciet v\u0101ku.<br \/>\nKomplekt\u0101 uzglab\u0101\u0161anas maisi\u0146\u0161.<br \/>\nPilns virvju galu, virvju skavas un piesienamo virvju komplekts.<\/li>\n<\/ul>\n<\/div>\n<\/div>\n<\/div>\n<\/div>\n<div class=\"row\">\n<div class=\"col-lg-12\">\n<div class=\"widget widget-wysiwyg_editor\">\n<div class=\"single-content\">\n<h5>M\u0112R\u012a\u0160ANA<br \/>\nINSTRUKCIJAS<\/h5>\n<hr \/>\n<\/div>\n<\/div>\n<\/div>\n<\/div>\n<div class=\"row\">\n<div class=\"col-lg-6\">\n<div class=\"widget widget-image\">\n<div><img data-recalc-dims=\"1\" decoding=\"async\" class=\"d-block\" src=\"https:\/\/i0.wp.com\/oceansouth.com\/wp-content\/uploads\/2016\/08\/infdi.png?w=1290&#038;ssl=1\" alt=\"infdi\" \/><\/div>\n<\/div>\n<\/div>\n<div class=\"col-lg-6\">\n<div class=\"widget widget-wysiwyg_editor\">\n<div class=\"single-content\">\n<p>1. Izm\u0113riet laivas garumu<br \/>\nIzm\u0113riet taisn\u0101 l\u012bnij\u0101 savas laivas centra l\u012bnijas att\u0101lumu no priek\u0161gala l\u012bdz paka\u013cgalam.<\/p>\n<p>2. Izm\u0113riet sijas platumu<br \/>\nIzm\u0113riet taisn\u0101 l\u012bnij\u0101 att\u0101lumu p\u0101ri sijai (laivas plat\u0101kais punkts)<\/p>\n<p>3.\u00a0Izm\u0113riet augstumu (no \u0161aujamiero\u010da)<br \/>\nIzm\u0113riet taisnu l\u012bniju no laivas l\u012bdz augst\u0101kajam punktam uz j\u016bsu laivas, ieskaitot laivas piederumus, piem\u0113ram, kaj\u012btes, v\u0113jstiklus utt.<\/p>\n<p>&nbsp;<\/p>\n<p>PIEZ\u012aME.\u00a0Ieteicams izmantot abus m\u0113r\u012bjumu nor\u0101d\u012bjumus, lai pal\u012bdz\u0113tu izv\u0113l\u0113ties pareizo v\u0101ka izm\u0113ru.<\/p>\n<p>AUDUMA VISP\u0100R\u0112JIE M\u0112R\u012aJUMI<\/p>\n<p>1. Izm\u0113riet auduma platumu<br \/>\nIzmantojot j\u016bsu izv\u0113l\u0113t\u0101 p\u0101rvalka \u201ckop\u0113j\u0101 p\u0101rkl\u0101juma auduma platuma\u201d m\u0113r\u012bjumu, izm\u0113riet vis\u0101 laivas plat\u0101kaj\u0101 viet\u0101, virs jebkuras laivas piederumiem.<br \/>\npiem. kab\u012bne, v\u0113jstikli utt. l\u012bdz vietai uz korpusa, kur beigsies p\u0101rsega apmale.<\/p>\n<p>1. Izm\u0113riet auduma garumu<br \/>\nIzmantojot izv\u0113l\u0113t\u0101 p\u0101rvalka \u201ckop\u0113j\u0101 p\u0101rsega auduma garuma\u201d m\u0113r\u012bjumu, izm\u0113riet vis\u0101 laivas garum\u0101, virs jebkura laivas stiprin\u0101juma, piem. kab\u012bne, v\u0113jstikli utt. l\u012bdz vietai uz korpusa, kur beigsies p\u0101rsega apmale<\/p>\n<p>Kop\u0113jie v\u0101ka izm\u0113ri<\/p>\n<p>W AUDUMA PLATUMS<\/p>\n<p>L AUDUMA GARUMS<\/p>\n<\/div>\n<\/div>\n<\/div>\n<\/div>\n<div class=\"row\">\n<div class=\"col-lg-6\">\n<div class=\"widget widget-image\">\n<div><img data-recalc-dims=\"1\" decoding=\"async\" class=\"d-block\" src=\"https:\/\/i0.wp.com\/oceansouth.com\/wp-content\/uploads\/2016\/08\/infdb.png?w=1290&#038;ssl=1\" alt=\"infdb\" \/><\/div>\n<\/div>\n<\/div>\n<\/div>\n<div class=\"row\">\n<div class=\"col-lg-12\">\n<div class=\"widget widget-wysiwyg_editor\">\n<div class=\"single-content\">\n<table class=\"ocean\">\n<tbody>\n<tr>\n<th>LAIVAS GARUMS<\/th>\n<th>AUDUMA GARUMS (L)<\/th>\n<th>AUDUMA PLATUMS (W)<\/th>\n<th><strong>kods<\/strong><\/th>\n<\/tr>\n<tr>\n<td><strong>2.3 \u2013 2.6m<\/strong><\/td>\n<td>3280mm<\/td>\n<td>2350mm<\/td>\n<td>MA 601-1<\/td>\n<\/tr>\n<tr>\n<td><strong>2.6 \u2013 2.9m<\/strong><\/td>\n<td>3580mm<\/td>\n<td>2450mm<\/td>\n<td>MA 601-2<\/td>\n<\/tr>\n<tr>\n<td><strong>2.9 \u2013 3.2m<\/strong><\/td>\n<td>3930mm<\/td>\n<td>2550mm<\/td>\n<td>MA 601-3<\/td>\n<\/tr>\n<tr>\n<td><strong>3.2 \u2013 3.6m<\/strong><\/td>\n<td>4330mm<\/td>\n<td>2660mm<\/td>\n<td>MA 601-4<\/td>\n<\/tr>\n<tr>\n<td><strong>3.6 \u2013 3.9m<\/strong><\/td>\n<td>4650mm<\/td>\n<td>2810mm<\/td>\n<td>MA 601-5<\/td>\n<\/tr>\n<tr>\n<td><strong>3.9 \u2013 4.3m<\/strong><\/td>\n<td>5112mm<\/td>\n<td>3000mm<\/td>\n<td>MA 601-6<\/td>\n<\/tr>\n<tr>\n<td><strong>4.3 \u2013 4.7m<\/strong><\/td>\n<td>5510mm<\/td>\n<td>3100mm<\/td>\n<td>MA 601-7<\/td>\n<\/tr>\n<\/tbody>\n<\/table>\n<\/div>\n<\/div>\n<\/div>\n<\/div>\n<div class=\"row\">\n<div class=\"col-lg-12\">\n<div class=\"widget widget-wysiwyg_editor\">\n<div class=\"single-content\">\n<h5>AUDUMS<br \/>\nINFORM\u0100CIJAS<\/h5>\n<hr class=\"\" \/>\n<\/div>\n<\/div>\n<\/div>\n<\/div>\n<div class=\"row\">\n<div class=\"col-lg-6 my-auto\">\n<div class=\"widget widget-image d-block m-auto\"><a href=\"https:\/\/oceansouth.com\/atlas-fabrics\/\"><img data-recalc-dims=\"1\" decoding=\"async\" class=\"d-block d-block m-auto\" src=\"https:\/\/i0.wp.com\/oceansouth.com\/wp-content\/webp-express\/webp-images\/uploads\/2023\/08\/atlasfabricgrey.jpg.webp?w=1290&#038;ssl=1\" alt=\"atlasfabricgrey\" \/><\/a><\/div>\n<\/div>\n<div class=\"col-lg-6 my-auto\">\n<div class=\"widget widget-wysiwyg_editor\">\n<div class=\"single-content\">\n<p>POLIESTRA AUDUMA APRAKSTS<\/p>\n<table>\n<tbody>\n<tr>\n<td>Svars<\/td>\n<td>280g\/m\u00b2<\/td>\n<\/tr>\n<tr>\n<td>Materi\u0101ls<\/td>\n<td>100% Augsto tehnolo\u0123iju poliesters<\/td>\n<\/tr>\n<tr>\n<td>\u016adens kolonna<\/td>\n<td>\u2265 150 mbar (1500 mm)<\/td>\n<\/tr>\n<tr>\n<td>Gaismas un laikapst\u0101k\u013cu notur\u012bba<\/td>\n<td>Note 6-7<\/td>\n<\/tr>\n<tr>\n<td>Stiepes iztur\u012bba<\/td>\n<td>\u2248 2200 N\u00b9 | 1400 N\u00b2<\/td>\n<\/tr>\n<tr>\n<td>Pagarin\u0101jums<\/td>\n<td>\u2248 40 %\u00b9 | 30 %\u00b2<\/td>\n<\/tr>\n<tr>\n<td>Kr\u0101sa Notur\u012bba pret berzi<\/td>\n<td>Note 4-5\u00b3 | Note 44<\/td>\n<\/tr>\n<tr>\n<td>Hloru iztur\u012bgs<\/td>\n<td>Note 4-5<\/td>\n<\/tr>\n<tr>\n<td>\u016adens atgr\u016b\u0161anas sp\u0113ja<\/td>\n<td>Note 100<\/td>\n<\/tr>\n<tr>\n<td>E\u013c\u013cas atgr\u016b\u0161ana<\/td>\n<td>Note 4<\/td>\n<\/tr>\n<tr>\n<td>P\u0101rkl\u0101jums<\/td>\n<td>Poliuret\u0101ns [PU]<\/td>\n<\/tr>\n<tr>\n<td>UV aizsardz\u012bbas faktors<\/td>\n<td>UPF 50+ (measured &gt; UPF 80)<\/td>\n<\/tr>\n<\/tbody>\n<\/table>\n<\/div>\n<\/div>\n<\/div>\n<\/div>\n","protected":false},"excerpt":{"rendered":"<p>Paredz\u0113ts piep\u016b\u0161am\u0101m laiv\u0101m ar zem\u0101m konsol\u0113m un to piekarin\u0101majiem motoriem. Nodro\u0161ina piln\u012bgu laivas aizsardz\u012bbu. Augstas kvalit\u0101tes v\u0101ks. Ide\u0101li piem\u0113rots piekabei, ilgsto\u0161ai vai ziemas uzglab\u0101\u0161anai. LAIVAS GARUMS MAX. STARU PLATUMS kods 2.3 \u2013 2.6m 1.5m MA 601-1 2.6 \u2013 2.9m 1.55m MA 601-2 2.9 \u2013 3.2m 1.65m MA 601-3 3.2 \u2013 3.6m 1.75m MA 601-4 3.6 [&hellip;]<\/p>\n","protected":false},"featured_media":21344,"comment_status":"open","ping_status":"closed","template":"","meta":[],"product_brand":[],"product_cat":[54,664],"product_tag":[],"class_list":{"0":"post-21343","1":"product","2":"type-product","3":"status-publish","4":"has-post-thumbnail","6":"product_cat-accessories","7":"product_cat-laivu-parsegi","9":"first","10":"instock","11":"taxable","12":"shipping-taxable","13":"purchasable","14":"product-type-variable"},"jetpack_sharing_enabled":true,"_links":{"self":[{"href":"https:\/\/shop.bushboats.com\/index.php\/wp-json\/wp\/v2\/product\/21343","targetHints":{"allow":["GET"]}}],"collection":[{"href":"https:\/\/shop.bushboats.com\/index.php\/wp-json\/wp\/v2\/product"}],"about":[{"href":"https:\/\/shop.bushboats.com\/index.php\/wp-json\/wp\/v2\/types\/product"}],"replies":[{"embeddable":true,"href":"https:\/\/shop.bushboats.com\/index.php\/wp-json\/wp\/v2\/comments?post=21343"}],"wp:featuredmedia":[{"embeddable":true,"href":"https:\/\/shop.bushboats.com\/index.php\/wp-json\/wp\/v2\/media\/21344"}],"wp:attachment":[{"href":"https:\/\/shop.bushboats.com\/index.php\/wp-json\/wp\/v2\/media?parent=21343"}],"wp:term":[{"taxonomy":"product_brand","embeddable":true,"href":"https:\/\/shop.bushboats.com\/index.php\/wp-json\/wp\/v2\/product_brand?post=21343"},{"taxonomy":"product_cat","embeddable":true,"href":"https:\/\/shop.bushboats.com\/index.php\/wp-json\/wp\/v2\/product_cat?post=21343"},{"taxonomy":"product_tag","embeddable":true,"href":"https:\/\/shop.bushboats.com\/index.php\/wp-json\/wp\/v2\/product_tag?post=21343"}],"curies":[{"name":"wp","href":"https:\/\/api.w.org\/{rel}","templated":true}]}}