{"id":21409,"date":"2024-08-05T21:23:53","date_gmt":"2024-08-05T18:23:53","guid":{"rendered":"https:\/\/shop.bushboats.com\/?post_type=product&#038;p=21409"},"modified":"2026-02-11T14:45:54","modified_gmt":"2026-02-11T12:45:54","slug":"laivas-tenti-35-56m","status":"publish","type":"product","link":"https:\/\/shop.bushboats.com\/index.php\/produkts\/laivas-tenti-35-56m\/","title":{"rendered":"LAIVAS TENTI (3,5-5,6m)"},"content":{"rendered":"<p>Dizains piem\u0113rots Open tipa laiv\u0101m, piem\u0113rots laiv\u0101m ar priek\u0161gala slied\u0113m l\u012bdz 150mm augstum\u0101. Gludi piegu\u013c p\u0101ri laivai un ap korpusu.<\/p>\n<p><img data-recalc-dims=\"1\" fetchpriority=\"high\" decoding=\"async\" class=\"size-medium wp-image-60192 aligncenter d-block m-auto\" src=\"https:\/\/i0.wp.com\/oceansouth.com\/wp-content\/uploads\/2016\/08\/fishing-icons-600x154.jpg?resize=600%2C154&#038;ssl=1\" alt=\"V-Hull Fishing Boat Style Icons\" width=\"600\" height=\"154\" \/><\/p>\n<p>Augstas kvalit\u0101tes v\u0101ks.<\/p>\n<p>Piekabin\u0101ms un piem\u0113rots vilk\u0161anai pa \u0161oseju, ja tas ir pareizi nostiprin\u0101ts.<\/p>\n<table class=\"ocean\" style=\"height: 288px;\" width=\"609\">\n<tbody>\n<tr>\n<th><strong>LAIVAS GARUMS<\/strong><\/th>\n<th><strong>MAX. STARU PLATUMS<\/strong><\/th>\n<th>PAS\u016aT\u012aJUMA KODS<\/th>\n<\/tr>\n<tr>\n<td><strong>3.5m \u2013 3.7m<\/strong><\/td>\n<td>1.6m<\/td>\n<td>MA 202-3<\/td>\n<\/tr>\n<tr>\n<td><strong>3.7m \u2013 3.9m<\/strong><\/td>\n<td>1.7m<\/td>\n<td>MA 202-4<\/td>\n<\/tr>\n<tr>\n<td><strong>3.9m \u2013 4.1m<\/strong><\/td>\n<td>1.8m<\/td>\n<td>MA 202-5<\/td>\n<\/tr>\n<tr>\n<td><strong>4.1m \u2013 4.3m<\/strong><\/td>\n<td>1.95m<\/td>\n<td>MA 202-6<\/td>\n<\/tr>\n<tr>\n<td><strong>4.3m \u2013 4.5m<\/strong><\/td>\n<td>2.05m<\/td>\n<td>MA 202-7<\/td>\n<\/tr>\n<tr>\n<td><strong>4.5m \u2013 4.7m<\/strong><\/td>\n<td>2.05m<\/td>\n<td>MA 202-8<\/td>\n<\/tr>\n<tr>\n<td><strong>4.7m \u2013 5.0m<\/strong><\/td>\n<td>2.25m<\/td>\n<td>MA 202-9<\/td>\n<\/tr>\n<tr>\n<td><strong>5.0m \u2013 5.3m<\/strong><\/td>\n<td>2.25m<\/td>\n<td>MA 202-10<\/td>\n<\/tr>\n<tr>\n<td><strong>5.3m \u2013 5.6m<\/strong><\/td>\n<td>2.25m<\/td>\n<td>MA 202-11<\/td>\n<\/tr>\n<\/tbody>\n<\/table>\n<div class=\"row hidden-for-custom-model\">\n<div class=\"col-lg-12\">\n<div class=\"widget widget-wysiwyg_editor\">\n<div class=\"single-content\">\n<h5>M\u0112R\u012a\u0160ANA<br \/>\nINSTRUKCIJAS<\/h5>\n<hr \/>\n<\/div>\n<\/div>\n<\/div>\n<\/div>\n<div class=\"row hidden-for-custom-model\">\n<div class=\"col-lg-6\">\n<div class=\"widget widget-image\">\n<div><img data-recalc-dims=\"1\" decoding=\"async\" class=\"d-block\" src=\"https:\/\/i0.wp.com\/oceansouth.com\/wp-content\/uploads\/2016\/08\/openboatd.png?w=1290&#038;ssl=1\" alt=\"openboatd\" \/><\/div>\n<\/div>\n<\/div>\n<div class=\"col-lg-6\">\n<div class=\"widget widget-wysiwyg_editor\">\n<div class=\"single-content\">\n<p>1. Izm\u0113riet laivas garumu<br \/>\nIzm\u0113riet taisn\u0101 l\u012bnij\u0101 savas laivas centra l\u012bnijas att\u0101lumu no priek\u0161gala l\u012bdz paka\u013cgalam.<\/p>\n<p>2. Izm\u0113riet sijas platumu<br \/>\nIzm\u0113riet taisn\u0101 l\u012bnij\u0101 att\u0101lumu p\u0101ri sijai (laivas plat\u0101kais punkts)<\/p>\n<p>3.\u00a0Izm\u0113riet augstumu (no \u0161aujamiero\u010da)<br \/>\nIzm\u0113riet taisnu l\u012bniju no laivas l\u012bdz augst\u0101kajam punktam uz j\u016bsu laivas, ieskaitot laivas piederumus, piem\u0113ram, kaj\u012btes, v\u0113jstiklus utt.<\/p>\n<p>PIEZ\u012aME.\u00a0Ieteicams izmantot abus m\u0113r\u012bjumu nor\u0101d\u012bjumus, lai pal\u012bdz\u0113tu izv\u0113l\u0113ties pareizo v\u0101ka izm\u0113ru.<\/p>\n<p>AUDUMA VISP\u0100R\u0112JIE M\u0112R\u012aJUMI<\/p>\n<p>1. Izm\u0113riet auduma platumu<br \/>\nIzmantojot j\u016bsu izv\u0113l\u0113t\u0101 p\u0101rvalka \u201ckop\u0113j\u0101 p\u0101rkl\u0101juma auduma platuma\u201d m\u0113r\u012bjumu, izm\u0113riet vis\u0101 laivas plat\u0101kaj\u0101 viet\u0101, virs jebkuras laivas piederumiem.<br \/>\npiem. kab\u012bne, v\u0113jstikli utt. l\u012bdz vietai uz korpusa, kur beigsies p\u0101rsega apmale.<\/p>\n<p>1. Izm\u0113riet auduma garumu<br \/>\nIzmantojot izv\u0113l\u0113t\u0101 p\u0101rvalka \u201ckop\u0113j\u0101 p\u0101rsega auduma garuma\u201d m\u0113r\u012bjumu, izm\u0113riet vis\u0101 laivas garum\u0101, virs jebkura laivas stiprin\u0101juma, piem. kab\u012bne, v\u0113jstikli utt. l\u012bdz vietai uz korpusa, kur beigsies p\u0101rsega apmale<\/p>\n<p>Kop\u0113jie v\u0101ka izm\u0113ri<\/p>\n<p>W AUDUMA PLATUMS<\/p>\n<p>L AUDUMA GARUMS<\/p>\n<\/div>\n<\/div>\n<\/div>\n<\/div>\n<section class=\"centabit-builder\">\n<div class=\"container\">\n<div class=\"row\">\n<div class=\"col-lg-6\">\n<div class=\"widget widget-image\">\n<div><img data-recalc-dims=\"1\" decoding=\"async\" class=\"d-block\" src=\"https:\/\/i0.wp.com\/oceansouth.com\/wp-content\/uploads\/2016\/08\/openboatda.png?w=1290&#038;ssl=1\" alt=\"openboatda\" \/><\/div>\n<\/div>\n<\/div>\n<\/div>\n<\/div>\n<\/section>\n<section class=\"centabit-builder hidden-for-custom-model\">\n<div class=\"container\">\n<div class=\"row\">\n<div class=\"col-lg-12\">\n<div class=\"widget widget-wysiwyg_editor\">\n<div class=\"single-content\">\n<table class=\"ocean\" style=\"height: 293px;\" width=\"757\">\n<tbody>\n<tr>\n<th>LAIVAS GARUMS<\/th>\n<th>AUDUMA GARUMS (L)<\/th>\n<th>AUDUMA PLATUMS (W)<\/th>\n<th>PAS\u016aT\u012aJUMA KODS<\/th>\n<\/tr>\n<tr>\n<td><strong>3.5m \u2013 3.7m<\/strong><\/td>\n<td>4300mm<\/td>\n<td>2050mm<\/td>\n<td>MA 202-3<\/td>\n<\/tr>\n<tr>\n<td><strong>3.7m \u2013 3.9m<\/strong><\/td>\n<td>4500mm<\/td>\n<td>2150mm<\/td>\n<td>MA 202-4<\/td>\n<\/tr>\n<tr>\n<td><strong>3.9m \u2013 4.1m<\/strong><\/td>\n<td>4700mm<\/td>\n<td>2250mm<\/td>\n<td>MA 202-5<\/td>\n<\/tr>\n<tr>\n<td><strong>4.1m \u2013 4.3m<\/strong><\/td>\n<td>4900mm<\/td>\n<td>2400mm<\/td>\n<td>MA 202-6<\/td>\n<\/tr>\n<tr>\n<td><strong>4.3m \u2013 4.5m<\/strong><\/td>\n<td>5100mm<\/td>\n<td>2500mm<\/td>\n<td>MA 202-7<\/td>\n<\/tr>\n<tr>\n<td><strong>4.5m \u2013 4.7m<\/strong><\/td>\n<td>5300mm<\/td>\n<td>2500mm<\/td>\n<td>MA 202-8<\/td>\n<\/tr>\n<tr>\n<td><strong>4.7m \u2013 5.0m<\/strong><\/td>\n<td>5600mm<\/td>\n<td>2700mm<\/td>\n<td>MA 202-9<\/td>\n<\/tr>\n<tr>\n<td><strong>5.0m \u2013 5.3m<\/strong><\/td>\n<td>5900mm<\/td>\n<td>2700mm<\/td>\n<td>MA 202-10<\/td>\n<\/tr>\n<tr>\n<td><strong>5.3m \u2013 5.6m<\/strong><\/td>\n<td>6200mm<\/td>\n<td>2700mm<\/td>\n<td>MA 202-11<\/td>\n<\/tr>\n<\/tbody>\n<\/table>\n<\/div>\n<\/div>\n<\/div>\n<\/div>\n<\/div>\n<\/section>\n","protected":false},"excerpt":{"rendered":"<p>Dizains piem\u0113rots Open tipa laiv\u0101m, piem\u0113rots laiv\u0101m ar priek\u0161gala slied\u0113m l\u012bdz 150mm augstum\u0101. Gludi piegu\u013c p\u0101ri laivai un ap korpusu. Augstas kvalit\u0101tes v\u0101ks. Piekabin\u0101ms un piem\u0113rots vilk\u0161anai pa \u0161oseju, ja tas ir pareizi nostiprin\u0101ts. LAIVAS GARUMS MAX. STARU PLATUMS PAS\u016aT\u012aJUMA KODS 3.5m \u2013 3.7m 1.6m MA 202-3 3.7m \u2013 3.9m 1.7m MA 202-4 3.9m \u2013 [&hellip;]<\/p>\n","protected":false},"featured_media":21410,"comment_status":"open","ping_status":"closed","template":"","meta":[],"product_brand":[],"product_cat":[54,664],"product_tag":[],"class_list":{"0":"post-21409","1":"product","2":"type-product","3":"status-publish","4":"has-post-thumbnail","6":"product_cat-accessories","7":"product_cat-laivu-parsegi","9":"first","10":"instock","11":"taxable","12":"shipping-taxable","13":"purchasable","14":"product-type-variable"},"jetpack_sharing_enabled":true,"_links":{"self":[{"href":"https:\/\/shop.bushboats.com\/index.php\/wp-json\/wp\/v2\/product\/21409","targetHints":{"allow":["GET"]}}],"collection":[{"href":"https:\/\/shop.bushboats.com\/index.php\/wp-json\/wp\/v2\/product"}],"about":[{"href":"https:\/\/shop.bushboats.com\/index.php\/wp-json\/wp\/v2\/types\/product"}],"replies":[{"embeddable":true,"href":"https:\/\/shop.bushboats.com\/index.php\/wp-json\/wp\/v2\/comments?post=21409"}],"wp:featuredmedia":[{"embeddable":true,"href":"https:\/\/shop.bushboats.com\/index.php\/wp-json\/wp\/v2\/media\/21410"}],"wp:attachment":[{"href":"https:\/\/shop.bushboats.com\/index.php\/wp-json\/wp\/v2\/media?parent=21409"}],"wp:term":[{"taxonomy":"product_brand","embeddable":true,"href":"https:\/\/shop.bushboats.com\/index.php\/wp-json\/wp\/v2\/product_brand?post=21409"},{"taxonomy":"product_cat","embeddable":true,"href":"https:\/\/shop.bushboats.com\/index.php\/wp-json\/wp\/v2\/product_cat?post=21409"},{"taxonomy":"product_tag","embeddable":true,"href":"https:\/\/shop.bushboats.com\/index.php\/wp-json\/wp\/v2\/product_tag?post=21409"}],"curies":[{"name":"wp","href":"https:\/\/api.w.org\/{rel}","templated":true}]}}