{"id":21490,"date":"2024-08-06T20:25:11","date_gmt":"2024-08-06T17:25:11","guid":{"rendered":"https:\/\/shop.bushboats.com\/?post_type=product&#038;p=21490"},"modified":"2025-01-01T23:03:39","modified_gmt":"2025-01-01T21:03:39","slug":"universals-parsegs-piekarinamajam-motoram-peleks","status":"publish","type":"product","link":"https:\/\/shop.bushboats.com\/index.php\/produkts\/universals-parsegs-piekarinamajam-motoram-peleks\/","title":{"rendered":"UNIVERSALS P\u0100RSEGS PIEKARIN\u0100MAJAM MOTORAM (Pel\u0113ks)"},"content":{"rendered":"<p>Izstr\u0101d\u0101ts, lai aizsarg\u0101tu dzin\u0113ja p\u0101rsegu no putek\u013ciem, net\u012brumiem un kait\u012bgiem UV stariem.<\/p>\n<p>\u0160is lieljaudas p\u0101rsegs ir piem\u0113rots 2 un 4 taktu dzin\u0113jiem no 2,5 ZS l\u012bdz 350 ZS.<\/p>\n<p>Lieliski piem\u0113rots piln\u012bgai aizsardz\u012bbai pret \u016bdeni, sauli vai net\u012brumiem, transport\u0113jot piekabi vai uzglab\u0101jot.<\/p>\n<h1>Tabula SUZUKI:<\/h1>\n<table class=\"ocean brand-table\" style=\"height: 905px;\" width=\"1113\">\n<tbody>\n<tr>\n<th>Dzin\u0113ji (v\u0101rpstas garums)<\/th>\n<th>Univers\u0101la izm\u0113ra piem\u0113rots<\/th>\n<th>SKU<\/th>\n<\/tr>\n<tr>\n<td>DF2.5 (15&#8243;)<\/td>\n<td>Up to 3.5hp<\/td>\n<td>MA 075-1<\/td>\n<\/tr>\n<tr>\n<td>DF4, DF5 (15&#8243;)<\/td>\n<td>3.5 &#8211; 15hp<\/td>\n<td>MA 075-2<\/td>\n<\/tr>\n<tr>\n<td>DF6 (15\/20&#8243;)<\/td>\n<td>3.5 &#8211; 15hp<\/td>\n<td>MA 075-2<\/td>\n<\/tr>\n<tr>\n<td>DF8 (15\/20&#8243;)<\/td>\n<td>8 &#8211; 20hp<\/td>\n<td>MA 075-3<\/td>\n<\/tr>\n<tr>\n<td>DF9.9 (15\/20&#8243;)<\/td>\n<td>8 &#8211; 20hp<\/td>\n<td>MA 075-3<\/td>\n<\/tr>\n<tr>\n<td>DF15A (15\/20&#8243;)<\/td>\n<td>8 &#8211; 20hp<\/td>\n<td>MA 075-3<\/td>\n<\/tr>\n<tr>\n<td>DF20A(15\/20&#8243;)<\/td>\n<td>8 &#8211; 20hp<\/td>\n<td>MA 075-3<\/td>\n<\/tr>\n<tr>\n<td>DF25A (15\/20&#8243;)<\/td>\n<td>9.9 &#8211; 30hp<\/td>\n<td>MA 075-4<\/td>\n<\/tr>\n<tr>\n<td>DF30A (20&#8243;)<\/td>\n<td>9.9 &#8211; 30hp<\/td>\n<td>MA 075-4<\/td>\n<\/tr>\n<tr>\n<td>DF40A, DF50A (20&#8243;)<\/td>\n<td>25 &#8211; 60hp<\/td>\n<td>MA 075-5<\/td>\n<\/tr>\n<tr>\n<td>DF60A (20&#8243;)<\/td>\n<td>25 &#8211; 60hp<\/td>\n<td>MA 075-5<\/td>\n<\/tr>\n<tr>\n<td>DF60A (25&#8243;)<\/td>\n<td>40 &#8211; 100hp<\/td>\n<td>MA 075-6<\/td>\n<\/tr>\n<tr>\n<td>DF60AV (20\/25&#8243;)<\/td>\n<td>40 &#8211; 100hp<\/td>\n<td>MA 075-6<\/td>\n<\/tr>\n<tr>\n<td>DF70A (20&#8243;)<\/td>\n<td>40 &#8211; 100hp<\/td>\n<td>MA 075-6<\/td>\n<\/tr>\n<tr>\n<td>DF90A (20&#8243;)<\/td>\n<td>40 &#8211; 100hp<\/td>\n<td>MA 075-6<\/td>\n<\/tr>\n<tr>\n<td>DF70A (25&#8243;)<\/td>\n<td>70 &#8211; 150hp<\/td>\n<td>MA 075-7<\/td>\n<\/tr>\n<tr>\n<td>DF90A (25&#8243;)<\/td>\n<td>70 &#8211; 150hp<\/td>\n<td>MA 075-7<\/td>\n<\/tr>\n<tr>\n<td>DF115A (20\/25&#8243;)<\/td>\n<td>70 &#8211; 150hp<\/td>\n<td>MA 075-7<\/td>\n<\/tr>\n<tr>\n<td>DF140A (20\/25&#8243;)<\/td>\n<td>70 &#8211; 150hp<\/td>\n<td>MA 075-7<\/td>\n<\/tr>\n<tr>\n<td>DF100 (20\/25&#8243;)<\/td>\n<td>70 &#8211; 150hp<\/td>\n<td>MA 075-7<\/td>\n<\/tr>\n<tr>\n<td>DF150 (20\/25&#8243;)<\/td>\n<td>70 &#8211; 150hp<\/td>\n<td>MA 075-7<\/td>\n<\/tr>\n<tr>\n<td>DF175 (20\/25&#8243;)<\/td>\n<td>70 &#8211; 150hp<\/td>\n<td>MA 075-7<\/td>\n<\/tr>\n<tr>\n<td>DF200, DF225 (25&#8243;)<\/td>\n<td>135 &#8211; 250hp<\/td>\n<td>MA 075-8<\/td>\n<\/tr>\n<tr>\n<td>DF250 (25&#8243;)<\/td>\n<td>135 &#8211; 250hp<\/td>\n<td>MA 075-8<\/td>\n<\/tr>\n<tr>\n<td>DF200A (25&#8243;)<\/td>\n<td>135 &#8211; 250hp<\/td>\n<td>MA 075-8<\/td>\n<\/tr>\n<tr>\n<td>DF250AP (25&#8243;)<\/td>\n<td>200 &#8211; 300hp<\/td>\n<td>MA 075-9<\/td>\n<\/tr>\n<tr>\n<td>DF300AP (25&#8243;)<\/td>\n<td>200 &#8211; 300hp<\/td>\n<td>MA 075-9<\/td>\n<\/tr>\n<tr>\n<td>DF250AP (30&#8243;)<\/td>\n<td>200 &#8211; 300hp (Long Leg)<\/td>\n<td>MA 075-9L<\/td>\n<\/tr>\n<tr>\n<td>DF300AP (30&#8243;)<\/td>\n<td>200 &#8211; 300hp (Long Leg)<\/td>\n<td>MA 075-9L<\/td>\n<\/tr>\n<tr>\n<td>DF225 (30&#8243;)<\/td>\n<td>200 &#8211; 300hp (Long Leg)<\/td>\n<td>MA 075-9L<\/td>\n<\/tr>\n<tr>\n<td>DF250 (30&#8243;)<\/td>\n<td>200 &#8211; 300hp (Long Leg)<\/td>\n<td>MA 075-9L<\/td>\n<\/tr>\n<\/tbody>\n<\/table>\n<h1>Tabula MERCYRY:<\/h1>\n<table class=\"ocean brand-table\" style=\"height: 1383px;\" width=\"1110\">\n<tbody>\n<tr>\n<th>Dzin\u0113ji (v\u0101rpstas garums)<\/th>\n<th>Univers\u0101la izm\u0113ra piem\u0113rots<\/th>\n<th>SKU<\/th>\n<\/tr>\n<tr>\n<td>2.5, 3.5 (15\u201d)<\/td>\n<td>Up to 3.5hp<\/td>\n<td>MA 075-1<\/td>\n<\/tr>\n<tr>\n<td>3.5 (20\u201d)<\/td>\n<td>3.5 &#8211; 15hp<\/td>\n<td>MA 075-2<\/td>\n<\/tr>\n<tr>\n<td>4, 5, 6 (15\/20\u201d)<\/td>\n<td>3.5 &#8211; 15hp<\/td>\n<td>MA 075-2<\/td>\n<\/tr>\n<tr>\n<td>5 (25\u201d)<\/td>\n<td>8 &#8211; 20hp<\/td>\n<td>MA 075-3<\/td>\n<\/tr>\n<tr>\n<td>8, 9.9 (15\/20\u201d)<\/td>\n<td>8 &#8211; 20hp<\/td>\n<td>MA 075-3<\/td>\n<\/tr>\n<tr>\n<td>9.9 Pro Kicker (20\u201d)<\/td>\n<td>8 &#8211; 20hp<\/td>\n<td>MA 075-3<\/td>\n<\/tr>\n<tr>\n<td>9.9 Big Foot (20\u201d)<\/td>\n<td>8 &#8211; 20hp<\/td>\n<td>MA 075-3<\/td>\n<\/tr>\n<tr>\n<td>9.9 (25\u201d)<\/td>\n<td>9.9 &#8211; 30hp<\/td>\n<td>MA 075-4<\/td>\n<\/tr>\n<tr>\n<td>15, 20 (15\/20\u201d)<\/td>\n<td>9.9 &#8211; 30hp<\/td>\n<td>MA 075-4<\/td>\n<\/tr>\n<tr>\n<td>9.9 Pro Kicker (25\u201d)<\/td>\n<td>9.9 &#8211; 30hp<\/td>\n<td>MA 075-4<\/td>\n<\/tr>\n<tr>\n<td>9.9 Big Foot (25\u201d)<\/td>\n<td>9.9 &#8211; 30hp<\/td>\n<td>MA 075-4<\/td>\n<\/tr>\n<tr>\n<td>15 Pro Kicker (20\u201d)<\/td>\n<td>9.9 &#8211; 30hp<\/td>\n<td>MA 075-4<\/td>\n<\/tr>\n<tr>\n<td>15 Pro Kicker (25\u201d)<\/td>\n<td>25 &#8211; 60hp<\/td>\n<td>MA 075-5<\/td>\n<\/tr>\n<tr>\n<td>25, 30 EFI (15\/20\u201d)<\/td>\n<td>25 &#8211; 60hp<\/td>\n<td>MA 075-5<\/td>\n<\/tr>\n<tr>\n<td>25 EFI JET (15\/20\u201d)<\/td>\n<td>25 &#8211; 60hp<\/td>\n<td>MA 075-5<\/td>\n<\/tr>\n<tr>\n<td>40 EFI (15\/20\u201d)<\/td>\n<td>40 &#8211; 100hp<\/td>\n<td>MA 075-6<\/td>\n<\/tr>\n<tr>\n<td>60 EFI (20\u201d)<\/td>\n<td>40 &#8211; 100hp<\/td>\n<td>MA 075-6<\/td>\n<\/tr>\n<tr>\n<td>40, 50, 60 EFI CT (20\u201d)<\/td>\n<td>40 &#8211; 100hp<\/td>\n<td>MA 075-6<\/td>\n<\/tr>\n<tr>\n<td>40 EFI JET (15\/20\u201d)<\/td>\n<td>40 &#8211; 100hp<\/td>\n<td>MA 075-6<\/td>\n<\/tr>\n<tr>\n<td>60 EFI CT (25\u201d)<\/td>\n<td>70 &#8211; 150hp<\/td>\n<td>MA 075-7<\/td>\n<\/tr>\n<tr>\n<td>90, 115 EFI CT (20\/25\u201d)<\/td>\n<td>70 &#8211; 150hp<\/td>\n<td>MA 075-7<\/td>\n<\/tr>\n<tr>\n<td>75 EFI (20\u201d)<\/td>\n<td>70 &#8211; 150hp<\/td>\n<td>MA 075-7<\/td>\n<\/tr>\n<tr>\n<td>90, 100, 115 (20\/25\u201d)<\/td>\n<td>70 &#8211; 150hp<\/td>\n<td>MA 075-7<\/td>\n<\/tr>\n<tr>\n<td>150 EFI (20\/25\u201d)<\/td>\n<td>70 &#8211; 150hp<\/td>\n<td>MA 075-7<\/td>\n<\/tr>\n<tr>\n<td>80 EFI JET (20\u201d)<\/td>\n<td>70 &#8211; 150hp<\/td>\n<td>MA 075-7<\/td>\n<\/tr>\n<tr>\n<td>75 OPTIMAX (20\u201d)<\/td>\n<td>70 &#8211; 150hp<\/td>\n<td>MA 075-7<\/td>\n<\/tr>\n<tr>\n<td>90, 115 (20\/25\u201d)<\/td>\n<td>70 &#8211; 150hp<\/td>\n<td>MA 075-7<\/td>\n<\/tr>\n<tr>\n<td>125 OPTIMAX (20\/25\u201d)<\/td>\n<td>70 &#8211; 150hp<\/td>\n<td>MA 075-7<\/td>\n<\/tr>\n<tr>\n<td>115 OPTIMAX PRO XS (20\/25\u201d)<\/td>\n<td>70 &#8211; 150hp<\/td>\n<td>MA 075-7<\/td>\n<\/tr>\n<tr>\n<td>35, 150 VERADO (20\/25\u201d)<\/td>\n<td>135 &#8211; 250hp<\/td>\n<td>MA 075-8<\/td>\n<\/tr>\n<tr>\n<td>175, 200 VERADO (20\/25\u201d)<\/td>\n<td>135 &#8211; 250hp<\/td>\n<td>MA 075-8<\/td>\n<\/tr>\n<tr>\n<td>200,250 OPTIMAX (25\u201d)<\/td>\n<td>200 &#8211; 300hp<\/td>\n<td>MA 075-9<\/td>\n<\/tr>\n<tr>\n<td>225 OPTIMAX (20\/25\u201d)<\/td>\n<td>200 &#8211; 300hp<\/td>\n<td>MA 075-9<\/td>\n<\/tr>\n<tr>\n<td>150 OPTIMAX PRO XS (20\/25\u201d)<\/td>\n<td>200 &#8211; 300hp<\/td>\n<td>MA 075-9<\/td>\n<\/tr>\n<tr>\n<td>175 OPTIMAX PRO XS (20\/25\u201d)<\/td>\n<td>200 &#8211; 300hp<\/td>\n<td>MA 075-9<\/td>\n<\/tr>\n<tr>\n<td>200 OPTIMAX PRO XS (20\/25\u201d)<\/td>\n<td>200 &#8211; 300hp<\/td>\n<td>MA 075-9<\/td>\n<\/tr>\n<tr>\n<td>225 OPTIMAX PRO XS (20\/25\u201d)<\/td>\n<td>200 &#8211; 300hp<\/td>\n<td>MA 075-9<\/td>\n<\/tr>\n<tr>\n<td>250 OPTIMAX PRO XS (20\/25\u201d<\/td>\n<td>200 &#8211; 300hp<\/td>\n<td>MA 075-9<\/td>\n<\/tr>\n<tr>\n<td>225, 300 VERADO (20\/25\u201d)<\/td>\n<td>200 &#8211; 300hp<\/td>\n<td>MA 075-9<\/td>\n<\/tr>\n<tr>\n<td>350 VERADO (20\/25\u201d)<\/td>\n<td>200 &#8211; 300hp<\/td>\n<td>MA 075-9<\/td>\n<\/tr>\n<tr>\n<td>250 VERADO (25\u201d)<\/td>\n<td>200 &#8211; 300hp<\/td>\n<td>MA 075-9<\/td>\n<\/tr>\n<tr>\n<td>200 VERADO (30\u201d)<\/td>\n<td>200 &#8211; 300hp<\/td>\n<td>MA 075-9<\/td>\n<\/tr>\n<tr>\n<td>250 VERADO (30\u201d)<\/td>\n<td>200 &#8211; 300hp<\/td>\n<td>MA 075-9<\/td>\n<\/tr>\n<tr>\n<td>300 VERADO PRO (20\/25\u201d)<\/td>\n<td>200 &#8211; 300hp<\/td>\n<td>MA 075-9<\/td>\n<\/tr>\n<tr>\n<td>250 OPTIMAX (30\u201d)<\/td>\n<td>200 &#8211; 300hp (Long Leg)<\/td>\n<td>MA 075-9L<\/td>\n<\/tr>\n<tr>\n<td>225,250 VERADO (30\u201d)<\/td>\n<td>200 &#8211; 300hp (Long Leg)<\/td>\n<td>MA 075-9L<\/td>\n<\/tr>\n<tr>\n<td>300,350 VERADO (30\u201d)<\/td>\n<td>200 &#8211; 300hp (Long Leg)<\/td>\n<td>MA 075-9L<\/td>\n<\/tr>\n<\/tbody>\n<\/table>\n<h1>Tabula HONDA:<\/h1>\n<table class=\"ocean brand-table\" style=\"height: 308px;\" width=\"1107\">\n<tbody>\n<tr>\n<th>Dzin\u0113ji (v\u0101rpstas garums)<\/th>\n<th>Univers\u0101la izm\u0113ra piem\u0113rots<\/th>\n<th>SKU<\/th>\n<\/tr>\n<tr>\n<td>BF2.3 (15&#8243;)<\/td>\n<td>Up to 3.5hp<\/td>\n<td>MA 075-1<\/td>\n<\/tr>\n<tr>\n<td>BF2.3 (20&#8243;)<\/td>\n<td>3.5 &#8211; 15hp<\/td>\n<td>MA 075-2<\/td>\n<\/tr>\n<tr>\n<td>BF5 (15\/20&#8243;)<\/td>\n<td>3.5 &#8211; 15hp<\/td>\n<td>MA 075-2<\/td>\n<\/tr>\n<tr>\n<td>BF8 (15\/20&#8243;)<\/td>\n<td>8 &#8211; 20hp<\/td>\n<td>MA 075-3<\/td>\n<\/tr>\n<tr>\n<td>BF9.9 (15\/20&#8243;)<\/td>\n<td>8 &#8211; 20hp<\/td>\n<td>MA 075-3<\/td>\n<\/tr>\n<tr>\n<td>BF9.9 (25&#8243;)<\/td>\n<td>9.9 &#8211; 30hp<\/td>\n<td>MA 075-4<\/td>\n<\/tr>\n<tr>\n<td>BF15 (25&#8243;)<\/td>\n<td>9.9 &#8211; 30hp<\/td>\n<td>MA 075-4<\/td>\n<\/tr>\n<tr>\n<td>BF20 (25&#8243;)<\/td>\n<td>9.9 &#8211; 30hp<\/td>\n<td>MA 075-4<\/td>\n<\/tr>\n<tr>\n<td>BF25 (15\/20&#8243;)<\/td>\n<td>25 &#8211; 60hp<\/td>\n<td>MA 075-5<\/td>\n<\/tr>\n<tr>\n<td>BF30 (15\/20&#8243;)<\/td>\n<td>25 &#8211; 60hp<\/td>\n<td>MA 075-5<\/td>\n<\/tr>\n<tr>\n<td>BF40 (20&#8243;)<\/td>\n<td>40 &#8211; 100hp<\/td>\n<td>MA 075-6<\/td>\n<\/tr>\n<\/tbody>\n<\/table>\n<h1>Tabula\u00a0YAMAHA:<\/h1>\n<table class=\"ocean brand-table\" style=\"height: 671px;\" width=\"1109\">\n<tbody>\n<tr>\n<th>Dzin\u0113ji (v\u0101rpstas garums)<\/th>\n<th>Univers\u0101la izm\u0113ra piem\u0113rots<\/th>\n<th>SKU<\/th>\n<\/tr>\n<tr>\n<td>F2.5 (15&#8243;)<\/td>\n<td>Up to 3.5hp<\/td>\n<td>MA 075-1<\/td>\n<\/tr>\n<tr>\n<td>F4, F6 (15\/20&#8243;)<\/td>\n<td>3.5 &#8211; 15hp<\/td>\n<td>MA 075-2<\/td>\n<\/tr>\n<tr>\n<td>F8, F9.9 (15\/20&#8243;)<\/td>\n<td>8 &#8211; 20hp<\/td>\n<td>MA 075-3<\/td>\n<\/tr>\n<tr>\n<td>T9.9 HIGH THRUST (20&#8243;)<\/td>\n<td>8 &#8211; 20hp<\/td>\n<td>MA 075-3<\/td>\n<\/tr>\n<tr>\n<td>T9.9 HIGH THRUST (25&#8243;)<\/td>\n<td>9.9 &#8211; 30hp<\/td>\n<td>MA 075-4<\/td>\n<\/tr>\n<tr>\n<td>F15, F20 (15\/20&#8243;)<\/td>\n<td>9.9 &#8211; 30hp<\/td>\n<td>MA 075-4<\/td>\n<\/tr>\n<tr>\n<td>F25 (15\/20&#8243;)<\/td>\n<td>25 &#8211; 60hp<\/td>\n<td>MA 075-5<\/td>\n<\/tr>\n<tr>\n<td>T25 HIGH THRUST (20&#8243;)<\/td>\n<td>25 &#8211; 60hp<\/td>\n<td>MA 075-5<\/td>\n<\/tr>\n<tr>\n<td>F30, F40, F50, F60, F70, F75, F80, F90 (20&#8243;)<\/td>\n<td>40 &#8211; 100hp<\/td>\n<td>MA 075-6<\/td>\n<\/tr>\n<tr>\n<td>T50, T60 (20&#8243;)<\/td>\n<td>40 &#8211; 100hp<\/td>\n<td>MA 075-6<\/td>\n<\/tr>\n<tr>\n<td>HIGH THRUST (20&#8243;)<\/td>\n<td>40 &#8211; 100hp<\/td>\n<td>MA 075-6<\/td>\n<\/tr>\n<tr>\n<td>F60 JET DRIVE (25&#8243;)<\/td>\n<td>40 &#8211; 100hp<\/td>\n<td>MA 075-6<\/td>\n<\/tr>\n<tr>\n<td>F100D (20\u201d)<\/td>\n<td>40 &#8211; 100hp<\/td>\n<td>MA 075-6<\/td>\n<\/tr>\n<tr>\n<td>F80, F90, F100D (25\u201d)<\/td>\n<td>70 &#8211; 150hp<\/td>\n<td>MA 075-7<\/td>\n<\/tr>\n<tr>\n<td>F115, F150 (20\/25\u201d)<\/td>\n<td>70 &#8211; 150hp<\/td>\n<td>MA 075-7<\/td>\n<\/tr>\n<tr>\n<td>F90, F115, F150 JET DRIVE (25\u201d)<\/td>\n<td>70 &#8211; 150hp<\/td>\n<td>MA 075-7<\/td>\n<\/tr>\n<tr>\n<td>VF115 VMAX SHO (20\u201d)<\/td>\n<td>70 &#8211; 150hp<\/td>\n<td>MA 075-7<\/td>\n<\/tr>\n<tr>\n<td>F175, F200 (20\/25\u201d)<\/td>\n<td>135 &#8211; 250hp<\/td>\n<td>MA 075-8<\/td>\n<\/tr>\n<tr>\n<td>VF150, VF175, VMAX SHO (20\/25\u201d)<\/td>\n<td>135 &#8211; 250hp<\/td>\n<td>MA 075-8<\/td>\n<\/tr>\n<tr>\n<td>200 V6, F225 V6, F250 V6 (25\u201d)<\/td>\n<td>200 &#8211; 300hp<\/td>\n<td>MA 075-9<\/td>\n<\/tr>\n<tr>\n<td>F225, F250, F300 OFFSHORE (25\u201d)<\/td>\n<td>200 &#8211; 300hp<\/td>\n<td>MA 075-9<\/td>\n<\/tr>\n<tr>\n<td>VF200, VF225, VMAX SHO (20\u201d)<\/td>\n<td>200 &#8211; 300hp<\/td>\n<td>MA 075-9<\/td>\n<\/tr>\n<tr>\n<td>VF250 VMAX SHO (20\/25\u201d)<\/td>\n<td>200 &#8211; 300hp<\/td>\n<td>MA 075-9<\/td>\n<\/tr>\n<tr>\n<td>F250 OFFSHORE, F300 OFFSHORE (30\u201d)<\/td>\n<td>200 &#8211; 300hp<\/td>\n<td>MA 075-9L<\/td>\n<\/tr>\n<\/tbody>\n<\/table>\n<h1>Tabula EVINRUDE:<\/h1>\n<table class=\"ocean brand-table\" style=\"height: 543px;\" width=\"1109\">\n<tbody>\n<tr>\n<th>Dzin\u0113ji (v\u0101rpstas garums)<\/th>\n<th>Univers\u0101la izm\u0113ra piem\u0113rots<\/th>\n<th>SKU<\/th>\n<\/tr>\n<tr>\n<td>3.5 (15\u201d)<\/td>\n<td>Up to 3.5hp<\/td>\n<td>MA 075-1<\/td>\n<\/tr>\n<tr>\n<td>4, 6 (15\/20\u201d)<\/td>\n<td>3.5 &#8211; 6hp<\/td>\n<td>MA 075-2<\/td>\n<\/tr>\n<tr>\n<td>8, 9.8 (15\/20\u201d)<\/td>\n<td>8 &#8211; 20hp<\/td>\n<td>MA 075-3<\/td>\n<\/tr>\n<tr>\n<td>9.8 (25\u201d)<\/td>\n<td>9.9 &#8211; 30hp<\/td>\n<td>MA 075-4<\/td>\n<\/tr>\n<tr>\n<td>15, 25, 30 (15\/20\u201d)<\/td>\n<td>9.9 &#8211; 30hp<\/td>\n<td>MA 075-4<\/td>\n<\/tr>\n<tr>\n<td>40, 50, 60 (20\u201d)<\/td>\n<td>25 &#8211; 60hp<\/td>\n<td>MA 075-5<\/td>\n<\/tr>\n<tr>\n<td>75, 90 (25\u201d)<\/td>\n<td>40 &#8211; 100hp<\/td>\n<td>MA 075-6<\/td>\n<\/tr>\n<tr>\n<td>75, 90 (25\u201d)<\/td>\n<td>70 &#8211; 150hp<\/td>\n<td>MA 075-7<\/td>\n<\/tr>\n<tr>\n<td>115, 130, 150, 175 (20\/25\u201d)<\/td>\n<td>70 &#8211; 150hp<\/td>\n<td>MA 075-7<\/td>\n<\/tr>\n<tr>\n<td>90 H.O, 115 H.O, 135 H.O, 150 H.O (20\/25\u201d)<\/td>\n<td>70 &#8211; 150hp<\/td>\n<td>MA 075-7<\/td>\n<\/tr>\n<tr>\n<td>200, 225, 250 (20\/25\u201d)<\/td>\n<td>135 &#8211; 250hp<\/td>\n<td>MA 075-8<\/td>\n<\/tr>\n<tr>\n<td>200 H.O, 225 H.O (20\/25\u201d)<\/td>\n<td>135 &#8211; 250hp<\/td>\n<td>MA 075-8<\/td>\n<\/tr>\n<tr>\n<td>225 H.O. (20\/25\u201d)<\/td>\n<td>200 &#8211; 300hp<\/td>\n<td>MA 075-9<\/td>\n<\/tr>\n<tr>\n<td>300 (20\/25\u201d)<\/td>\n<td>200 &#8211; 300hp<\/td>\n<td>MA 075-9<\/td>\n<\/tr>\n<tr>\n<td>E-TEC G2 200-300 hp (20\/25\u201d)<\/td>\n<td>200 &#8211; 300hp<\/td>\n<td>MA 075-9<\/td>\n<\/tr>\n<tr>\n<td>250, 300 (30\u201d)<\/td>\n<td>200 &#8211; 300hp<\/td>\n<td>MA 075-9L<\/td>\n<\/tr>\n<tr>\n<td>E-TEC G2 200-300 hp (30\u201d)<\/td>\n<td>200 &#8211; 300hp<\/td>\n<td>MA 075-9L<\/td>\n<\/tr>\n<\/tbody>\n<\/table>\n","protected":false},"excerpt":{"rendered":"<p>Izstr\u0101d\u0101ts, lai aizsarg\u0101tu dzin\u0113ja p\u0101rsegu no putek\u013ciem, net\u012brumiem un kait\u012bgiem UV stariem. \u0160is lieljaudas p\u0101rsegs ir piem\u0113rots 2 un 4 taktu dzin\u0113jiem no 2,5 ZS l\u012bdz 350 ZS. Lieliski piem\u0113rots piln\u012bgai aizsardz\u012bbai pret \u016bdeni, sauli vai net\u012brumiem, transport\u0113jot piekabi vai uzglab\u0101jot. Tabula SUZUKI: Dzin\u0113ji (v\u0101rpstas garums) Univers\u0101la izm\u0113ra piem\u0113rots SKU DF2.5 (15&#8243;) Up to 3.5hp [&hellip;]<\/p>\n","protected":false},"featured_media":21491,"comment_status":"open","ping_status":"closed","template":"","meta":[],"product_brand":[],"product_cat":[264,664],"product_tag":[],"class_list":{"0":"post-21490","1":"product","2":"type-product","3":"status-publish","4":"has-post-thumbnail","6":"product_cat-laivas-motora-aksesuari","7":"product_cat-laivu-parsegi","9":"first","10":"instock","11":"taxable","12":"shipping-taxable","13":"purchasable","14":"product-type-variable"},"jetpack_sharing_enabled":true,"_links":{"self":[{"href":"https:\/\/shop.bushboats.com\/index.php\/wp-json\/wp\/v2\/product\/21490","targetHints":{"allow":["GET"]}}],"collection":[{"href":"https:\/\/shop.bushboats.com\/index.php\/wp-json\/wp\/v2\/product"}],"about":[{"href":"https:\/\/shop.bushboats.com\/index.php\/wp-json\/wp\/v2\/types\/product"}],"replies":[{"embeddable":true,"href":"https:\/\/shop.bushboats.com\/index.php\/wp-json\/wp\/v2\/comments?post=21490"}],"wp:featuredmedia":[{"embeddable":true,"href":"https:\/\/shop.bushboats.com\/index.php\/wp-json\/wp\/v2\/media\/21491"}],"wp:attachment":[{"href":"https:\/\/shop.bushboats.com\/index.php\/wp-json\/wp\/v2\/media?parent=21490"}],"wp:term":[{"taxonomy":"product_brand","embeddable":true,"href":"https:\/\/shop.bushboats.com\/index.php\/wp-json\/wp\/v2\/product_brand?post=21490"},{"taxonomy":"product_cat","embeddable":true,"href":"https:\/\/shop.bushboats.com\/index.php\/wp-json\/wp\/v2\/product_cat?post=21490"},{"taxonomy":"product_tag","embeddable":true,"href":"https:\/\/shop.bushboats.com\/index.php\/wp-json\/wp\/v2\/product_tag?post=21490"}],"curies":[{"name":"wp","href":"https:\/\/api.w.org\/{rel}","templated":true}]}}