{"id":21703,"date":"2024-08-06T23:05:02","date_gmt":"2024-08-06T20:05:02","guid":{"rendered":"https:\/\/shop.bushboats.com\/?post_type=product&#038;p=21703"},"modified":"2026-03-17T17:49:42","modified_gmt":"2026-03-17T15:49:42","slug":"kapteina-laivas-sedeklis","status":"publish","type":"product","link":"https:\/\/shop.bushboats.com\/index.php\/produkts\/kapteina-laivas-sedeklis\/","title":{"rendered":"Kaptei\u0146a laivas s\u0113deklis"},"content":{"rendered":"<p>Salok\u0101ms s\u0113deklis ar 3 pane\u013ciem.<\/p>\n<p>Izgatavoti no augstas iedarb\u012bbas, ar UV stariem apstr\u0101d\u0101ta polim\u0113ra, Oceansouth saliekamie aizmugures s\u0113dek\u013ci ar aizmuguri, un tos var kompakti saloc\u012bt ce\u013co\u0161anai vai uzglab\u0101\u0161anai.<\/p>\n<p>L\u0101zera griezuma putu spilvens \u0113rtai un aizmugur\u0113j\u0101s kabatas novieto\u0161anai aizmugur\u0113.<\/p>\n<p>Skipper Boat Seats UVN iztur\u012bgs audums no OMNOVA.<\/p>\n<p>Profesion\u0101li piel\u0101goti aug\u0161pus\u0113 sa\u0161\u016bti 3 pane\u013cu dizaini.<\/p>\n<p>Aizmugur\u0113j\u0101 kr\u0101tuve aizmugur\u0113.<\/p>\n<p>Bl\u012bvi l\u0101zera griezuma putu spilveni.<\/p>\n<p>Piem\u0113rots standarta 7 collu \u0161arn\u012briem vai Titan Swivel.<\/p>\n<p>S\u0113dek\u013ca izm\u0113ri:<\/p>\n<p>Augstums: 46 cm<br \/>\nPlatums: 50 cm<br \/>\nDzi\u013cums: 47 cm<br \/>\nS\u0113dek\u013ca dzi\u013cums: 43 cm<\/p>\n<div class=\"row\">\n<div class=\"col-lg-12\">\n<div class=\"widget widget-wysiwyg_editor\">\n<div class=\"single-content\">\n<h5>APRAKSTS<\/h5>\n<\/div>\n<\/div>\n<\/div>\n<\/div>\n<div class=\"row\">\n<div class=\"col-lg-6 mt-4\">\n<div class=\"widget widget-image d-block m-auto\"><\/div>\n<\/div>\n<div class=\"col-lg-6 mt-4\">\n<div class=\"widget widget-wysiwyg_editor\">\n<div class=\"single-content\">\n<p><img data-recalc-dims=\"1\" fetchpriority=\"high\" decoding=\"async\" class=\"alignnone size-medium wp-image-73534\" src=\"https:\/\/i0.wp.com\/oceansouth.com\/wp-content\/uploads\/2016\/08\/703D-600x225.png?resize=600%2C225&#038;ssl=1\" sizes=\"(max-width: 600px) 100vw, 600px\" srcset=\"https:\/\/oceansouth.com\/wp-content\/uploads\/2016\/08\/703D-600x225.png 600w, https:\/\/oceansouth.com\/wp-content\/uploads\/2016\/08\/703D-768x288.png 768w, https:\/\/oceansouth.com\/wp-content\/uploads\/2016\/08\/703D.png 1200w\" alt=\"\" width=\"600\" height=\"225\" \/><\/p>\n<p>&nbsp;<\/p>\n<table class=\"ocean\" style=\"height: 158px;\" width=\"711\">\n<tbody>\n<tr>\n<th>SKU<\/th>\n<th>APRAKSTS<\/th>\n<th>KR\u0100SA<\/th>\n<\/tr>\n<tr>\n<td>MA 703-31<\/td>\n<td>Salok\u0101ms s\u0113deklis ar 3 pane\u013cu polster\u0113jumu<\/td>\n<td>Zils\/Balts<\/td>\n<\/tr>\n<tr>\n<td>MA 703-32<\/td>\n<td>Salok\u0101ms s\u0113deklis ar 3 pane\u013cu polster\u0113jumu<\/td>\n<td>Pel\u0113ks\/Balts<\/td>\n<\/tr>\n<tr>\n<td>MA 703-33<\/td>\n<td>Salok\u0101ms s\u0113deklis ar 3 pane\u013cu polster\u0113jumu<\/td>\n<td>Pel\u0113ks\/ogles<\/td>\n<\/tr>\n<tr>\n<td>MA 703-52<\/td>\n<td>Salok\u0101ms s\u0113deklis ar 3 pane\u013cu polster\u0113jumu<\/td>\n<td>Balts\/pel\u0113ks<\/td>\n<\/tr>\n<\/tbody>\n<\/table>\n<\/div>\n<\/div>\n<\/div>\n<\/div>\n<div class=\"row\">\n<div class=\"col-lg-12\">\n<div class=\"widget widget-wysiwyg_editor\">\n<div class=\"single-content\">\n<h5>AUDUMS<br \/>\nINFORM\u0100CIJAS<\/h5>\n<hr class=\"\" \/>\n<\/div>\n<\/div>\n<\/div>\n<\/div>\n<div class=\"row\">\n<div class=\"col-lg-6 my-auto\">\n<div class=\"widget widget-image d-block m-auto\">\n<div><img data-recalc-dims=\"1\" decoding=\"async\" class=\"d-block d-block m-auto\" src=\"https:\/\/i0.wp.com\/oceansouth.com\/wp-content\/uploads\/2022\/03\/omnova-fabric.jpg?w=1290&#038;ssl=1\" alt=\"Omnova Fabrics Banner\" \/><\/div>\n<\/div>\n<\/div>\n<div class=\"col-lg-6 my-auto\">\n<div class=\"widget widget-wysiwyg_editor\">\n<div class=\"single-content\">\n<table border=\"1\" cellpadding=\"20\">\n<tbody>\n<tr>\n<td><strong>Weight<\/strong><\/td>\n<td>900 g\/m2<\/td>\n<\/tr>\n<tr>\n<td><strong>Composition<\/strong><\/td>\n<td>PVC<\/td>\n<\/tr>\n<tr>\n<td><b>Backing<\/b><\/td>\n<td>Polyester Knit<\/td>\n<\/tr>\n<tr>\n<td><strong>Martindale Test<\/strong><\/td>\n<td>&gt;60.000 Rubs Wyzenbeek<\/td>\n<\/tr>\n<tr>\n<td><strong>Flame Retardant UK<\/strong><\/td>\n<td>BS 5852, deel 1 volgens ISO 8191-1<\/td>\n<\/tr>\n<tr>\n<td><strong>Flame Retardant USA<\/strong><\/td>\n<td>California Technical Bulletin 117 Sec. E<\/td>\n<\/tr>\n<tr>\n<td><b>QUV<\/b><\/td>\n<td>650 Hours<\/td>\n<\/tr>\n<tr>\n<td><b>UV Protection Factor<\/b><\/td>\n<td>UPF 50+<br \/>\n(measured value &gt; UPF 80)<\/td>\n<\/tr>\n<\/tbody>\n<\/table>\n<\/div>\n<\/div>\n<\/div>\n<\/div>\n","protected":false},"excerpt":{"rendered":"<p>Salok\u0101ms s\u0113deklis ar 3 pane\u013ciem. Izgatavoti no augstas iedarb\u012bbas, ar UV stariem apstr\u0101d\u0101ta polim\u0113ra, Oceansouth saliekamie aizmugures s\u0113dek\u013ci ar aizmuguri, un tos var kompakti saloc\u012bt ce\u013co\u0161anai vai uzglab\u0101\u0161anai. L\u0101zera griezuma putu spilvens \u0113rtai un aizmugur\u0113j\u0101s kabatas novieto\u0161anai aizmugur\u0113. Skipper Boat Seats UVN iztur\u012bgs audums no OMNOVA. Profesion\u0101li piel\u0101goti aug\u0161pus\u0113 sa\u0161\u016bti 3 pane\u013cu dizaini. Aizmugur\u0113j\u0101 kr\u0101tuve [&hellip;]<\/p>\n","protected":false},"featured_media":21704,"comment_status":"open","ping_status":"closed","template":"","meta":[],"product_brand":[],"product_cat":[652,54,658],"product_tag":[],"class_list":{"0":"post-21703","1":"product","2":"type-product","3":"status-publish","4":"has-post-thumbnail","6":"product_cat-klaja-aprikojums","7":"product_cat-accessories","8":"product_cat-sedekli-mehanismi","10":"first","11":"instock","12":"taxable","13":"shipping-taxable","14":"purchasable","15":"product-type-variable"},"jetpack_sharing_enabled":true,"_links":{"self":[{"href":"https:\/\/shop.bushboats.com\/index.php\/wp-json\/wp\/v2\/product\/21703","targetHints":{"allow":["GET"]}}],"collection":[{"href":"https:\/\/shop.bushboats.com\/index.php\/wp-json\/wp\/v2\/product"}],"about":[{"href":"https:\/\/shop.bushboats.com\/index.php\/wp-json\/wp\/v2\/types\/product"}],"replies":[{"embeddable":true,"href":"https:\/\/shop.bushboats.com\/index.php\/wp-json\/wp\/v2\/comments?post=21703"}],"wp:featuredmedia":[{"embeddable":true,"href":"https:\/\/shop.bushboats.com\/index.php\/wp-json\/wp\/v2\/media\/21704"}],"wp:attachment":[{"href":"https:\/\/shop.bushboats.com\/index.php\/wp-json\/wp\/v2\/media?parent=21703"}],"wp:term":[{"taxonomy":"product_brand","embeddable":true,"href":"https:\/\/shop.bushboats.com\/index.php\/wp-json\/wp\/v2\/product_brand?post=21703"},{"taxonomy":"product_cat","embeddable":true,"href":"https:\/\/shop.bushboats.com\/index.php\/wp-json\/wp\/v2\/product_cat?post=21703"},{"taxonomy":"product_tag","embeddable":true,"href":"https:\/\/shop.bushboats.com\/index.php\/wp-json\/wp\/v2\/product_tag?post=21703"}],"curies":[{"name":"wp","href":"https:\/\/api.w.org\/{rel}","templated":true}]}}