{"id":21753,"date":"2024-08-06T23:19:40","date_gmt":"2024-08-06T20:19:40","guid":{"rendered":"https:\/\/shop.bushboats.com\/?post_type=product&#038;p=21753"},"modified":"2026-04-04T10:52:30","modified_gmt":"2026-04-04T07:52:30","slug":"sedekla-grozamaj-mehanisms-175mm","status":"publish","type":"product","link":"https:\/\/shop.bushboats.com\/index.php\/produkts\/sedekla-grozamaj-mehanisms-175mm\/","title":{"rendered":"S\u0112DEK\u013bA GROZ\u0100MAJ MEHANISMS 175MM"},"content":{"rendered":"<div class=\"parameters\">\n<div class=\"parameter\">\n<div class=\"parameter__name\">Izm\u0113rs: 175mm<\/div>\n<\/div>\n<\/div>\n<div class=\"product-info\">\n<p>Kr\u0101sotas met\u0101la \u0161arn\u012bra pamatne 7 &#8220;diagon\u0101le.<\/p>\n<p>Piem\u0113ro liel\u0101ko da\u013cu standarta s\u0113dek\u013cu un pjedest\u0101lu.<\/p>\n<p>Nylon slide runner.<\/p>\n<p>Melns EDC p\u0101rkl\u0101ts t\u0113rauds aizsarg\u0101 pret koroziju.<\/p>\n<p><img data-recalc-dims=\"1\" decoding=\"async\" class=\"alignnone size-full wp-image-73544 entered lazyloaded\" src=\"https:\/\/i0.wp.com\/oceansouth.com\/wp-content\/uploads\/2016\/08\/SwivelDimension.jpg?resize=197%2C160&#038;ssl=1\" alt=\"\" width=\"197\" height=\"160\" data-lazy-src=\"https:\/\/i0.wp.com\/oceansouth.com\/wp-content\/uploads\/2016\/08\/SwivelDimension.jpg?ssl=1\" data-ll-status=\"loaded\" \/><\/p>\n<\/div>\n","protected":false},"excerpt":{"rendered":"<p>Izm\u0113rs: 175mm Kr\u0101sotas met\u0101la \u0161arn\u012bra pamatne 7 &#8220;diagon\u0101le. Piem\u0113ro liel\u0101ko da\u013cu standarta s\u0113dek\u013cu un pjedest\u0101lu. Nylon slide runner. Melns EDC p\u0101rkl\u0101ts t\u0113rauds aizsarg\u0101 pret koroziju.<\/p>\n","protected":false},"featured_media":21754,"comment_status":"open","ping_status":"closed","template":"","meta":[],"product_brand":[],"product_cat":[652,54,658],"product_tag":[],"class_list":{"0":"post-21753","1":"product","2":"type-product","3":"status-publish","4":"has-post-thumbnail","6":"product_cat-klaja-aprikojums","7":"product_cat-accessories","8":"product_cat-sedekli-mehanismi","10":"first","11":"instock","12":"taxable","13":"shipping-taxable","14":"purchasable","15":"product-type-simple"},"jetpack_sharing_enabled":true,"_links":{"self":[{"href":"https:\/\/shop.bushboats.com\/index.php\/wp-json\/wp\/v2\/product\/21753","targetHints":{"allow":["GET"]}}],"collection":[{"href":"https:\/\/shop.bushboats.com\/index.php\/wp-json\/wp\/v2\/product"}],"about":[{"href":"https:\/\/shop.bushboats.com\/index.php\/wp-json\/wp\/v2\/types\/product"}],"replies":[{"embeddable":true,"href":"https:\/\/shop.bushboats.com\/index.php\/wp-json\/wp\/v2\/comments?post=21753"}],"wp:featuredmedia":[{"embeddable":true,"href":"https:\/\/shop.bushboats.com\/index.php\/wp-json\/wp\/v2\/media\/21754"}],"wp:attachment":[{"href":"https:\/\/shop.bushboats.com\/index.php\/wp-json\/wp\/v2\/media?parent=21753"}],"wp:term":[{"taxonomy":"product_brand","embeddable":true,"href":"https:\/\/shop.bushboats.com\/index.php\/wp-json\/wp\/v2\/product_brand?post=21753"},{"taxonomy":"product_cat","embeddable":true,"href":"https:\/\/shop.bushboats.com\/index.php\/wp-json\/wp\/v2\/product_cat?post=21753"},{"taxonomy":"product_tag","embeddable":true,"href":"https:\/\/shop.bushboats.com\/index.php\/wp-json\/wp\/v2\/product_tag?post=21753"}],"curies":[{"name":"wp","href":"https:\/\/api.w.org\/{rel}","templated":true}]}}