{"id":21760,"date":"2024-08-06T23:26:40","date_gmt":"2024-08-06T20:26:40","guid":{"rendered":"https:\/\/shop.bushboats.com\/?post_type=product&#038;p=21760"},"modified":"2026-04-06T16:05:15","modified_gmt":"2026-04-06T13:05:15","slug":"grozamajs-mehanisms-oceansouth-top-base","status":"publish","type":"product","link":"https:\/\/shop.bushboats.com\/index.php\/produkts\/grozamajs-mehanisms-oceansouth-top-base\/","title":{"rendered":"GROZ\u0100MAJS MEHANISMS OCEANSOUTH TOP &#038; BASE"},"content":{"rendered":"<p>Titan Swivel &#8211; Top &amp; Base no\u0146emams un \u0101trs atvienojums<\/p>\n<p>2 gab. No\u0146emams laivas s\u0113deklis groz\u0101ms. Laivas s\u0113deklis Groz\u0101mais sast\u0101v no div\u0101m da\u013c\u0101m &#8211; Top &amp; Base<\/p>\n<p>Laivas s\u0113dek\u013ca groz\u0101mais aug\u0161\u0113jais un zemais 7 &#8220;(175 mm) s\u0113dek\u013ca grozs un pamatne<\/p>\n<p>Iztur\u012bga no stingriem pa\u0161e\u013c\u013cojo\u0161iem polim\u0113riem<\/p>\n<p>Enkuri blo\u0137\u0113 pamatni uz alum\u012bnija stenda viet\u0101m<\/p>\n<p><img data-recalc-dims=\"1\" fetchpriority=\"high\" decoding=\"async\" class=\"aligncenter wp-image-60038 size-full d-block m-auto entered lazyloaded\" src=\"https:\/\/i0.wp.com\/oceansouth.com\/wp-content\/uploads\/2016\/08\/MA765_instructions.jpg?resize=941%2C227&#038;ssl=1\" alt=\"Titan Swivel - Top &amp; Base Instructions\" width=\"941\" height=\"227\" data-lazy-src=\"https:\/\/i0.wp.com\/oceansouth.com\/wp-content\/uploads\/2016\/08\/MA765_instructions.jpg?ssl=1\" data-ll-status=\"loaded\" \/><\/p>\n<p>&nbsp;<\/p>\n","protected":false},"excerpt":{"rendered":"<p>Titan Swivel &#8211; Top &amp; Base no\u0146emams un \u0101trs atvienojums 2 gab. No\u0146emams laivas s\u0113deklis groz\u0101ms. Laivas s\u0113deklis Groz\u0101mais sast\u0101v no div\u0101m da\u013c\u0101m &#8211; Top &amp; Base Laivas s\u0113dek\u013ca groz\u0101mais aug\u0161\u0113jais un zemais 7 &#8220;(175 mm) s\u0113dek\u013ca grozs un pamatne Iztur\u012bga no stingriem pa\u0161e\u013c\u013cojo\u0161iem polim\u0113riem Enkuri blo\u0137\u0113 pamatni uz alum\u012bnija stenda viet\u0101m &nbsp;<\/p>\n","protected":false},"featured_media":21761,"comment_status":"open","ping_status":"closed","template":"","meta":[],"product_brand":[],"product_cat":[652,54,658],"product_tag":[],"class_list":{"0":"post-21760","1":"product","2":"type-product","3":"status-publish","4":"has-post-thumbnail","6":"product_cat-klaja-aprikojums","7":"product_cat-accessories","8":"product_cat-sedekli-mehanismi","10":"first","11":"instock","12":"taxable","13":"shipping-taxable","14":"purchasable","15":"product-type-simple"},"jetpack_sharing_enabled":true,"_links":{"self":[{"href":"https:\/\/shop.bushboats.com\/index.php\/wp-json\/wp\/v2\/product\/21760","targetHints":{"allow":["GET"]}}],"collection":[{"href":"https:\/\/shop.bushboats.com\/index.php\/wp-json\/wp\/v2\/product"}],"about":[{"href":"https:\/\/shop.bushboats.com\/index.php\/wp-json\/wp\/v2\/types\/product"}],"replies":[{"embeddable":true,"href":"https:\/\/shop.bushboats.com\/index.php\/wp-json\/wp\/v2\/comments?post=21760"}],"wp:featuredmedia":[{"embeddable":true,"href":"https:\/\/shop.bushboats.com\/index.php\/wp-json\/wp\/v2\/media\/21761"}],"wp:attachment":[{"href":"https:\/\/shop.bushboats.com\/index.php\/wp-json\/wp\/v2\/media?parent=21760"}],"wp:term":[{"taxonomy":"product_brand","embeddable":true,"href":"https:\/\/shop.bushboats.com\/index.php\/wp-json\/wp\/v2\/product_brand?post=21760"},{"taxonomy":"product_cat","embeddable":true,"href":"https:\/\/shop.bushboats.com\/index.php\/wp-json\/wp\/v2\/product_cat?post=21760"},{"taxonomy":"product_tag","embeddable":true,"href":"https:\/\/shop.bushboats.com\/index.php\/wp-json\/wp\/v2\/product_tag?post=21760"}],"curies":[{"name":"wp","href":"https:\/\/api.w.org\/{rel}","templated":true}]}}