{"id":21791,"date":"2024-08-07T00:01:05","date_gmt":"2024-08-06T21:01:05","guid":{"rendered":"https:\/\/shop.bushboats.com\/?post_type=product&#038;p=21791"},"modified":"2025-01-27T10:17:51","modified_gmt":"2025-01-27T08:17:51","slug":"pjedestals-oceansouth-ekonomiska-sedekla-pamatne-grozams-augsejais","status":"publish","type":"product","link":"https:\/\/shop.bushboats.com\/index.php\/produkts\/pjedestals-oceansouth-ekonomiska-sedekla-pamatne-grozams-augsejais\/","title":{"rendered":"PJEDEST\u0100LS OCEANSOUTH Ekonomisk\u0101 s\u0113dek\u013ca pamatne \u2013 groz\u0101ms aug\u0161\u0113jais"},"content":{"rendered":"<blockquote><p>Oceansouth Boat Seat Economy pjedest\u0101la \u0161ahta, kas izgatavota no alum\u012bnija. Piem\u0113rots liel\u0101kajai da\u013cai standarta s\u0113dek\u013cu.<\/p><\/blockquote>\n<p>Groz\u0101mais aug\u0161da\u013ca.<br \/>\nAug\u0161\u0113j\u0101s un pamatnes diagon\u0101les izm\u0113rs \u2013 7 collas (177 mm)<br \/>\nAlum\u012bnija caurules diametrs \u2013 \u00d876\u2033.<br \/>\nPiem\u0113rots liel\u0101kajai da\u013cai standarta s\u0113dek\u013cu.<\/p>\n<p>APRAKSTS<\/p>\n<table class=\"ocean\" style=\"height: 104px;\" width=\"574\">\n<tbody>\n<tr>\n<th>CODE<\/th>\n<th><strong>HEIGHT<\/strong><\/th>\n<\/tr>\n<tr>\n<td><strong>MA 769-1<\/strong><\/td>\n<td>178mm (7\u201d)<\/td>\n<\/tr>\n<tr>\n<td><strong>MA 769-2<\/strong><\/td>\n<td>330mm (13\u201d)<\/td>\n<\/tr>\n<\/tbody>\n<\/table>\n","protected":false},"excerpt":{"rendered":"<p>Oceansouth Boat Seat Economy pjedest\u0101la \u0161ahta, kas izgatavota no alum\u012bnija. Piem\u0113rots liel\u0101kajai da\u013cai standarta s\u0113dek\u013cu. Groz\u0101mais aug\u0161da\u013ca. Aug\u0161\u0113j\u0101s un pamatnes diagon\u0101les izm\u0113rs \u2013 7 collas (177 mm) Alum\u012bnija caurules diametrs \u2013 \u00d876\u2033. Piem\u0113rots liel\u0101kajai da\u013cai standarta s\u0113dek\u013cu. APRAKSTS CODE HEIGHT MA 769-1 178mm (7\u201d) MA 769-2 330mm (13\u201d)<\/p>\n","protected":false},"featured_media":21792,"comment_status":"open","ping_status":"closed","template":"","meta":[],"product_brand":[],"product_cat":[652,54,658],"product_tag":[],"class_list":{"0":"post-21791","1":"product","2":"type-product","3":"status-publish","4":"has-post-thumbnail","6":"product_cat-klaja-aprikojums","7":"product_cat-accessories","8":"product_cat-sedekli-mehanismi","10":"first","11":"instock","12":"taxable","13":"shipping-taxable","14":"purchasable","15":"product-type-variable"},"jetpack_sharing_enabled":true,"_links":{"self":[{"href":"https:\/\/shop.bushboats.com\/index.php\/wp-json\/wp\/v2\/product\/21791","targetHints":{"allow":["GET"]}}],"collection":[{"href":"https:\/\/shop.bushboats.com\/index.php\/wp-json\/wp\/v2\/product"}],"about":[{"href":"https:\/\/shop.bushboats.com\/index.php\/wp-json\/wp\/v2\/types\/product"}],"replies":[{"embeddable":true,"href":"https:\/\/shop.bushboats.com\/index.php\/wp-json\/wp\/v2\/comments?post=21791"}],"wp:featuredmedia":[{"embeddable":true,"href":"https:\/\/shop.bushboats.com\/index.php\/wp-json\/wp\/v2\/media\/21792"}],"wp:attachment":[{"href":"https:\/\/shop.bushboats.com\/index.php\/wp-json\/wp\/v2\/media?parent=21791"}],"wp:term":[{"taxonomy":"product_brand","embeddable":true,"href":"https:\/\/shop.bushboats.com\/index.php\/wp-json\/wp\/v2\/product_brand?post=21791"},{"taxonomy":"product_cat","embeddable":true,"href":"https:\/\/shop.bushboats.com\/index.php\/wp-json\/wp\/v2\/product_cat?post=21791"},{"taxonomy":"product_tag","embeddable":true,"href":"https:\/\/shop.bushboats.com\/index.php\/wp-json\/wp\/v2\/product_tag?post=21791"}],"curies":[{"name":"wp","href":"https:\/\/api.w.org\/{rel}","templated":true}]}}